



{"id":22317,"date":"2025-01-19T22:22:11","date_gmt":"2025-01-19T21:22:11","guid":{"rendered":"https:\/\/www.marcelina-pracownia.com\/?post_type=product&#038;p=22317"},"modified":"2025-01-25T10:55:06","modified_gmt":"2025-01-25T09:55:06","slug":"zaproszenie-slubne-w-folderze-frezje-rozowe-biale-i-niebieskie","status":"publish","type":"product","link":"https:\/\/www.marcelina-pracownia.com\/de\/product\/zaproszenie-slubne-w-folderze-frezje-rozowe-biale-i-niebieskie\/","title":{"rendered":"Hochzeitseinladung in einer Mappe - Rosa, wei\u00dfe und blaue Freesien"},"content":{"rendered":"<h1 style=\"text-align: center;\">Einladung mit Freesienmotiv in Rosa-, Wei\u00df- und Blaut\u00f6nen.<\/h1>\n<h5 style=\"text-align: center;\"><img decoding=\"async\" class=\"alignnone size-full wp-image-89\" src=\"https:\/\/www.marcelina-pracownia.com\/wp-content\/uploads\/2022\/04\/serce2.png\" alt=\"\" width=\"32\" height=\"26\" \/><\/h5>\n<p style=\"text-align: center;\"><strong>Hochzeitseinladung in einer Mappe - Rosa, wei\u00dfe und blaue Freesien.<\/strong><\/p>\n<p style=\"text-align: center;\"><strong>Hochwertige Materialien<\/strong><br \/>\nDie Einladung wird auf hochwertigem 250 g Papier gedruckt. Dank der zus\u00e4tzlichen Verleimung der einzelnen Karten kann das Gesamtgewicht der Einladung bis zu 800 g betragen. Dadurch ist die Einladung extrem steif, haltbar und f\u00fchlt sich luxuri\u00f6s an. Die Mappe und die Masterkarten wurden sorgf\u00e4ltig verarbeitet, was die hohe Qualit\u00e4t der Verarbeitung unterstreicht.<\/p>\n<p style=\"text-align: center;\"><strong>Der Bausatz enth\u00e4lt<\/strong><\/p>\n<p style=\"text-align: center;\">Mappe mit passender Kordel.<\/p>\n<p style=\"text-align: center;\">Zusatzartikel wie Eintrittskarten, Umschl\u00e4ge oder Briefumschl\u00e4ge mit grafischen Motiven k\u00f6nnen erworben werden.<\/p>\n<p style=\"text-align: center;\"><strong>Personalisierung<\/strong><br \/>\nBeliebiger Inhalt der Einladung, der auf Ihre Bed\u00fcrfnisse zugeschnitten ist. Wahl der Schriftart und Optionen f\u00fcr die Vergoldung oder Versilberung des Inhalts f\u00fcr ein elegantes Finish.<\/p>\n<p><img decoding=\"async\" class=\"size-full wp-image-89 aligncenter\" style=\"text-align: center;\" src=\"https:\/\/www.marcelina-pracownia.com\/wp-content\/uploads\/2022\/04\/serce2.png\" alt=\"\" width=\"32\" height=\"26\" \/><\/p>\n<p style=\"text-align: center;\"><strong>Warum diese Einladung?<\/strong><br \/>\nDie Einladung zeichnet sich durch ein zeitloses florales Motiv und eine luxuri\u00f6se Verarbeitung aus. Sie ist die perfekte Wahl f\u00fcr Br\u00e4ute und Br\u00e4utigame, die die Sch\u00f6nheit der Natur und hohe Qualit\u00e4t zu sch\u00e4tzen wissen.<\/p>\n<p style=\"text-align: center;\" class=\"translation-block\"><strong>Hast du Fragen?<\/strong><br>\nWenn du Unterst\u00fctzung bei der Auswahl der Zusatzoptionen ben\u00f6tigst oder mehr \u00fcber die Personalisierungsm\u00f6glichkeiten erfahren m\u00f6chtest, kontaktiere uns \u2013 wir beraten dich gerne!<\/p>","protected":false},"excerpt":{"rendered":"<p>Zaproszenie z motywem frezji w odcieniach r\u00f3\u017cu, bieli i niebieskiego. Zaproszenie \u015blubne w folderze \u2013 Frezje r\u00f3\u017cowe, bia\u0142e i niebieskie. Materia\u0142y premium Zaproszenie drukowane na wysokiej jako\u015bci papierze o gramaturze 250 g. Dzi\u0119ki zastosowaniu dodatkowego podklejenia ka\u017cdej karty gramatura ca\u0142kowita zaproszenia mo\u017ce wynosi\u0107 a\u017c do 800 g. To sprawia, \u017ce zaproszenie jest niezwykle sztywne, trwa\u0142e [&hellip;]<\/p>","protected":false},"featured_media":22388,"comment_status":"closed","ping_status":"closed","template":"","meta":{"inline_featured_image":false},"product_brand":[],"product_cat":[173,152,153,157,134],"product_tag":[],"class_list":{"0":"post-22317","1":"product","2":"type-product","3":"status-publish","4":"has-post-thumbnail","6":"product_cat-zaproszenia-slubne-w-folderze","7":"product_cat-nowosci-2025","8":"product_cat-glamour","9":"product_cat-kwiatowe","10":"product_cat-zaproszenia-slubne","12":"first","13":"instock","14":"shipping-taxable","15":"purchasable","16":"product-type-simple"},"yoast_head":"<!-- This site is optimized with the Yoast SEO plugin v24.5 - https:\/\/yoast.com\/wordpress\/plugins\/seo\/ -->\n<title>Zaproszenie \u015blubne w folderze - Frezje r\u00f3\u017cowe, bia\u0142e i niebieskie - Marcelina Pracownia - Zaproszenia \u015blubne Marcelina<\/title>\n<meta name=\"robots\" content=\"index, follow, max-snippet:-1, max-image-preview:large, max-video-preview:-1\" \/>\n<link rel=\"canonical\" href=\"https:\/\/www.marcelina-pracownia.com\/de\/product\/zaproszenie-slubne-w-folderze-frezje-rozowe-biale-i-niebieskie\/\" \/>\n<meta property=\"og:locale\" content=\"de_DE\" \/>\n<meta property=\"og:type\" content=\"article\" \/>\n<meta property=\"og:title\" content=\"Zaproszenie \u015blubne w folderze - Frezje r\u00f3\u017cowe, bia\u0142e i niebieskie - Marcelina Pracownia - Zaproszenia \u015blubne Marcelina\" \/>\n<meta property=\"og:description\" content=\"Zaproszenie z motywem frezji w odcieniach r\u00f3\u017cu, bieli i niebieskiego. Zaproszenie \u015blubne w folderze \u2013 Frezje r\u00f3\u017cowe, bia\u0142e i niebieskie. Materia\u0142y premium Zaproszenie drukowane na wysokiej jako\u015bci papierze o gramaturze 250 g. Dzi\u0119ki zastosowaniu dodatkowego podklejenia ka\u017cdej karty gramatura ca\u0142kowita zaproszenia mo\u017ce wynosi\u0107 a\u017c do 800 g. To sprawia, \u017ce zaproszenie jest niezwykle sztywne, trwa\u0142e [&hellip;]\" \/>\n<meta property=\"og:url\" content=\"https:\/\/www.marcelina-pracownia.com\/de\/product\/zaproszenie-slubne-w-folderze-frezje-rozowe-biale-i-niebieskie\/\" \/>\n<meta property=\"og:site_name\" content=\"Marcelina Pracownia - Zaproszenia \u015blubne Marcelina\" \/>\n<meta property=\"article:publisher\" content=\"https:\/\/www.facebook.com\/marcelinapracownia\" \/>\n<meta property=\"article:modified_time\" content=\"2025-01-25T09:55:06+00:00\" \/>\n<meta property=\"og:image\" content=\"https:\/\/www.marcelina-pracownia.com\/wp-content\/uploads\/2025\/01\/7w8a4248-2.jpg\" \/>\n\t<meta property=\"og:image:width\" content=\"1000\" \/>\n\t<meta property=\"og:image:height\" content=\"1500\" \/>\n\t<meta property=\"og:image:type\" content=\"image\/jpeg\" \/>\n<meta name=\"twitter:card\" content=\"summary_large_image\" \/>\n<meta name=\"twitter:label1\" content=\"Gesch\u00e4tzte Lesezeit\" \/>\n\t<meta name=\"twitter:data1\" content=\"2\u00a0Minuten\" \/>\n<script type=\"application\/ld+json\" class=\"yoast-schema-graph\">{\"@context\":\"https:\/\/schema.org\",\"@graph\":[{\"@type\":\"WebPage\",\"@id\":\"https:\/\/www.marcelina-pracownia.com\/product\/zaproszenie-slubne-w-folderze-frezje-rozowe-biale-i-niebieskie\/\",\"url\":\"https:\/\/www.marcelina-pracownia.com\/product\/zaproszenie-slubne-w-folderze-frezje-rozowe-biale-i-niebieskie\/\",\"name\":\"Zaproszenie \u015blubne w folderze - Frezje r\u00f3\u017cowe, bia\u0142e i niebieskie - Marcelina Pracownia - Zaproszenia \u015blubne Marcelina\",\"isPartOf\":{\"@id\":\"https:\/\/www.marcelina-pracownia.com\/#website\"},\"primaryImageOfPage\":{\"@id\":\"https:\/\/www.marcelina-pracownia.com\/product\/zaproszenie-slubne-w-folderze-frezje-rozowe-biale-i-niebieskie\/#primaryimage\"},\"image\":{\"@id\":\"https:\/\/www.marcelina-pracownia.com\/product\/zaproszenie-slubne-w-folderze-frezje-rozowe-biale-i-niebieskie\/#primaryimage\"},\"thumbnailUrl\":\"https:\/\/www.marcelina-pracownia.com\/wp-content\/uploads\/2025\/01\/7w8a4248-2.jpg\",\"datePublished\":\"2025-01-19T21:22:11+00:00\",\"dateModified\":\"2025-01-25T09:55:06+00:00\",\"breadcrumb\":{\"@id\":\"https:\/\/www.marcelina-pracownia.com\/product\/zaproszenie-slubne-w-folderze-frezje-rozowe-biale-i-niebieskie\/#breadcrumb\"},\"inLanguage\":\"de\",\"potentialAction\":[{\"@type\":\"ReadAction\",\"target\":[\"https:\/\/www.marcelina-pracownia.com\/product\/zaproszenie-slubne-w-folderze-frezje-rozowe-biale-i-niebieskie\/\"]}]},{\"@type\":\"ImageObject\",\"inLanguage\":\"de\",\"@id\":\"https:\/\/www.marcelina-pracownia.com\/product\/zaproszenie-slubne-w-folderze-frezje-rozowe-biale-i-niebieskie\/#primaryimage\",\"url\":\"https:\/\/www.marcelina-pracownia.com\/wp-content\/uploads\/2025\/01\/7w8a4248-2.jpg\",\"contentUrl\":\"https:\/\/www.marcelina-pracownia.com\/wp-content\/uploads\/2025\/01\/7w8a4248-2.jpg\",\"width\":1000,\"height\":1500},{\"@type\":\"BreadcrumbList\",\"@id\":\"https:\/\/www.marcelina-pracownia.com\/product\/zaproszenie-slubne-w-folderze-frezje-rozowe-biale-i-niebieskie\/#breadcrumb\",\"itemListElement\":[{\"@type\":\"ListItem\",\"position\":1,\"name\":\"Strona g\u0142\u00f3wna\",\"item\":\"https:\/\/www.marcelina-pracownia.com\/\"},{\"@type\":\"ListItem\",\"position\":2,\"name\":\"Shop\",\"item\":\"https:\/\/www.marcelina-pracownia.com\/shop-2\/\"},{\"@type\":\"ListItem\",\"position\":3,\"name\":\"Zaproszenie \u015blubne w folderze &#8211; Frezje r\u00f3\u017cowe, bia\u0142e i niebieskie\"}]},{\"@type\":\"WebSite\",\"@id\":\"https:\/\/www.marcelina-pracownia.com\/#website\",\"url\":\"https:\/\/www.marcelina-pracownia.com\/\",\"name\":\"Marcelina Pracownia - Zaproszenia \u015blubne Marcelina\",\"description\":\"\",\"publisher\":{\"@id\":\"https:\/\/www.marcelina-pracownia.com\/#organization\"},\"potentialAction\":[{\"@type\":\"SearchAction\",\"target\":{\"@type\":\"EntryPoint\",\"urlTemplate\":\"https:\/\/www.marcelina-pracownia.com\/?s={search_term_string}\"},\"query-input\":{\"@type\":\"PropertyValueSpecification\",\"valueRequired\":true,\"valueName\":\"search_term_string\"}}],\"inLanguage\":\"de\"},{\"@type\":\"Organization\",\"@id\":\"https:\/\/www.marcelina-pracownia.com\/#organization\",\"name\":\"Marcelina Pracownia - Zaproszenia \u015blubne Marcelina\",\"url\":\"https:\/\/www.marcelina-pracownia.com\/\",\"logo\":{\"@type\":\"ImageObject\",\"inLanguage\":\"de\",\"@id\":\"https:\/\/www.marcelina-pracownia.com\/#\/schema\/logo\/image\/\",\"url\":\"\",\"contentUrl\":\"\",\"caption\":\"Marcelina Pracownia - Zaproszenia \u015blubne Marcelina\"},\"image\":{\"@id\":\"https:\/\/www.marcelina-pracownia.com\/#\/schema\/logo\/image\/\"},\"sameAs\":[\"https:\/\/www.facebook.com\/marcelinapracownia\"]}]}<\/script>\n<!-- \/ Yoast SEO plugin. -->","yoast_head_json":{"title":"Zaproszenie \u015blubne w folderze - Frezje r\u00f3\u017cowe, bia\u0142e i niebieskie - Marcelina Pracownia - Zaproszenia \u015blubne Marcelina","robots":{"index":"index","follow":"follow","max-snippet":"max-snippet:-1","max-image-preview":"max-image-preview:large","max-video-preview":"max-video-preview:-1"},"canonical":"https:\/\/www.marcelina-pracownia.com\/de\/product\/zaproszenie-slubne-w-folderze-frezje-rozowe-biale-i-niebieskie\/","og_locale":"de_DE","og_type":"article","og_title":"Zaproszenie \u015blubne w folderze - Frezje r\u00f3\u017cowe, bia\u0142e i niebieskie - Marcelina Pracownia - Zaproszenia \u015blubne Marcelina","og_description":"Zaproszenie z motywem frezji w odcieniach r\u00f3\u017cu, bieli i niebieskiego. Zaproszenie \u015blubne w folderze \u2013 Frezje r\u00f3\u017cowe, bia\u0142e i niebieskie. Materia\u0142y premium Zaproszenie drukowane na wysokiej jako\u015bci papierze o gramaturze 250 g. Dzi\u0119ki zastosowaniu dodatkowego podklejenia ka\u017cdej karty gramatura ca\u0142kowita zaproszenia mo\u017ce wynosi\u0107 a\u017c do 800 g. To sprawia, \u017ce zaproszenie jest niezwykle sztywne, trwa\u0142e [&hellip;]","og_url":"https:\/\/www.marcelina-pracownia.com\/de\/product\/zaproszenie-slubne-w-folderze-frezje-rozowe-biale-i-niebieskie\/","og_site_name":"Marcelina Pracownia - Zaproszenia \u015blubne Marcelina","article_publisher":"https:\/\/www.facebook.com\/marcelinapracownia","article_modified_time":"2025-01-25T09:55:06+00:00","og_image":[{"width":1000,"height":1500,"url":"https:\/\/www.marcelina-pracownia.com\/wp-content\/uploads\/2025\/01\/7w8a4248-2.jpg","type":"image\/jpeg"}],"twitter_card":"summary_large_image","twitter_misc":{"Gesch\u00e4tzte Lesezeit":"2\u00a0Minuten"},"schema":{"@context":"https:\/\/schema.org","@graph":[{"@type":"WebPage","@id":"https:\/\/www.marcelina-pracownia.com\/product\/zaproszenie-slubne-w-folderze-frezje-rozowe-biale-i-niebieskie\/","url":"https:\/\/www.marcelina-pracownia.com\/product\/zaproszenie-slubne-w-folderze-frezje-rozowe-biale-i-niebieskie\/","name":"Zaproszenie \u015blubne w folderze - Frezje r\u00f3\u017cowe, bia\u0142e i niebieskie - Marcelina Pracownia - Zaproszenia \u015blubne Marcelina","isPartOf":{"@id":"https:\/\/www.marcelina-pracownia.com\/#website"},"primaryImageOfPage":{"@id":"https:\/\/www.marcelina-pracownia.com\/product\/zaproszenie-slubne-w-folderze-frezje-rozowe-biale-i-niebieskie\/#primaryimage"},"image":{"@id":"https:\/\/www.marcelina-pracownia.com\/product\/zaproszenie-slubne-w-folderze-frezje-rozowe-biale-i-niebieskie\/#primaryimage"},"thumbnailUrl":"https:\/\/www.marcelina-pracownia.com\/wp-content\/uploads\/2025\/01\/7w8a4248-2.jpg","datePublished":"2025-01-19T21:22:11+00:00","dateModified":"2025-01-25T09:55:06+00:00","breadcrumb":{"@id":"https:\/\/www.marcelina-pracownia.com\/product\/zaproszenie-slubne-w-folderze-frezje-rozowe-biale-i-niebieskie\/#breadcrumb"},"inLanguage":"de","potentialAction":[{"@type":"ReadAction","target":["https:\/\/www.marcelina-pracownia.com\/product\/zaproszenie-slubne-w-folderze-frezje-rozowe-biale-i-niebieskie\/"]}]},{"@type":"ImageObject","inLanguage":"de","@id":"https:\/\/www.marcelina-pracownia.com\/product\/zaproszenie-slubne-w-folderze-frezje-rozowe-biale-i-niebieskie\/#primaryimage","url":"https:\/\/www.marcelina-pracownia.com\/wp-content\/uploads\/2025\/01\/7w8a4248-2.jpg","contentUrl":"https:\/\/www.marcelina-pracownia.com\/wp-content\/uploads\/2025\/01\/7w8a4248-2.jpg","width":1000,"height":1500},{"@type":"BreadcrumbList","@id":"https:\/\/www.marcelina-pracownia.com\/product\/zaproszenie-slubne-w-folderze-frezje-rozowe-biale-i-niebieskie\/#breadcrumb","itemListElement":[{"@type":"ListItem","position":1,"name":"Strona g\u0142\u00f3wna","item":"https:\/\/www.marcelina-pracownia.com\/"},{"@type":"ListItem","position":2,"name":"Shop","item":"https:\/\/www.marcelina-pracownia.com\/shop-2\/"},{"@type":"ListItem","position":3,"name":"Zaproszenie \u015blubne w folderze &#8211; Frezje r\u00f3\u017cowe, bia\u0142e i niebieskie"}]},{"@type":"WebSite","@id":"https:\/\/www.marcelina-pracownia.com\/#website","url":"https:\/\/www.marcelina-pracownia.com\/","name":"Marcelina Pracownia - Zaproszenia \u015blubne Marcelina","description":"","publisher":{"@id":"https:\/\/www.marcelina-pracownia.com\/#organization"},"potentialAction":[{"@type":"SearchAction","target":{"@type":"EntryPoint","urlTemplate":"https:\/\/www.marcelina-pracownia.com\/?s={search_term_string}"},"query-input":{"@type":"PropertyValueSpecification","valueRequired":true,"valueName":"search_term_string"}}],"inLanguage":"de"},{"@type":"Organization","@id":"https:\/\/www.marcelina-pracownia.com\/#organization","name":"Marcelina Pracownia - Zaproszenia \u015blubne Marcelina","url":"https:\/\/www.marcelina-pracownia.com\/","logo":{"@type":"ImageObject","inLanguage":"de","@id":"https:\/\/www.marcelina-pracownia.com\/#\/schema\/logo\/image\/","url":"","contentUrl":"","caption":"Marcelina Pracownia - Zaproszenia \u015blubne Marcelina"},"image":{"@id":"https:\/\/www.marcelina-pracownia.com\/#\/schema\/logo\/image\/"},"sameAs":["https:\/\/www.facebook.com\/marcelinapracownia"]}]}},"_links":{"self":[{"href":"https:\/\/www.marcelina-pracownia.com\/de\/wp-json\/wp\/v2\/product\/22317","targetHints":{"allow":["GET"]}}],"collection":[{"href":"https:\/\/www.marcelina-pracownia.com\/de\/wp-json\/wp\/v2\/product"}],"about":[{"href":"https:\/\/www.marcelina-pracownia.com\/de\/wp-json\/wp\/v2\/types\/product"}],"replies":[{"embeddable":true,"href":"https:\/\/www.marcelina-pracownia.com\/de\/wp-json\/wp\/v2\/comments?post=22317"}],"wp:featuredmedia":[{"embeddable":true,"href":"https:\/\/www.marcelina-pracownia.com\/de\/wp-json\/wp\/v2\/media\/22388"}],"wp:attachment":[{"href":"https:\/\/www.marcelina-pracownia.com\/de\/wp-json\/wp\/v2\/media?parent=22317"}],"wp:term":[{"taxonomy":"product_brand","embeddable":true,"href":"https:\/\/www.marcelina-pracownia.com\/de\/wp-json\/wp\/v2\/product_brand?post=22317"},{"taxonomy":"product_cat","embeddable":true,"href":"https:\/\/www.marcelina-pracownia.com\/de\/wp-json\/wp\/v2\/product_cat?post=22317"},{"taxonomy":"product_tag","embeddable":true,"href":"https:\/\/www.marcelina-pracownia.com\/de\/wp-json\/wp\/v2\/product_tag?post=22317"}],"curies":[{"name":"wp","href":"https:\/\/api.w.org\/{rel}","templated":true}]}}