



{"id":20696,"date":"2024-10-31T11:31:14","date_gmt":"2024-10-31T10:31:14","guid":{"rendered":"https:\/\/www.marcelina-pracownia.com\/?post_type=product&#038;p=20696"},"modified":"2025-01-15T19:46:18","modified_gmt":"2025-01-15T18:46:18","slug":"zaproszenie-slubne-w-folderze-niezapominajka","status":"publish","type":"product","link":"https:\/\/www.marcelina-pracownia.com\/de\/product\/zaproszenie-slubne-w-folderze-niezapominajka\/","title":{"rendered":"Hochzeitseinladung in einer Mappe - Blaue Vergissmeinnicht"},"content":{"rendered":"<h1 style=\"text-align: center;\">Einladung mit einem Motiv aus blauen Vergissmeinnicht-Bl\u00fcten.<\/h1>\n<h5 style=\"text-align: center;\"><img decoding=\"async\" class=\"alignnone size-full wp-image-89\" src=\"https:\/\/www.marcelina-pracownia.com\/wp-content\/uploads\/2022\/04\/serce2.png\" alt=\"\" width=\"32\" height=\"26\" \/><\/h5>\n<p style=\"text-align: center;\"><strong>Hochzeitseinladung in einer Mappe - Blaue Vergissmeinnicht<\/strong><\/p>\n<p style=\"text-align: center;\">Eine zarte Hochzeitseinladung mit einem Motiv aus blauen Vergissmeinnicht-Blumen, die einen subtilen Charme und Romantik in Ihre Feier bringt.<\/p>\n<p style=\"text-align: center;\"><strong>Hochwertige Materialien<\/strong><br \/>\nDie Einladung wird auf 250 g Papier gedruckt. Dank der zus\u00e4tzlichen Verleimung der einzelnen Karten kann das Gesamtgewicht der Einladung bis zu 800 g betragen. Das macht die Einladung extrem steif, langlebig und f\u00fchlt sich luxuri\u00f6s an. Der goldene Rahmen unterstreicht die Eleganz und verleiht dem Gesamtdesign einen besonderen Glanz.<\/p>\n<p style=\"text-align: center;\"><strong>Stil und Thema<\/strong><br \/>\nDas Motiv der blauen Vergissmeinnicht eignet sich perfekt f\u00fcr Hochzeiten im romantischen, klassischen und rustikalen Stil. Die dezenten Farben und zarten Blumenmuster bilden eine harmonische Komposition, die die Aufmerksamkeit auf sich zieht und durch ihre Schlichtheit begeistert.<\/p>\n<p style=\"text-align: center;\" class=\"translation-block\"><strong>Das Set enth\u00e4lt<\/strong><br>\nEin Folder mit passender Kordel<br>\nM\u00f6glichkeit, zus\u00e4tzliche Elemente wie K\u00e4rtchen, Umschl\u00e4ge oder Umschlageinlagen mit grafischen Motiven dazuzukaufen<\/p>\n<p style=\"text-align: center;\" class=\"translation-block\"><strong>Personalisierung<\/strong><br>\nBeliebiger Einladungstext, vollst\u00e4ndig an eure W\u00fcnsche angepasst.<br>\nM\u00f6glichkeit, den Schriftstil zu w\u00e4hlen sowie den Text in Gold oder Silber veredeln zu lassen \u2013 f\u00fcr eine Einladung, die perfekt zum Charakter eurer Feier passt.<\/p>\n<p style=\"text-align: center;\"><strong>Warum diese Einladung?<\/strong><br \/>\nDie Einladung mit Vergissmeinnicht-Motiv ist ein Symbol der Liebe und der Erinnerung. Mit zarten floralen Akzenten und einer luxuri\u00f6sen Verarbeitung wird sie die Einzigartigkeit Ihres gro\u00dfen Tages perfekt unterstreichen.<\/p>\n<p style=\"text-align: center;\" class=\"translation-block\"><strong>Hast du Fragen?<\/strong><br>\nWenn du Unterst\u00fctzung bei der Auswahl der Zusatzoptionen ben\u00f6tigst oder mehr \u00fcber die Personalisierungsm\u00f6glichkeiten erfahren m\u00f6chtest, kontaktiere uns \u2013 wir beraten dich gerne!<\/p>","protected":false},"excerpt":{"rendered":"<p>Zaproszenie z motywem niebieskich kwiat\u00f3w niezapominajki. Zaproszenie \u015blubne w folderze \u2013 Niebieskie niezapominajki Delikatne zaproszenie \u015blubne z motywem niebieskich kwiat\u00f3w niezapominajki, kt\u00f3re wprowadza subtelny urok i romantyczny charakter na Wasz\u0105 uroczysto\u015b\u0107. Materia\u0142y premium Zaproszenie drukowane na papierze o gramaturze 250 g. Dzi\u0119ki zastosowaniu dodatkowego podklejenia ka\u017cdej karty gramatura ca\u0142kowita zaproszenia mo\u017ce wynosi\u0107 a\u017c do 800 [&hellip;]<\/p>","protected":false},"featured_media":22008,"comment_status":"closed","ping_status":"closed","template":"","meta":{"inline_featured_image":false},"product_brand":[],"product_cat":[173,177,152,157,163,134],"product_tag":[],"class_list":{"0":"post-20696","1":"product","2":"type-product","3":"status-publish","4":"has-post-thumbnail","6":"product_cat-zaproszenia-slubne-w-folderze","7":"product_cat-nowosci","8":"product_cat-nowosci-2025","9":"product_cat-kwiatowe","10":"product_cat-romantyczne","11":"product_cat-zaproszenia-slubne","13":"first","14":"instock","15":"shipping-taxable","16":"purchasable","17":"product-type-simple"},"yoast_head":"<!-- This site is optimized with the Yoast SEO plugin v24.5 - https:\/\/yoast.com\/wordpress\/plugins\/seo\/ -->\n<title>Zaproszenie \u015blubne w folderze - Niebieskie niezapominajki - Marcelina Pracownia - Zaproszenia \u015blubne Marcelina<\/title>\n<meta name=\"robots\" content=\"index, follow, max-snippet:-1, max-image-preview:large, max-video-preview:-1\" \/>\n<link rel=\"canonical\" href=\"https:\/\/www.marcelina-pracownia.com\/de\/product\/zaproszenie-slubne-w-folderze-niezapominajka\/\" \/>\n<meta property=\"og:locale\" content=\"de_DE\" \/>\n<meta property=\"og:type\" content=\"article\" \/>\n<meta property=\"og:title\" content=\"Zaproszenie \u015blubne w folderze - Niebieskie niezapominajki - Marcelina Pracownia - Zaproszenia \u015blubne Marcelina\" \/>\n<meta property=\"og:description\" content=\"Zaproszenie z motywem niebieskich kwiat\u00f3w niezapominajki. Zaproszenie \u015blubne w folderze \u2013 Niebieskie niezapominajki Delikatne zaproszenie \u015blubne z motywem niebieskich kwiat\u00f3w niezapominajki, kt\u00f3re wprowadza subtelny urok i romantyczny charakter na Wasz\u0105 uroczysto\u015b\u0107. Materia\u0142y premium Zaproszenie drukowane na papierze o gramaturze 250 g. Dzi\u0119ki zastosowaniu dodatkowego podklejenia ka\u017cdej karty gramatura ca\u0142kowita zaproszenia mo\u017ce wynosi\u0107 a\u017c do 800 [&hellip;]\" \/>\n<meta property=\"og:url\" content=\"https:\/\/www.marcelina-pracownia.com\/de\/product\/zaproszenie-slubne-w-folderze-niezapominajka\/\" \/>\n<meta property=\"og:site_name\" content=\"Marcelina Pracownia - Zaproszenia \u015blubne Marcelina\" \/>\n<meta property=\"article:publisher\" content=\"https:\/\/www.facebook.com\/marcelinapracownia\" \/>\n<meta property=\"article:modified_time\" content=\"2025-01-15T18:46:18+00:00\" \/>\n<meta property=\"og:image\" content=\"https:\/\/www.marcelina-pracownia.com\/wp-content\/uploads\/2024\/10\/7w8a3864.jpg\" \/>\n\t<meta property=\"og:image:width\" content=\"1500\" \/>\n\t<meta property=\"og:image:height\" content=\"1000\" \/>\n\t<meta property=\"og:image:type\" content=\"image\/jpeg\" \/>\n<meta name=\"twitter:card\" content=\"summary_large_image\" \/>\n<meta name=\"twitter:label1\" content=\"Gesch\u00e4tzte Lesezeit\" \/>\n\t<meta name=\"twitter:data1\" content=\"2\u00a0Minuten\" \/>\n<script type=\"application\/ld+json\" class=\"yoast-schema-graph\">{\"@context\":\"https:\/\/schema.org\",\"@graph\":[{\"@type\":\"WebPage\",\"@id\":\"https:\/\/www.marcelina-pracownia.com\/product\/zaproszenie-slubne-w-folderze-niezapominajka\/\",\"url\":\"https:\/\/www.marcelina-pracownia.com\/product\/zaproszenie-slubne-w-folderze-niezapominajka\/\",\"name\":\"Zaproszenie \u015blubne w folderze - Niebieskie niezapominajki - Marcelina Pracownia - Zaproszenia \u015blubne Marcelina\",\"isPartOf\":{\"@id\":\"https:\/\/www.marcelina-pracownia.com\/#website\"},\"primaryImageOfPage\":{\"@id\":\"https:\/\/www.marcelina-pracownia.com\/product\/zaproszenie-slubne-w-folderze-niezapominajka\/#primaryimage\"},\"image\":{\"@id\":\"https:\/\/www.marcelina-pracownia.com\/product\/zaproszenie-slubne-w-folderze-niezapominajka\/#primaryimage\"},\"thumbnailUrl\":\"https:\/\/www.marcelina-pracownia.com\/wp-content\/uploads\/2024\/10\/7w8a3864.jpg\",\"datePublished\":\"2024-10-31T10:31:14+00:00\",\"dateModified\":\"2025-01-15T18:46:18+00:00\",\"breadcrumb\":{\"@id\":\"https:\/\/www.marcelina-pracownia.com\/product\/zaproszenie-slubne-w-folderze-niezapominajka\/#breadcrumb\"},\"inLanguage\":\"de\",\"potentialAction\":[{\"@type\":\"ReadAction\",\"target\":[\"https:\/\/www.marcelina-pracownia.com\/product\/zaproszenie-slubne-w-folderze-niezapominajka\/\"]}]},{\"@type\":\"ImageObject\",\"inLanguage\":\"de\",\"@id\":\"https:\/\/www.marcelina-pracownia.com\/product\/zaproszenie-slubne-w-folderze-niezapominajka\/#primaryimage\",\"url\":\"https:\/\/www.marcelina-pracownia.com\/wp-content\/uploads\/2024\/10\/7w8a3864.jpg\",\"contentUrl\":\"https:\/\/www.marcelina-pracownia.com\/wp-content\/uploads\/2024\/10\/7w8a3864.jpg\",\"width\":1500,\"height\":1000},{\"@type\":\"BreadcrumbList\",\"@id\":\"https:\/\/www.marcelina-pracownia.com\/product\/zaproszenie-slubne-w-folderze-niezapominajka\/#breadcrumb\",\"itemListElement\":[{\"@type\":\"ListItem\",\"position\":1,\"name\":\"Strona g\u0142\u00f3wna\",\"item\":\"https:\/\/www.marcelina-pracownia.com\/\"},{\"@type\":\"ListItem\",\"position\":2,\"name\":\"Shop\",\"item\":\"https:\/\/www.marcelina-pracownia.com\/shop-2\/\"},{\"@type\":\"ListItem\",\"position\":3,\"name\":\"Zaproszenie \u015blubne w folderze &#8211; Niebieskie niezapominajki\"}]},{\"@type\":\"WebSite\",\"@id\":\"https:\/\/www.marcelina-pracownia.com\/#website\",\"url\":\"https:\/\/www.marcelina-pracownia.com\/\",\"name\":\"Marcelina Pracownia - Zaproszenia \u015blubne Marcelina\",\"description\":\"\",\"publisher\":{\"@id\":\"https:\/\/www.marcelina-pracownia.com\/#organization\"},\"potentialAction\":[{\"@type\":\"SearchAction\",\"target\":{\"@type\":\"EntryPoint\",\"urlTemplate\":\"https:\/\/www.marcelina-pracownia.com\/?s={search_term_string}\"},\"query-input\":{\"@type\":\"PropertyValueSpecification\",\"valueRequired\":true,\"valueName\":\"search_term_string\"}}],\"inLanguage\":\"de\"},{\"@type\":\"Organization\",\"@id\":\"https:\/\/www.marcelina-pracownia.com\/#organization\",\"name\":\"Marcelina Pracownia - Zaproszenia \u015blubne Marcelina\",\"url\":\"https:\/\/www.marcelina-pracownia.com\/\",\"logo\":{\"@type\":\"ImageObject\",\"inLanguage\":\"de\",\"@id\":\"https:\/\/www.marcelina-pracownia.com\/#\/schema\/logo\/image\/\",\"url\":\"\",\"contentUrl\":\"\",\"caption\":\"Marcelina Pracownia - Zaproszenia \u015blubne Marcelina\"},\"image\":{\"@id\":\"https:\/\/www.marcelina-pracownia.com\/#\/schema\/logo\/image\/\"},\"sameAs\":[\"https:\/\/www.facebook.com\/marcelinapracownia\"]}]}<\/script>\n<!-- \/ Yoast SEO plugin. -->","yoast_head_json":{"title":"Zaproszenie \u015blubne w folderze - Niebieskie niezapominajki - Marcelina Pracownia - Zaproszenia \u015blubne Marcelina","robots":{"index":"index","follow":"follow","max-snippet":"max-snippet:-1","max-image-preview":"max-image-preview:large","max-video-preview":"max-video-preview:-1"},"canonical":"https:\/\/www.marcelina-pracownia.com\/de\/product\/zaproszenie-slubne-w-folderze-niezapominajka\/","og_locale":"de_DE","og_type":"article","og_title":"Zaproszenie \u015blubne w folderze - Niebieskie niezapominajki - Marcelina Pracownia - Zaproszenia \u015blubne Marcelina","og_description":"Zaproszenie z motywem niebieskich kwiat\u00f3w niezapominajki. Zaproszenie \u015blubne w folderze \u2013 Niebieskie niezapominajki Delikatne zaproszenie \u015blubne z motywem niebieskich kwiat\u00f3w niezapominajki, kt\u00f3re wprowadza subtelny urok i romantyczny charakter na Wasz\u0105 uroczysto\u015b\u0107. Materia\u0142y premium Zaproszenie drukowane na papierze o gramaturze 250 g. Dzi\u0119ki zastosowaniu dodatkowego podklejenia ka\u017cdej karty gramatura ca\u0142kowita zaproszenia mo\u017ce wynosi\u0107 a\u017c do 800 [&hellip;]","og_url":"https:\/\/www.marcelina-pracownia.com\/de\/product\/zaproszenie-slubne-w-folderze-niezapominajka\/","og_site_name":"Marcelina Pracownia - Zaproszenia \u015blubne Marcelina","article_publisher":"https:\/\/www.facebook.com\/marcelinapracownia","article_modified_time":"2025-01-15T18:46:18+00:00","og_image":[{"width":1500,"height":1000,"url":"https:\/\/www.marcelina-pracownia.com\/wp-content\/uploads\/2024\/10\/7w8a3864.jpg","type":"image\/jpeg"}],"twitter_card":"summary_large_image","twitter_misc":{"Gesch\u00e4tzte Lesezeit":"2\u00a0Minuten"},"schema":{"@context":"https:\/\/schema.org","@graph":[{"@type":"WebPage","@id":"https:\/\/www.marcelina-pracownia.com\/product\/zaproszenie-slubne-w-folderze-niezapominajka\/","url":"https:\/\/www.marcelina-pracownia.com\/product\/zaproszenie-slubne-w-folderze-niezapominajka\/","name":"Zaproszenie \u015blubne w folderze - Niebieskie niezapominajki - Marcelina Pracownia - Zaproszenia \u015blubne Marcelina","isPartOf":{"@id":"https:\/\/www.marcelina-pracownia.com\/#website"},"primaryImageOfPage":{"@id":"https:\/\/www.marcelina-pracownia.com\/product\/zaproszenie-slubne-w-folderze-niezapominajka\/#primaryimage"},"image":{"@id":"https:\/\/www.marcelina-pracownia.com\/product\/zaproszenie-slubne-w-folderze-niezapominajka\/#primaryimage"},"thumbnailUrl":"https:\/\/www.marcelina-pracownia.com\/wp-content\/uploads\/2024\/10\/7w8a3864.jpg","datePublished":"2024-10-31T10:31:14+00:00","dateModified":"2025-01-15T18:46:18+00:00","breadcrumb":{"@id":"https:\/\/www.marcelina-pracownia.com\/product\/zaproszenie-slubne-w-folderze-niezapominajka\/#breadcrumb"},"inLanguage":"de","potentialAction":[{"@type":"ReadAction","target":["https:\/\/www.marcelina-pracownia.com\/product\/zaproszenie-slubne-w-folderze-niezapominajka\/"]}]},{"@type":"ImageObject","inLanguage":"de","@id":"https:\/\/www.marcelina-pracownia.com\/product\/zaproszenie-slubne-w-folderze-niezapominajka\/#primaryimage","url":"https:\/\/www.marcelina-pracownia.com\/wp-content\/uploads\/2024\/10\/7w8a3864.jpg","contentUrl":"https:\/\/www.marcelina-pracownia.com\/wp-content\/uploads\/2024\/10\/7w8a3864.jpg","width":1500,"height":1000},{"@type":"BreadcrumbList","@id":"https:\/\/www.marcelina-pracownia.com\/product\/zaproszenie-slubne-w-folderze-niezapominajka\/#breadcrumb","itemListElement":[{"@type":"ListItem","position":1,"name":"Strona g\u0142\u00f3wna","item":"https:\/\/www.marcelina-pracownia.com\/"},{"@type":"ListItem","position":2,"name":"Shop","item":"https:\/\/www.marcelina-pracownia.com\/shop-2\/"},{"@type":"ListItem","position":3,"name":"Zaproszenie \u015blubne w folderze &#8211; Niebieskie niezapominajki"}]},{"@type":"WebSite","@id":"https:\/\/www.marcelina-pracownia.com\/#website","url":"https:\/\/www.marcelina-pracownia.com\/","name":"Marcelina Pracownia - Zaproszenia \u015blubne Marcelina","description":"","publisher":{"@id":"https:\/\/www.marcelina-pracownia.com\/#organization"},"potentialAction":[{"@type":"SearchAction","target":{"@type":"EntryPoint","urlTemplate":"https:\/\/www.marcelina-pracownia.com\/?s={search_term_string}"},"query-input":{"@type":"PropertyValueSpecification","valueRequired":true,"valueName":"search_term_string"}}],"inLanguage":"de"},{"@type":"Organization","@id":"https:\/\/www.marcelina-pracownia.com\/#organization","name":"Marcelina Pracownia - Zaproszenia \u015blubne Marcelina","url":"https:\/\/www.marcelina-pracownia.com\/","logo":{"@type":"ImageObject","inLanguage":"de","@id":"https:\/\/www.marcelina-pracownia.com\/#\/schema\/logo\/image\/","url":"","contentUrl":"","caption":"Marcelina Pracownia - Zaproszenia \u015blubne Marcelina"},"image":{"@id":"https:\/\/www.marcelina-pracownia.com\/#\/schema\/logo\/image\/"},"sameAs":["https:\/\/www.facebook.com\/marcelinapracownia"]}]}},"_links":{"self":[{"href":"https:\/\/www.marcelina-pracownia.com\/de\/wp-json\/wp\/v2\/product\/20696","targetHints":{"allow":["GET"]}}],"collection":[{"href":"https:\/\/www.marcelina-pracownia.com\/de\/wp-json\/wp\/v2\/product"}],"about":[{"href":"https:\/\/www.marcelina-pracownia.com\/de\/wp-json\/wp\/v2\/types\/product"}],"replies":[{"embeddable":true,"href":"https:\/\/www.marcelina-pracownia.com\/de\/wp-json\/wp\/v2\/comments?post=20696"}],"wp:featuredmedia":[{"embeddable":true,"href":"https:\/\/www.marcelina-pracownia.com\/de\/wp-json\/wp\/v2\/media\/22008"}],"wp:attachment":[{"href":"https:\/\/www.marcelina-pracownia.com\/de\/wp-json\/wp\/v2\/media?parent=20696"}],"wp:term":[{"taxonomy":"product_brand","embeddable":true,"href":"https:\/\/www.marcelina-pracownia.com\/de\/wp-json\/wp\/v2\/product_brand?post=20696"},{"taxonomy":"product_cat","embeddable":true,"href":"https:\/\/www.marcelina-pracownia.com\/de\/wp-json\/wp\/v2\/product_cat?post=20696"},{"taxonomy":"product_tag","embeddable":true,"href":"https:\/\/www.marcelina-pracownia.com\/de\/wp-json\/wp\/v2\/product_tag?post=20696"}],"curies":[{"name":"wp","href":"https:\/\/api.w.org\/{rel}","templated":true}]}}