



{"id":20604,"date":"2024-10-08T09:24:32","date_gmt":"2024-10-08T07:24:32","guid":{"rendered":"https:\/\/www.marcelina-pracownia.com\/?post_type=product&#038;p=20604"},"modified":"2025-01-15T19:53:31","modified_gmt":"2025-01-15T18:53:31","slug":"zaproszenie-slubne-w-folderze-bialy-bukiet-z-roza-eustoma-i-gipsowka","status":"publish","type":"product","link":"https:\/\/www.marcelina-pracownia.com\/de\/product\/zaproszenie-slubne-w-folderze-bialy-bukiet-z-roza-eustoma-i-gipsowka\/","title":{"rendered":"Glamour Hochzeitseinladung in einer Mappe - Wei\u00dfer Strau\u00df mit Rose, Eustoma und Schleierkraut"},"content":{"rendered":"<h1 style=\"text-align: center;\">Einladung mit einem Motiv aus wundersch\u00f6nen wei\u00dfen Blumen und zarten gr\u00fcnen Akzenten.<\/h1>\n<h5 style=\"text-align: center;\"><img decoding=\"async\" class=\"alignnone size-full wp-image-89\" src=\"https:\/\/www.marcelina-pracownia.com\/wp-content\/uploads\/2022\/04\/serce2.png\" alt=\"\" width=\"32\" height=\"26\" \/><\/h5>\n<p style=\"text-align: center;\"><strong>Glamour-Hochzeitseinladung im Folder \u2013 Wei\u00dfer Blumenstrau\u00df mit Rose, Lisianthus und Schleierkraut<\/strong><\/p>\n<p style=\"text-align: center;\">Exklusive Hochzeitseinladung mit dem Motiv eines eleganten wei\u00dfen Blumenstrau\u00dfes, der Rosen, Lisianthus und Schleierkraut mit zarten gr\u00fcnen Akzenten verbindet.<\/p>\n<p style=\"text-align: center;\" class=\"translation-block\"><strong>Premium-Materialien<\/strong><br>\nDie Einladung wird auf 250-g-Papier gedruckt. Durch die zus\u00e4tzliche Verst\u00e4rkung jeder Karte kann die Gesamtgrammatur der Einladung bis zu 800 g erreichen.<br>\nDadurch ist die Einladung au\u00dfergew\u00f6hnlich stabil, langlebig und luxuri\u00f6s im Griff.<br>\nDer goldene Rahmen und der mittels Goldfolienpr\u00e4gung veredelte Text verleihen dem Ganzen einen einzigartigen, edlen Glanz.<\/p>\n<p style=\"text-align: center;\" class=\"translation-block\"><strong>Stil und Motiv<\/strong><br>\nDas Motiv des wei\u00dfen Blumenstrau\u00dfes mit Rose, Lisianthus und Schleierkraut, kombiniert mit zarten gr\u00fcnen Akzenten, passt perfekt zu Hochzeiten im Glamour-, klassischen oder rustikalen Stil.<br>\nDie eleganten Blumenmuster schaffen eine harmonische Komposition, die den besonderen Charakter der Feierlichkeit unterstreicht.<\/p>\n<p style=\"text-align: center;\" class=\"translation-block\"><strong>Das Set enth\u00e4lt<\/strong><br>\nEin Folder mit passender Kordel<br>\nM\u00f6glichkeit, zus\u00e4tzliche Elemente wie K\u00e4rtchen, Umschl\u00e4ge oder Umschlageinlagen mit grafischen Motiven dazuzukaufen<\/p>\n<p style=\"text-align: center;\" class=\"translation-block\"><strong>Personalisierung<\/strong><br>\nBeliebiger Einladungstext, vollst\u00e4ndig an eure W\u00fcnsche angepasst.<br>\nM\u00f6glichkeit, den Schriftstil zu w\u00e4hlen sowie den Text in Gold oder Silber veredeln zu lassen \u2013 f\u00fcr eine Einladung, die perfekt zum Charakter eurer Feier passt.<\/p>\n<p style=\"text-align: center;\" class=\"translation-block\"><strong>Warum lohnt es sich, diese Einladung zu w\u00e4hlen?<\/strong><br>\nDie Einladung besticht durch ihr elegantes Blumenmotiv und die luxuri\u00f6se Veredelung.<br>\nSie ist die perfekte Wahl f\u00fcr Brautpaare, die ihrer Feier einen Hauch von edlem Glanz und klassischer Eleganz verleihen m\u00f6chten.<\/p>\n<p style=\"text-align: center;\" class=\"translation-block\"><strong>Hast du Fragen?<\/strong><br>\nWenn du Unterst\u00fctzung bei der Auswahl der Zusatzoptionen ben\u00f6tigst oder mehr \u00fcber die Personalisierungsm\u00f6glichkeiten erfahren m\u00f6chtest, kontaktiere uns \u2013 wir beraten dich gerne!<\/p>","protected":false},"excerpt":{"rendered":"<p>Zaproszenie z motywem pi\u0119knych bia\u0142ych kwiat\u00f3w z dodatkiem zieleni. Zaproszenie \u015blubne glamour w folderze \u2013 Bia\u0142y bukiet z r\u00f3\u017c\u0105, eustom\u0105 i gips\u00f3wk\u0105 Ekskluzywne zaproszenie \u015blubne z motywem eleganckiego bia\u0142ego bukietu, kt\u00f3ry \u0142\u0105czy r\u00f3\u017ce, eustom\u0119 i gips\u00f3wk\u0119 z delikatnymi zielonymi akcentami. Materia\u0142y premium Zaproszenie drukowane na papierze o gramaturze 250 g. Dzi\u0119ki zastosowaniu dodatkowego podklejenia ka\u017cdej [&hellip;]<\/p>","protected":false},"featured_media":21380,"comment_status":"closed","ping_status":"closed","template":"","meta":{"inline_featured_image":false},"product_brand":[],"product_cat":[173,177,152,153,155,157,163,134],"product_tag":[],"class_list":{"0":"post-20604","1":"product","2":"type-product","3":"status-publish","4":"has-post-thumbnail","6":"product_cat-zaproszenia-slubne-w-folderze","7":"product_cat-nowosci","8":"product_cat-nowosci-2025","9":"product_cat-glamour","10":"product_cat-rustykalne","11":"product_cat-kwiatowe","12":"product_cat-romantyczne","13":"product_cat-zaproszenia-slubne","15":"first","16":"instock","17":"shipping-taxable","18":"purchasable","19":"product-type-simple"},"yoast_head":"<!-- This site is optimized with the Yoast SEO plugin v24.5 - https:\/\/yoast.com\/wordpress\/plugins\/seo\/ -->\n<title>Zaproszenie \u015blubne glamour w folderze - Bia\u0142y bukiet z r\u00f3\u017c\u0105, eustom\u0105 i gips\u00f3wk\u0105 - Marcelina Pracownia - Zaproszenia \u015blubne Marcelina<\/title>\n<meta name=\"robots\" content=\"index, follow, max-snippet:-1, max-image-preview:large, max-video-preview:-1\" \/>\n<link rel=\"canonical\" href=\"https:\/\/www.marcelina-pracownia.com\/de\/product\/zaproszenie-slubne-w-folderze-bialy-bukiet-z-roza-eustoma-i-gipsowka\/\" \/>\n<meta property=\"og:locale\" content=\"de_DE\" \/>\n<meta property=\"og:type\" content=\"article\" \/>\n<meta property=\"og:title\" content=\"Zaproszenie \u015blubne glamour w folderze - Bia\u0142y bukiet z r\u00f3\u017c\u0105, eustom\u0105 i gips\u00f3wk\u0105 - Marcelina Pracownia - Zaproszenia \u015blubne Marcelina\" \/>\n<meta property=\"og:description\" content=\"Zaproszenie z motywem pi\u0119knych bia\u0142ych kwiat\u00f3w z dodatkiem zieleni. Zaproszenie \u015blubne glamour w folderze \u2013 Bia\u0142y bukiet z r\u00f3\u017c\u0105, eustom\u0105 i gips\u00f3wk\u0105 Ekskluzywne zaproszenie \u015blubne z motywem eleganckiego bia\u0142ego bukietu, kt\u00f3ry \u0142\u0105czy r\u00f3\u017ce, eustom\u0119 i gips\u00f3wk\u0119 z delikatnymi zielonymi akcentami. Materia\u0142y premium Zaproszenie drukowane na papierze o gramaturze 250 g. Dzi\u0119ki zastosowaniu dodatkowego podklejenia ka\u017cdej [&hellip;]\" \/>\n<meta property=\"og:url\" content=\"https:\/\/www.marcelina-pracownia.com\/de\/product\/zaproszenie-slubne-w-folderze-bialy-bukiet-z-roza-eustoma-i-gipsowka\/\" \/>\n<meta property=\"og:site_name\" content=\"Marcelina Pracownia - Zaproszenia \u015blubne Marcelina\" \/>\n<meta property=\"article:publisher\" content=\"https:\/\/www.facebook.com\/marcelinapracownia\" \/>\n<meta property=\"article:modified_time\" content=\"2025-01-15T18:53:31+00:00\" \/>\n<meta property=\"og:image\" content=\"https:\/\/www.marcelina-pracownia.com\/wp-content\/uploads\/2024\/10\/7w8a3622.jpg\" \/>\n\t<meta property=\"og:image:width\" content=\"1000\" \/>\n\t<meta property=\"og:image:height\" content=\"1500\" \/>\n\t<meta property=\"og:image:type\" content=\"image\/jpeg\" \/>\n<meta name=\"twitter:card\" content=\"summary_large_image\" \/>\n<meta name=\"twitter:label1\" content=\"Gesch\u00e4tzte Lesezeit\" \/>\n\t<meta name=\"twitter:data1\" content=\"2\u00a0Minuten\" \/>\n<script type=\"application\/ld+json\" class=\"yoast-schema-graph\">{\"@context\":\"https:\/\/schema.org\",\"@graph\":[{\"@type\":\"WebPage\",\"@id\":\"https:\/\/www.marcelina-pracownia.com\/product\/zaproszenie-slubne-w-folderze-bialy-bukiet-z-roza-eustoma-i-gipsowka\/\",\"url\":\"https:\/\/www.marcelina-pracownia.com\/product\/zaproszenie-slubne-w-folderze-bialy-bukiet-z-roza-eustoma-i-gipsowka\/\",\"name\":\"Zaproszenie \u015blubne glamour w folderze - Bia\u0142y bukiet z r\u00f3\u017c\u0105, eustom\u0105 i gips\u00f3wk\u0105 - Marcelina Pracownia - Zaproszenia \u015blubne Marcelina\",\"isPartOf\":{\"@id\":\"https:\/\/www.marcelina-pracownia.com\/#website\"},\"primaryImageOfPage\":{\"@id\":\"https:\/\/www.marcelina-pracownia.com\/product\/zaproszenie-slubne-w-folderze-bialy-bukiet-z-roza-eustoma-i-gipsowka\/#primaryimage\"},\"image\":{\"@id\":\"https:\/\/www.marcelina-pracownia.com\/product\/zaproszenie-slubne-w-folderze-bialy-bukiet-z-roza-eustoma-i-gipsowka\/#primaryimage\"},\"thumbnailUrl\":\"https:\/\/www.marcelina-pracownia.com\/wp-content\/uploads\/2024\/10\/7w8a3622.jpg\",\"datePublished\":\"2024-10-08T07:24:32+00:00\",\"dateModified\":\"2025-01-15T18:53:31+00:00\",\"breadcrumb\":{\"@id\":\"https:\/\/www.marcelina-pracownia.com\/product\/zaproszenie-slubne-w-folderze-bialy-bukiet-z-roza-eustoma-i-gipsowka\/#breadcrumb\"},\"inLanguage\":\"de\",\"potentialAction\":[{\"@type\":\"ReadAction\",\"target\":[\"https:\/\/www.marcelina-pracownia.com\/product\/zaproszenie-slubne-w-folderze-bialy-bukiet-z-roza-eustoma-i-gipsowka\/\"]}]},{\"@type\":\"ImageObject\",\"inLanguage\":\"de\",\"@id\":\"https:\/\/www.marcelina-pracownia.com\/product\/zaproszenie-slubne-w-folderze-bialy-bukiet-z-roza-eustoma-i-gipsowka\/#primaryimage\",\"url\":\"https:\/\/www.marcelina-pracownia.com\/wp-content\/uploads\/2024\/10\/7w8a3622.jpg\",\"contentUrl\":\"https:\/\/www.marcelina-pracownia.com\/wp-content\/uploads\/2024\/10\/7w8a3622.jpg\",\"width\":1000,\"height\":1500},{\"@type\":\"BreadcrumbList\",\"@id\":\"https:\/\/www.marcelina-pracownia.com\/product\/zaproszenie-slubne-w-folderze-bialy-bukiet-z-roza-eustoma-i-gipsowka\/#breadcrumb\",\"itemListElement\":[{\"@type\":\"ListItem\",\"position\":1,\"name\":\"Strona g\u0142\u00f3wna\",\"item\":\"https:\/\/www.marcelina-pracownia.com\/\"},{\"@type\":\"ListItem\",\"position\":2,\"name\":\"Shop\",\"item\":\"https:\/\/www.marcelina-pracownia.com\/shop-2\/\"},{\"@type\":\"ListItem\",\"position\":3,\"name\":\"Zaproszenie \u015blubne glamour w folderze &#8211; Bia\u0142y bukiet z r\u00f3\u017c\u0105, eustom\u0105 i gips\u00f3wk\u0105\"}]},{\"@type\":\"WebSite\",\"@id\":\"https:\/\/www.marcelina-pracownia.com\/#website\",\"url\":\"https:\/\/www.marcelina-pracownia.com\/\",\"name\":\"Marcelina Pracownia - Zaproszenia \u015blubne Marcelina\",\"description\":\"\",\"publisher\":{\"@id\":\"https:\/\/www.marcelina-pracownia.com\/#organization\"},\"potentialAction\":[{\"@type\":\"SearchAction\",\"target\":{\"@type\":\"EntryPoint\",\"urlTemplate\":\"https:\/\/www.marcelina-pracownia.com\/?s={search_term_string}\"},\"query-input\":{\"@type\":\"PropertyValueSpecification\",\"valueRequired\":true,\"valueName\":\"search_term_string\"}}],\"inLanguage\":\"de\"},{\"@type\":\"Organization\",\"@id\":\"https:\/\/www.marcelina-pracownia.com\/#organization\",\"name\":\"Marcelina Pracownia - Zaproszenia \u015blubne Marcelina\",\"url\":\"https:\/\/www.marcelina-pracownia.com\/\",\"logo\":{\"@type\":\"ImageObject\",\"inLanguage\":\"de\",\"@id\":\"https:\/\/www.marcelina-pracownia.com\/#\/schema\/logo\/image\/\",\"url\":\"\",\"contentUrl\":\"\",\"caption\":\"Marcelina Pracownia - Zaproszenia \u015blubne Marcelina\"},\"image\":{\"@id\":\"https:\/\/www.marcelina-pracownia.com\/#\/schema\/logo\/image\/\"},\"sameAs\":[\"https:\/\/www.facebook.com\/marcelinapracownia\"]}]}<\/script>\n<!-- \/ Yoast SEO plugin. -->","yoast_head_json":{"title":"Zaproszenie \u015blubne glamour w folderze - Bia\u0142y bukiet z r\u00f3\u017c\u0105, eustom\u0105 i gips\u00f3wk\u0105 - Marcelina Pracownia - Zaproszenia \u015blubne Marcelina","robots":{"index":"index","follow":"follow","max-snippet":"max-snippet:-1","max-image-preview":"max-image-preview:large","max-video-preview":"max-video-preview:-1"},"canonical":"https:\/\/www.marcelina-pracownia.com\/de\/product\/zaproszenie-slubne-w-folderze-bialy-bukiet-z-roza-eustoma-i-gipsowka\/","og_locale":"de_DE","og_type":"article","og_title":"Zaproszenie \u015blubne glamour w folderze - Bia\u0142y bukiet z r\u00f3\u017c\u0105, eustom\u0105 i gips\u00f3wk\u0105 - Marcelina Pracownia - Zaproszenia \u015blubne Marcelina","og_description":"Zaproszenie z motywem pi\u0119knych bia\u0142ych kwiat\u00f3w z dodatkiem zieleni. Zaproszenie \u015blubne glamour w folderze \u2013 Bia\u0142y bukiet z r\u00f3\u017c\u0105, eustom\u0105 i gips\u00f3wk\u0105 Ekskluzywne zaproszenie \u015blubne z motywem eleganckiego bia\u0142ego bukietu, kt\u00f3ry \u0142\u0105czy r\u00f3\u017ce, eustom\u0119 i gips\u00f3wk\u0119 z delikatnymi zielonymi akcentami. Materia\u0142y premium Zaproszenie drukowane na papierze o gramaturze 250 g. Dzi\u0119ki zastosowaniu dodatkowego podklejenia ka\u017cdej [&hellip;]","og_url":"https:\/\/www.marcelina-pracownia.com\/de\/product\/zaproszenie-slubne-w-folderze-bialy-bukiet-z-roza-eustoma-i-gipsowka\/","og_site_name":"Marcelina Pracownia - Zaproszenia \u015blubne Marcelina","article_publisher":"https:\/\/www.facebook.com\/marcelinapracownia","article_modified_time":"2025-01-15T18:53:31+00:00","og_image":[{"width":1000,"height":1500,"url":"https:\/\/www.marcelina-pracownia.com\/wp-content\/uploads\/2024\/10\/7w8a3622.jpg","type":"image\/jpeg"}],"twitter_card":"summary_large_image","twitter_misc":{"Gesch\u00e4tzte Lesezeit":"2\u00a0Minuten"},"schema":{"@context":"https:\/\/schema.org","@graph":[{"@type":"WebPage","@id":"https:\/\/www.marcelina-pracownia.com\/product\/zaproszenie-slubne-w-folderze-bialy-bukiet-z-roza-eustoma-i-gipsowka\/","url":"https:\/\/www.marcelina-pracownia.com\/product\/zaproszenie-slubne-w-folderze-bialy-bukiet-z-roza-eustoma-i-gipsowka\/","name":"Zaproszenie \u015blubne glamour w folderze - Bia\u0142y bukiet z r\u00f3\u017c\u0105, eustom\u0105 i gips\u00f3wk\u0105 - Marcelina Pracownia - Zaproszenia \u015blubne Marcelina","isPartOf":{"@id":"https:\/\/www.marcelina-pracownia.com\/#website"},"primaryImageOfPage":{"@id":"https:\/\/www.marcelina-pracownia.com\/product\/zaproszenie-slubne-w-folderze-bialy-bukiet-z-roza-eustoma-i-gipsowka\/#primaryimage"},"image":{"@id":"https:\/\/www.marcelina-pracownia.com\/product\/zaproszenie-slubne-w-folderze-bialy-bukiet-z-roza-eustoma-i-gipsowka\/#primaryimage"},"thumbnailUrl":"https:\/\/www.marcelina-pracownia.com\/wp-content\/uploads\/2024\/10\/7w8a3622.jpg","datePublished":"2024-10-08T07:24:32+00:00","dateModified":"2025-01-15T18:53:31+00:00","breadcrumb":{"@id":"https:\/\/www.marcelina-pracownia.com\/product\/zaproszenie-slubne-w-folderze-bialy-bukiet-z-roza-eustoma-i-gipsowka\/#breadcrumb"},"inLanguage":"de","potentialAction":[{"@type":"ReadAction","target":["https:\/\/www.marcelina-pracownia.com\/product\/zaproszenie-slubne-w-folderze-bialy-bukiet-z-roza-eustoma-i-gipsowka\/"]}]},{"@type":"ImageObject","inLanguage":"de","@id":"https:\/\/www.marcelina-pracownia.com\/product\/zaproszenie-slubne-w-folderze-bialy-bukiet-z-roza-eustoma-i-gipsowka\/#primaryimage","url":"https:\/\/www.marcelina-pracownia.com\/wp-content\/uploads\/2024\/10\/7w8a3622.jpg","contentUrl":"https:\/\/www.marcelina-pracownia.com\/wp-content\/uploads\/2024\/10\/7w8a3622.jpg","width":1000,"height":1500},{"@type":"BreadcrumbList","@id":"https:\/\/www.marcelina-pracownia.com\/product\/zaproszenie-slubne-w-folderze-bialy-bukiet-z-roza-eustoma-i-gipsowka\/#breadcrumb","itemListElement":[{"@type":"ListItem","position":1,"name":"Strona g\u0142\u00f3wna","item":"https:\/\/www.marcelina-pracownia.com\/"},{"@type":"ListItem","position":2,"name":"Shop","item":"https:\/\/www.marcelina-pracownia.com\/shop-2\/"},{"@type":"ListItem","position":3,"name":"Zaproszenie \u015blubne glamour w folderze &#8211; Bia\u0142y bukiet z r\u00f3\u017c\u0105, eustom\u0105 i gips\u00f3wk\u0105"}]},{"@type":"WebSite","@id":"https:\/\/www.marcelina-pracownia.com\/#website","url":"https:\/\/www.marcelina-pracownia.com\/","name":"Marcelina Pracownia - Zaproszenia \u015blubne Marcelina","description":"","publisher":{"@id":"https:\/\/www.marcelina-pracownia.com\/#organization"},"potentialAction":[{"@type":"SearchAction","target":{"@type":"EntryPoint","urlTemplate":"https:\/\/www.marcelina-pracownia.com\/?s={search_term_string}"},"query-input":{"@type":"PropertyValueSpecification","valueRequired":true,"valueName":"search_term_string"}}],"inLanguage":"de"},{"@type":"Organization","@id":"https:\/\/www.marcelina-pracownia.com\/#organization","name":"Marcelina Pracownia - Zaproszenia \u015blubne Marcelina","url":"https:\/\/www.marcelina-pracownia.com\/","logo":{"@type":"ImageObject","inLanguage":"de","@id":"https:\/\/www.marcelina-pracownia.com\/#\/schema\/logo\/image\/","url":"","contentUrl":"","caption":"Marcelina Pracownia - Zaproszenia \u015blubne Marcelina"},"image":{"@id":"https:\/\/www.marcelina-pracownia.com\/#\/schema\/logo\/image\/"},"sameAs":["https:\/\/www.facebook.com\/marcelinapracownia"]}]}},"_links":{"self":[{"href":"https:\/\/www.marcelina-pracownia.com\/de\/wp-json\/wp\/v2\/product\/20604","targetHints":{"allow":["GET"]}}],"collection":[{"href":"https:\/\/www.marcelina-pracownia.com\/de\/wp-json\/wp\/v2\/product"}],"about":[{"href":"https:\/\/www.marcelina-pracownia.com\/de\/wp-json\/wp\/v2\/types\/product"}],"replies":[{"embeddable":true,"href":"https:\/\/www.marcelina-pracownia.com\/de\/wp-json\/wp\/v2\/comments?post=20604"}],"wp:featuredmedia":[{"embeddable":true,"href":"https:\/\/www.marcelina-pracownia.com\/de\/wp-json\/wp\/v2\/media\/21380"}],"wp:attachment":[{"href":"https:\/\/www.marcelina-pracownia.com\/de\/wp-json\/wp\/v2\/media?parent=20604"}],"wp:term":[{"taxonomy":"product_brand","embeddable":true,"href":"https:\/\/www.marcelina-pracownia.com\/de\/wp-json\/wp\/v2\/product_brand?post=20604"},{"taxonomy":"product_cat","embeddable":true,"href":"https:\/\/www.marcelina-pracownia.com\/de\/wp-json\/wp\/v2\/product_cat?post=20604"},{"taxonomy":"product_tag","embeddable":true,"href":"https:\/\/www.marcelina-pracownia.com\/de\/wp-json\/wp\/v2\/product_tag?post=20604"}],"curies":[{"name":"wp","href":"https:\/\/api.w.org\/{rel}","templated":true}]}}