



{"id":20476,"date":"2024-01-07T16:53:25","date_gmt":"2024-01-07T15:53:25","guid":{"rendered":"https:\/\/www.marcelina-pracownia.com\/?post_type=product&#038;p=20476"},"modified":"2025-01-15T20:14:08","modified_gmt":"2025-01-15T19:14:08","slug":"zaproszenie-slubne-w-folderze-soczyste-cytryny","status":"publish","type":"product","link":"https:\/\/www.marcelina-pracownia.com\/de\/product\/zaproszenie-slubne-w-folderze-soczyste-cytryny\/","title":{"rendered":"Zaproszenie \u015blubne w folderze &#8211; Soczyste cytryny"},"content":{"rendered":"<h1 style=\"text-align: center;\">Zaproszenie z motywem pi\u0119knych cytryn.<\/h1>\n<h5 style=\"text-align: center;\"><img decoding=\"async\" class=\"alignnone size-full wp-image-89\" src=\"https:\/\/www.marcelina-pracownia.com\/wp-content\/uploads\/2022\/04\/serce2.png\" alt=\"\" width=\"32\" height=\"26\" \/><\/h5>\n<p style=\"text-align: center;\"><strong>Zaproszenie \u015blubne w folderze \u2013 Soczyste cytryny<\/strong><\/p>\n<p style=\"text-align: center;\">Zaproszenie \u015blubne z energetycznym motywem cytryn, kt\u00f3re wprowadza \u015bwie\u017co\u015b\u0107 i wakacyjn\u0105 lekko\u015b\u0107. Idealne na uroczysto\u015bci w stylu rustykalnym, boho lub inspirowane klimatami \u015br\u00f3dziemnomorskimi.<\/p>\n<p style=\"text-align: center;\"><strong>Hochwertige Materialien<\/strong><br \/>\nZaproszenie wykonane na papierze o gramaturze 250 g, kt\u00f3ry gwarantuje trwa\u0142o\u015b\u0107 i elegancj\u0119.<br \/>\nDodatkowe podklejenie zwi\u0119ksza gramatur\u0119 ca\u0142kowit\u0105 do 800 g, zapewniaj\u0105c wyj\u0105tkow\u0105 sztywno\u015b\u0107 i solidno\u015b\u0107 zaproszenia.<br \/>\nZ\u0142ote wyko\u0144czenie ramki podkre\u015bla motyw cytryn, dodaj\u0105c ca\u0142o\u015bci eleganckiego charakteru.<\/p>\n<p style=\"text-align: center;\"><strong>Stil und Thema<\/strong><br \/>\nMotyw soczystych cytryn w otoczeniu zielonych li\u015bci, idealny dla par m\u0142odych ceni\u0105cych oryginalno\u015b\u0107 i naturalne akcenty.<br \/>\nKolorystyka inspirowana \u015br\u00f3dziemnomorskimi krajobrazami, kt\u00f3ra wprowadza optymizm i rado\u015b\u0107.<\/p>\n<p style=\"text-align: center;\" class=\"translation-block\"><strong>Das Set enth\u00e4lt<\/strong><br>\nEin Folder mit passender Kordel<br>\nM\u00f6glichkeit, zus\u00e4tzliche Elemente wie K\u00e4rtchen, Umschl\u00e4ge oder Umschlageinlagen mit grafischen Motiven dazuzukaufen<\/p>\n<p style=\"text-align: center;\"><strong>Personalisierung<\/strong><br \/>\nDowolno\u015b\u0107 w wyborze tre\u015bci zaproszenia, czcionki oraz uk\u0142adu tekstu.<br \/>\nMo\u017cliwo\u015b\u0107 z\u0142ocenia lub srebrzenia tre\u015bci, co nadaje zaproszeniom unikalnego blasku.<\/p>\n<p style=\"text-align: center;\"><strong>Warum diese Einladung?<\/strong><br \/>\nTo zaproszenie przyci\u0105ga uwag\u0119 swoj\u0105 oryginalno\u015bci\u0105 i \u015bwie\u017co\u015bci\u0105, idealnie pasuj\u0105c do \u015blub\u00f3w w stylu boho, rustykalnym lub plenerowym.<br \/>\nDoskona\u0142e po\u0142\u0105czenie estetyki, jako\u015bci wykonania i indywidualnej personalizacji, kt\u00f3re zachwyci Twoich go\u015bci.<\/p>\n<p style=\"text-align: center;\"><strong>Haben Sie noch Fragen?<\/strong><br \/>\nZapraszamy do kontaktu! Ch\u0119tnie pomo\u017cemy w dopasowaniu zaproszenia do Twoich potrzeb i wizji.<\/p>","protected":false},"excerpt":{"rendered":"<p>Zaproszenie z motywem pi\u0119knych cytryn. Zaproszenie \u015blubne w folderze \u2013 Soczyste cytryny Zaproszenie \u015blubne z energetycznym motywem cytryn, kt\u00f3re wprowadza \u015bwie\u017co\u015b\u0107 i wakacyjn\u0105 lekko\u015b\u0107. Idealne na uroczysto\u015bci w stylu rustykalnym, boho lub inspirowane klimatami \u015br\u00f3dziemnomorskimi. Materia\u0142y premium Zaproszenie wykonane na papierze o gramaturze 250 g, kt\u00f3ry gwarantuje trwa\u0142o\u015b\u0107 i elegancj\u0119. Dodatkowe podklejenie zwi\u0119ksza gramatur\u0119 ca\u0142kowit\u0105 [&hellip;]<\/p>","protected":false},"featured_media":21528,"comment_status":"closed","ping_status":"closed","template":"","meta":{"inline_featured_image":false},"product_brand":[],"product_cat":[173,177,155,162,163,164,134],"product_tag":[],"class_list":{"0":"post-20476","1":"product","2":"type-product","3":"status-publish","4":"has-post-thumbnail","6":"product_cat-zaproszenia-slubne-w-folderze","7":"product_cat-nowosci","8":"product_cat-rustykalne","9":"product_cat-akwarelowe","10":"product_cat-romantyczne","11":"product_cat-roslinne","12":"product_cat-zaproszenia-slubne","14":"first","15":"instock","16":"shipping-taxable","17":"purchasable","18":"product-type-simple"},"yoast_head":"<!-- This site is optimized with the Yoast SEO plugin v24.5 - https:\/\/yoast.com\/wordpress\/plugins\/seo\/ -->\n<title>Zaproszenie \u015blubne w folderze - Soczyste cytryny - Marcelina Pracownia - Zaproszenia \u015blubne Marcelina<\/title>\n<meta name=\"robots\" content=\"index, follow, max-snippet:-1, max-image-preview:large, max-video-preview:-1\" \/>\n<link rel=\"canonical\" href=\"https:\/\/www.marcelina-pracownia.com\/de\/product\/zaproszenie-slubne-w-folderze-soczyste-cytryny\/\" \/>\n<meta property=\"og:locale\" content=\"de_DE\" \/>\n<meta property=\"og:type\" content=\"article\" \/>\n<meta property=\"og:title\" content=\"Zaproszenie \u015blubne w folderze - Soczyste cytryny - Marcelina Pracownia - Zaproszenia \u015blubne Marcelina\" \/>\n<meta property=\"og:description\" content=\"Zaproszenie z motywem pi\u0119knych cytryn. Zaproszenie \u015blubne w folderze \u2013 Soczyste cytryny Zaproszenie \u015blubne z energetycznym motywem cytryn, kt\u00f3re wprowadza \u015bwie\u017co\u015b\u0107 i wakacyjn\u0105 lekko\u015b\u0107. Idealne na uroczysto\u015bci w stylu rustykalnym, boho lub inspirowane klimatami \u015br\u00f3dziemnomorskimi. Materia\u0142y premium Zaproszenie wykonane na papierze o gramaturze 250 g, kt\u00f3ry gwarantuje trwa\u0142o\u015b\u0107 i elegancj\u0119. Dodatkowe podklejenie zwi\u0119ksza gramatur\u0119 ca\u0142kowit\u0105 [&hellip;]\" \/>\n<meta property=\"og:url\" content=\"https:\/\/www.marcelina-pracownia.com\/de\/product\/zaproszenie-slubne-w-folderze-soczyste-cytryny\/\" \/>\n<meta property=\"og:site_name\" content=\"Marcelina Pracownia - Zaproszenia \u015blubne Marcelina\" \/>\n<meta property=\"article:publisher\" content=\"https:\/\/www.facebook.com\/marcelinapracownia\" \/>\n<meta property=\"article:modified_time\" content=\"2025-01-15T19:14:08+00:00\" \/>\n<meta property=\"og:image\" content=\"https:\/\/www.marcelina-pracownia.com\/wp-content\/uploads\/2023\/03\/7w8a3664.jpg\" \/>\n\t<meta property=\"og:image:width\" content=\"1000\" \/>\n\t<meta property=\"og:image:height\" content=\"1500\" \/>\n\t<meta property=\"og:image:type\" content=\"image\/jpeg\" \/>\n<meta name=\"twitter:card\" content=\"summary_large_image\" \/>\n<meta name=\"twitter:label1\" content=\"Gesch\u00e4tzte Lesezeit\" \/>\n\t<meta name=\"twitter:data1\" content=\"2\u00a0Minuten\" \/>\n<script type=\"application\/ld+json\" class=\"yoast-schema-graph\">{\"@context\":\"https:\/\/schema.org\",\"@graph\":[{\"@type\":\"WebPage\",\"@id\":\"https:\/\/www.marcelina-pracownia.com\/product\/zaproszenie-slubne-w-folderze-soczyste-cytryny\/\",\"url\":\"https:\/\/www.marcelina-pracownia.com\/product\/zaproszenie-slubne-w-folderze-soczyste-cytryny\/\",\"name\":\"Zaproszenie \u015blubne w folderze - Soczyste cytryny - Marcelina Pracownia - Zaproszenia \u015blubne Marcelina\",\"isPartOf\":{\"@id\":\"https:\/\/www.marcelina-pracownia.com\/#website\"},\"primaryImageOfPage\":{\"@id\":\"https:\/\/www.marcelina-pracownia.com\/product\/zaproszenie-slubne-w-folderze-soczyste-cytryny\/#primaryimage\"},\"image\":{\"@id\":\"https:\/\/www.marcelina-pracownia.com\/product\/zaproszenie-slubne-w-folderze-soczyste-cytryny\/#primaryimage\"},\"thumbnailUrl\":\"https:\/\/www.marcelina-pracownia.com\/wp-content\/uploads\/2023\/03\/7w8a3664.jpg\",\"datePublished\":\"2024-01-07T15:53:25+00:00\",\"dateModified\":\"2025-01-15T19:14:08+00:00\",\"breadcrumb\":{\"@id\":\"https:\/\/www.marcelina-pracownia.com\/product\/zaproszenie-slubne-w-folderze-soczyste-cytryny\/#breadcrumb\"},\"inLanguage\":\"de\",\"potentialAction\":[{\"@type\":\"ReadAction\",\"target\":[\"https:\/\/www.marcelina-pracownia.com\/product\/zaproszenie-slubne-w-folderze-soczyste-cytryny\/\"]}]},{\"@type\":\"ImageObject\",\"inLanguage\":\"de\",\"@id\":\"https:\/\/www.marcelina-pracownia.com\/product\/zaproszenie-slubne-w-folderze-soczyste-cytryny\/#primaryimage\",\"url\":\"https:\/\/www.marcelina-pracownia.com\/wp-content\/uploads\/2023\/03\/7w8a3664.jpg\",\"contentUrl\":\"https:\/\/www.marcelina-pracownia.com\/wp-content\/uploads\/2023\/03\/7w8a3664.jpg\",\"width\":1000,\"height\":1500},{\"@type\":\"BreadcrumbList\",\"@id\":\"https:\/\/www.marcelina-pracownia.com\/product\/zaproszenie-slubne-w-folderze-soczyste-cytryny\/#breadcrumb\",\"itemListElement\":[{\"@type\":\"ListItem\",\"position\":1,\"name\":\"Strona g\u0142\u00f3wna\",\"item\":\"https:\/\/www.marcelina-pracownia.com\/\"},{\"@type\":\"ListItem\",\"position\":2,\"name\":\"Shop\",\"item\":\"https:\/\/www.marcelina-pracownia.com\/shop-2\/\"},{\"@type\":\"ListItem\",\"position\":3,\"name\":\"Zaproszenie \u015blubne w folderze &#8211; Soczyste cytryny\"}]},{\"@type\":\"WebSite\",\"@id\":\"https:\/\/www.marcelina-pracownia.com\/#website\",\"url\":\"https:\/\/www.marcelina-pracownia.com\/\",\"name\":\"Marcelina Pracownia - Zaproszenia \u015blubne Marcelina\",\"description\":\"\",\"publisher\":{\"@id\":\"https:\/\/www.marcelina-pracownia.com\/#organization\"},\"potentialAction\":[{\"@type\":\"SearchAction\",\"target\":{\"@type\":\"EntryPoint\",\"urlTemplate\":\"https:\/\/www.marcelina-pracownia.com\/?s={search_term_string}\"},\"query-input\":{\"@type\":\"PropertyValueSpecification\",\"valueRequired\":true,\"valueName\":\"search_term_string\"}}],\"inLanguage\":\"de\"},{\"@type\":\"Organization\",\"@id\":\"https:\/\/www.marcelina-pracownia.com\/#organization\",\"name\":\"Marcelina Pracownia - Zaproszenia \u015blubne Marcelina\",\"url\":\"https:\/\/www.marcelina-pracownia.com\/\",\"logo\":{\"@type\":\"ImageObject\",\"inLanguage\":\"de\",\"@id\":\"https:\/\/www.marcelina-pracownia.com\/#\/schema\/logo\/image\/\",\"url\":\"\",\"contentUrl\":\"\",\"caption\":\"Marcelina Pracownia - Zaproszenia \u015blubne Marcelina\"},\"image\":{\"@id\":\"https:\/\/www.marcelina-pracownia.com\/#\/schema\/logo\/image\/\"},\"sameAs\":[\"https:\/\/www.facebook.com\/marcelinapracownia\"]}]}<\/script>\n<!-- \/ Yoast SEO plugin. -->","yoast_head_json":{"title":"Zaproszenie \u015blubne w folderze - Soczyste cytryny - Marcelina Pracownia - Zaproszenia \u015blubne Marcelina","robots":{"index":"index","follow":"follow","max-snippet":"max-snippet:-1","max-image-preview":"max-image-preview:large","max-video-preview":"max-video-preview:-1"},"canonical":"https:\/\/www.marcelina-pracownia.com\/de\/product\/zaproszenie-slubne-w-folderze-soczyste-cytryny\/","og_locale":"de_DE","og_type":"article","og_title":"Zaproszenie \u015blubne w folderze - Soczyste cytryny - Marcelina Pracownia - Zaproszenia \u015blubne Marcelina","og_description":"Zaproszenie z motywem pi\u0119knych cytryn. Zaproszenie \u015blubne w folderze \u2013 Soczyste cytryny Zaproszenie \u015blubne z energetycznym motywem cytryn, kt\u00f3re wprowadza \u015bwie\u017co\u015b\u0107 i wakacyjn\u0105 lekko\u015b\u0107. Idealne na uroczysto\u015bci w stylu rustykalnym, boho lub inspirowane klimatami \u015br\u00f3dziemnomorskimi. Materia\u0142y premium Zaproszenie wykonane na papierze o gramaturze 250 g, kt\u00f3ry gwarantuje trwa\u0142o\u015b\u0107 i elegancj\u0119. Dodatkowe podklejenie zwi\u0119ksza gramatur\u0119 ca\u0142kowit\u0105 [&hellip;]","og_url":"https:\/\/www.marcelina-pracownia.com\/de\/product\/zaproszenie-slubne-w-folderze-soczyste-cytryny\/","og_site_name":"Marcelina Pracownia - Zaproszenia \u015blubne Marcelina","article_publisher":"https:\/\/www.facebook.com\/marcelinapracownia","article_modified_time":"2025-01-15T19:14:08+00:00","og_image":[{"width":1000,"height":1500,"url":"https:\/\/www.marcelina-pracownia.com\/wp-content\/uploads\/2023\/03\/7w8a3664.jpg","type":"image\/jpeg"}],"twitter_card":"summary_large_image","twitter_misc":{"Gesch\u00e4tzte Lesezeit":"2\u00a0Minuten"},"schema":{"@context":"https:\/\/schema.org","@graph":[{"@type":"WebPage","@id":"https:\/\/www.marcelina-pracownia.com\/product\/zaproszenie-slubne-w-folderze-soczyste-cytryny\/","url":"https:\/\/www.marcelina-pracownia.com\/product\/zaproszenie-slubne-w-folderze-soczyste-cytryny\/","name":"Zaproszenie \u015blubne w folderze - Soczyste cytryny - Marcelina Pracownia - Zaproszenia \u015blubne Marcelina","isPartOf":{"@id":"https:\/\/www.marcelina-pracownia.com\/#website"},"primaryImageOfPage":{"@id":"https:\/\/www.marcelina-pracownia.com\/product\/zaproszenie-slubne-w-folderze-soczyste-cytryny\/#primaryimage"},"image":{"@id":"https:\/\/www.marcelina-pracownia.com\/product\/zaproszenie-slubne-w-folderze-soczyste-cytryny\/#primaryimage"},"thumbnailUrl":"https:\/\/www.marcelina-pracownia.com\/wp-content\/uploads\/2023\/03\/7w8a3664.jpg","datePublished":"2024-01-07T15:53:25+00:00","dateModified":"2025-01-15T19:14:08+00:00","breadcrumb":{"@id":"https:\/\/www.marcelina-pracownia.com\/product\/zaproszenie-slubne-w-folderze-soczyste-cytryny\/#breadcrumb"},"inLanguage":"de","potentialAction":[{"@type":"ReadAction","target":["https:\/\/www.marcelina-pracownia.com\/product\/zaproszenie-slubne-w-folderze-soczyste-cytryny\/"]}]},{"@type":"ImageObject","inLanguage":"de","@id":"https:\/\/www.marcelina-pracownia.com\/product\/zaproszenie-slubne-w-folderze-soczyste-cytryny\/#primaryimage","url":"https:\/\/www.marcelina-pracownia.com\/wp-content\/uploads\/2023\/03\/7w8a3664.jpg","contentUrl":"https:\/\/www.marcelina-pracownia.com\/wp-content\/uploads\/2023\/03\/7w8a3664.jpg","width":1000,"height":1500},{"@type":"BreadcrumbList","@id":"https:\/\/www.marcelina-pracownia.com\/product\/zaproszenie-slubne-w-folderze-soczyste-cytryny\/#breadcrumb","itemListElement":[{"@type":"ListItem","position":1,"name":"Strona g\u0142\u00f3wna","item":"https:\/\/www.marcelina-pracownia.com\/"},{"@type":"ListItem","position":2,"name":"Shop","item":"https:\/\/www.marcelina-pracownia.com\/shop-2\/"},{"@type":"ListItem","position":3,"name":"Zaproszenie \u015blubne w folderze &#8211; Soczyste cytryny"}]},{"@type":"WebSite","@id":"https:\/\/www.marcelina-pracownia.com\/#website","url":"https:\/\/www.marcelina-pracownia.com\/","name":"Marcelina Pracownia - Zaproszenia \u015blubne Marcelina","description":"","publisher":{"@id":"https:\/\/www.marcelina-pracownia.com\/#organization"},"potentialAction":[{"@type":"SearchAction","target":{"@type":"EntryPoint","urlTemplate":"https:\/\/www.marcelina-pracownia.com\/?s={search_term_string}"},"query-input":{"@type":"PropertyValueSpecification","valueRequired":true,"valueName":"search_term_string"}}],"inLanguage":"de"},{"@type":"Organization","@id":"https:\/\/www.marcelina-pracownia.com\/#organization","name":"Marcelina Pracownia - Zaproszenia \u015blubne Marcelina","url":"https:\/\/www.marcelina-pracownia.com\/","logo":{"@type":"ImageObject","inLanguage":"de","@id":"https:\/\/www.marcelina-pracownia.com\/#\/schema\/logo\/image\/","url":"","contentUrl":"","caption":"Marcelina Pracownia - Zaproszenia \u015blubne Marcelina"},"image":{"@id":"https:\/\/www.marcelina-pracownia.com\/#\/schema\/logo\/image\/"},"sameAs":["https:\/\/www.facebook.com\/marcelinapracownia"]}]}},"_links":{"self":[{"href":"https:\/\/www.marcelina-pracownia.com\/de\/wp-json\/wp\/v2\/product\/20476","targetHints":{"allow":["GET"]}}],"collection":[{"href":"https:\/\/www.marcelina-pracownia.com\/de\/wp-json\/wp\/v2\/product"}],"about":[{"href":"https:\/\/www.marcelina-pracownia.com\/de\/wp-json\/wp\/v2\/types\/product"}],"replies":[{"embeddable":true,"href":"https:\/\/www.marcelina-pracownia.com\/de\/wp-json\/wp\/v2\/comments?post=20476"}],"wp:featuredmedia":[{"embeddable":true,"href":"https:\/\/www.marcelina-pracownia.com\/de\/wp-json\/wp\/v2\/media\/21528"}],"wp:attachment":[{"href":"https:\/\/www.marcelina-pracownia.com\/de\/wp-json\/wp\/v2\/media?parent=20476"}],"wp:term":[{"taxonomy":"product_brand","embeddable":true,"href":"https:\/\/www.marcelina-pracownia.com\/de\/wp-json\/wp\/v2\/product_brand?post=20476"},{"taxonomy":"product_cat","embeddable":true,"href":"https:\/\/www.marcelina-pracownia.com\/de\/wp-json\/wp\/v2\/product_cat?post=20476"},{"taxonomy":"product_tag","embeddable":true,"href":"https:\/\/www.marcelina-pracownia.com\/de\/wp-json\/wp\/v2\/product_tag?post=20476"}],"curies":[{"name":"wp","href":"https:\/\/api.w.org\/{rel}","templated":true}]}}