



{"id":20228,"date":"2023-01-06T13:28:11","date_gmt":"2023-01-06T12:28:11","guid":{"rendered":"https:\/\/www.marcelina-pracownia.com\/?post_type=product&#038;p=20228"},"modified":"2025-01-18T21:26:12","modified_gmt":"2025-01-18T20:26:12","slug":"zaproszenie-slubne-w-folderze-czarny-ksiezyc","status":"publish","type":"product","link":"https:\/\/www.marcelina-pracownia.com\/de\/product\/zaproszenie-slubne-w-folderze-czarny-ksiezyc\/","title":{"rendered":"Zaproszenie \u015blubne glamour w folderze &#8211; Czarny ksi\u0119\u017cyc"},"content":{"rendered":"<h1 style=\"text-align: center;\">Zaproszenie z motywem galaktyki i ksi\u0119\u017cyca.<\/h1>\n<h5 style=\"text-align: center;\"><img decoding=\"async\" class=\"alignnone size-full wp-image-89\" src=\"https:\/\/www.marcelina-pracownia.com\/wp-content\/uploads\/2022\/04\/serce2.png\" alt=\"\" width=\"32\" height=\"26\" \/><\/h5>\n<p style=\"text-align: center;\"><strong>Zaproszenie \u015blubne glamour w folderze \u2013 Czarny ksi\u0119\u017cyc<\/strong><\/p>\n<p style=\"text-align: center;\">Zaproszenie \u015blubne w stylu glamour, z motywem galaktyki i ksi\u0119\u017cyca, kt\u00f3re zachwyca oryginalno\u015bci\u0105 i tajemniczym designem. Idealne dla par, kt\u00f3re szukaj\u0105 czego\u015b nietuzinkowego i wyj\u0105tkowego.<\/p>\n<p style=\"text-align: center;\"><strong>Hochwertige Materialien<\/strong><br \/>\nZaproszenie wykonane na papierze o gramaturze 250 g, co zapewnia jego trwa\u0142o\u015b\u0107 i elegancj\u0119.<br \/>\nDodatkowe podklejenie zwi\u0119ksza gramatur\u0119 do 800 g, co sprawia, \u017ce zaproszenie jest niezwykle sztywne, trwa\u0142e i luksusowe w dotyku.<br \/>\nDer goldene Rahmen unterstreicht die Eleganz und verleiht der Einladung einen besonderen Glanz.<\/p>\n<p style=\"text-align: center;\"><strong>Stil und Thema<\/strong><br \/>\nCiemne, galaktyczne t\u0142o z motywem ksi\u0119\u017cyca i gwiazd, tworz\u0105ce efektowny i tajemniczy wygl\u0105d.<br \/>\nPerfekcyjnie pasuje do \u015blub\u00f3w w stylu glamour lub tych organizowanych wieczorow\u0105 por\u0105.<\/p>\n<p style=\"text-align: center;\"><strong>Der Bausatz enth\u00e4lt<\/strong><br \/>\nMappe mit passender Kordel.<br \/>\nZusatzartikel wie Eintrittskarten, Umschl\u00e4ge oder Briefumschl\u00e4ge mit grafischen Motiven k\u00f6nnen erworben werden.<\/p>\n<p style=\"text-align: center;\"><strong>Personalisierung<\/strong><br \/>\nSie haben die M\u00f6glichkeit, Text, Schriftart und Layout der Einladung frei zu w\u00e4hlen.<br \/>\nEs besteht die M\u00f6glichkeit, den Inhalt zu vergolden oder zu versilbern, um den einzigartigen Stil des Designs hervorzuheben.<\/p>\n<p style=\"text-align: center;\"><strong>Warum diese Einladung?<\/strong><br \/>\nZaproszenie to przyci\u0105ga uwag\u0119 swoj\u0105 oryginalno\u015bci\u0105 i tajemniczym klimatem.<br \/>\nLuksusowe wykonanie i precyzyjne detale gwarantuj\u0105 niezapomniane wra\u017cenie na go\u015bciach.<\/p>\n<p style=\"text-align: center;\"><strong>Haben Sie noch Fragen?<\/strong><br \/>\nNehmen Sie Kontakt mit uns auf - wir beraten Sie gerne und helfen Ihnen, Ihre Einladung nach Ihren Vorstellungen zu gestalten.<\/p>","protected":false},"excerpt":{"rendered":"<p>Zaproszenie z motywem galaktyki i ksi\u0119\u017cyca. Zaproszenie \u015blubne glamour w folderze \u2013 Czarny ksi\u0119\u017cyc Zaproszenie \u015blubne w stylu glamour, z motywem galaktyki i ksi\u0119\u017cyca, kt\u00f3re zachwyca oryginalno\u015bci\u0105 i tajemniczym designem. Idealne dla par, kt\u00f3re szukaj\u0105 czego\u015b nietuzinkowego i wyj\u0105tkowego. Materia\u0142y premium Zaproszenie wykonane na papierze o gramaturze 250 g, co zapewnia jego trwa\u0142o\u015b\u0107 i elegancj\u0119. [&hellip;]<\/p>","protected":false},"featured_media":20229,"comment_status":"closed","ping_status":"closed","template":"","meta":{"inline_featured_image":false},"product_brand":[],"product_cat":[173,153,156,162,134],"product_tag":[],"class_list":{"0":"post-20228","1":"product","2":"type-product","3":"status-publish","4":"has-post-thumbnail","6":"product_cat-zaproszenia-slubne-w-folderze","7":"product_cat-glamour","8":"product_cat-minimalistyczne","9":"product_cat-akwarelowe","10":"product_cat-zaproszenia-slubne","12":"first","13":"instock","14":"shipping-taxable","15":"purchasable","16":"product-type-simple"},"yoast_head":"<!-- This site is optimized with the Yoast SEO plugin v24.5 - https:\/\/yoast.com\/wordpress\/plugins\/seo\/ -->\n<title>Zaproszenie \u015blubne glamour w folderze - Czarny ksi\u0119\u017cyc - Marcelina Pracownia - Zaproszenia \u015blubne Marcelina<\/title>\n<meta name=\"robots\" content=\"index, follow, max-snippet:-1, max-image-preview:large, max-video-preview:-1\" \/>\n<link rel=\"canonical\" href=\"https:\/\/www.marcelina-pracownia.com\/de\/product\/zaproszenie-slubne-w-folderze-czarny-ksiezyc\/\" \/>\n<meta property=\"og:locale\" content=\"de_DE\" \/>\n<meta property=\"og:type\" content=\"article\" \/>\n<meta property=\"og:title\" content=\"Zaproszenie \u015blubne glamour w folderze - Czarny ksi\u0119\u017cyc - Marcelina Pracownia - Zaproszenia \u015blubne Marcelina\" \/>\n<meta property=\"og:description\" content=\"Zaproszenie z motywem galaktyki i ksi\u0119\u017cyca. Zaproszenie \u015blubne glamour w folderze \u2013 Czarny ksi\u0119\u017cyc Zaproszenie \u015blubne w stylu glamour, z motywem galaktyki i ksi\u0119\u017cyca, kt\u00f3re zachwyca oryginalno\u015bci\u0105 i tajemniczym designem. Idealne dla par, kt\u00f3re szukaj\u0105 czego\u015b nietuzinkowego i wyj\u0105tkowego. Materia\u0142y premium Zaproszenie wykonane na papierze o gramaturze 250 g, co zapewnia jego trwa\u0142o\u015b\u0107 i elegancj\u0119. [&hellip;]\" \/>\n<meta property=\"og:url\" content=\"https:\/\/www.marcelina-pracownia.com\/de\/product\/zaproszenie-slubne-w-folderze-czarny-ksiezyc\/\" \/>\n<meta property=\"og:site_name\" content=\"Marcelina Pracownia - Zaproszenia \u015blubne Marcelina\" \/>\n<meta property=\"article:publisher\" content=\"https:\/\/www.facebook.com\/marcelinapracownia\" \/>\n<meta property=\"article:modified_time\" content=\"2025-01-18T20:26:12+00:00\" \/>\n<meta property=\"og:image\" content=\"https:\/\/www.marcelina-pracownia.com\/wp-content\/uploads\/2024\/12\/7w8a7795.jpg\" \/>\n\t<meta property=\"og:image:width\" content=\"1650\" \/>\n\t<meta property=\"og:image:height\" content=\"1100\" \/>\n\t<meta property=\"og:image:type\" content=\"image\/jpeg\" \/>\n<meta name=\"twitter:card\" content=\"summary_large_image\" \/>\n<meta name=\"twitter:label1\" content=\"Gesch\u00e4tzte Lesezeit\" \/>\n\t<meta name=\"twitter:data1\" content=\"2\u00a0Minuten\" \/>\n<script type=\"application\/ld+json\" class=\"yoast-schema-graph\">{\"@context\":\"https:\/\/schema.org\",\"@graph\":[{\"@type\":\"WebPage\",\"@id\":\"https:\/\/www.marcelina-pracownia.com\/product\/zaproszenie-slubne-w-folderze-czarny-ksiezyc\/\",\"url\":\"https:\/\/www.marcelina-pracownia.com\/product\/zaproszenie-slubne-w-folderze-czarny-ksiezyc\/\",\"name\":\"Zaproszenie \u015blubne glamour w folderze - Czarny ksi\u0119\u017cyc - Marcelina Pracownia - Zaproszenia \u015blubne Marcelina\",\"isPartOf\":{\"@id\":\"https:\/\/www.marcelina-pracownia.com\/#website\"},\"primaryImageOfPage\":{\"@id\":\"https:\/\/www.marcelina-pracownia.com\/product\/zaproszenie-slubne-w-folderze-czarny-ksiezyc\/#primaryimage\"},\"image\":{\"@id\":\"https:\/\/www.marcelina-pracownia.com\/product\/zaproszenie-slubne-w-folderze-czarny-ksiezyc\/#primaryimage\"},\"thumbnailUrl\":\"https:\/\/www.marcelina-pracownia.com\/wp-content\/uploads\/2024\/12\/7w8a7795.jpg\",\"datePublished\":\"2023-01-06T12:28:11+00:00\",\"dateModified\":\"2025-01-18T20:26:12+00:00\",\"breadcrumb\":{\"@id\":\"https:\/\/www.marcelina-pracownia.com\/product\/zaproszenie-slubne-w-folderze-czarny-ksiezyc\/#breadcrumb\"},\"inLanguage\":\"de\",\"potentialAction\":[{\"@type\":\"ReadAction\",\"target\":[\"https:\/\/www.marcelina-pracownia.com\/product\/zaproszenie-slubne-w-folderze-czarny-ksiezyc\/\"]}]},{\"@type\":\"ImageObject\",\"inLanguage\":\"de\",\"@id\":\"https:\/\/www.marcelina-pracownia.com\/product\/zaproszenie-slubne-w-folderze-czarny-ksiezyc\/#primaryimage\",\"url\":\"https:\/\/www.marcelina-pracownia.com\/wp-content\/uploads\/2024\/12\/7w8a7795.jpg\",\"contentUrl\":\"https:\/\/www.marcelina-pracownia.com\/wp-content\/uploads\/2024\/12\/7w8a7795.jpg\",\"width\":1650,\"height\":1100},{\"@type\":\"BreadcrumbList\",\"@id\":\"https:\/\/www.marcelina-pracownia.com\/product\/zaproszenie-slubne-w-folderze-czarny-ksiezyc\/#breadcrumb\",\"itemListElement\":[{\"@type\":\"ListItem\",\"position\":1,\"name\":\"Strona g\u0142\u00f3wna\",\"item\":\"https:\/\/www.marcelina-pracownia.com\/\"},{\"@type\":\"ListItem\",\"position\":2,\"name\":\"Shop\",\"item\":\"https:\/\/www.marcelina-pracownia.com\/shop-2\/\"},{\"@type\":\"ListItem\",\"position\":3,\"name\":\"Zaproszenie \u015blubne glamour w folderze &#8211; Czarny ksi\u0119\u017cyc\"}]},{\"@type\":\"WebSite\",\"@id\":\"https:\/\/www.marcelina-pracownia.com\/#website\",\"url\":\"https:\/\/www.marcelina-pracownia.com\/\",\"name\":\"Marcelina Pracownia - Zaproszenia \u015blubne Marcelina\",\"description\":\"\",\"publisher\":{\"@id\":\"https:\/\/www.marcelina-pracownia.com\/#organization\"},\"potentialAction\":[{\"@type\":\"SearchAction\",\"target\":{\"@type\":\"EntryPoint\",\"urlTemplate\":\"https:\/\/www.marcelina-pracownia.com\/?s={search_term_string}\"},\"query-input\":{\"@type\":\"PropertyValueSpecification\",\"valueRequired\":true,\"valueName\":\"search_term_string\"}}],\"inLanguage\":\"de\"},{\"@type\":\"Organization\",\"@id\":\"https:\/\/www.marcelina-pracownia.com\/#organization\",\"name\":\"Marcelina Pracownia - Zaproszenia \u015blubne Marcelina\",\"url\":\"https:\/\/www.marcelina-pracownia.com\/\",\"logo\":{\"@type\":\"ImageObject\",\"inLanguage\":\"de\",\"@id\":\"https:\/\/www.marcelina-pracownia.com\/#\/schema\/logo\/image\/\",\"url\":\"\",\"contentUrl\":\"\",\"caption\":\"Marcelina Pracownia - Zaproszenia \u015blubne Marcelina\"},\"image\":{\"@id\":\"https:\/\/www.marcelina-pracownia.com\/#\/schema\/logo\/image\/\"},\"sameAs\":[\"https:\/\/www.facebook.com\/marcelinapracownia\"]}]}<\/script>\n<!-- \/ Yoast SEO plugin. -->","yoast_head_json":{"title":"Zaproszenie \u015blubne glamour w folderze - Czarny ksi\u0119\u017cyc - Marcelina Pracownia - Zaproszenia \u015blubne Marcelina","robots":{"index":"index","follow":"follow","max-snippet":"max-snippet:-1","max-image-preview":"max-image-preview:large","max-video-preview":"max-video-preview:-1"},"canonical":"https:\/\/www.marcelina-pracownia.com\/de\/product\/zaproszenie-slubne-w-folderze-czarny-ksiezyc\/","og_locale":"de_DE","og_type":"article","og_title":"Zaproszenie \u015blubne glamour w folderze - Czarny ksi\u0119\u017cyc - Marcelina Pracownia - Zaproszenia \u015blubne Marcelina","og_description":"Zaproszenie z motywem galaktyki i ksi\u0119\u017cyca. Zaproszenie \u015blubne glamour w folderze \u2013 Czarny ksi\u0119\u017cyc Zaproszenie \u015blubne w stylu glamour, z motywem galaktyki i ksi\u0119\u017cyca, kt\u00f3re zachwyca oryginalno\u015bci\u0105 i tajemniczym designem. Idealne dla par, kt\u00f3re szukaj\u0105 czego\u015b nietuzinkowego i wyj\u0105tkowego. Materia\u0142y premium Zaproszenie wykonane na papierze o gramaturze 250 g, co zapewnia jego trwa\u0142o\u015b\u0107 i elegancj\u0119. [&hellip;]","og_url":"https:\/\/www.marcelina-pracownia.com\/de\/product\/zaproszenie-slubne-w-folderze-czarny-ksiezyc\/","og_site_name":"Marcelina Pracownia - Zaproszenia \u015blubne Marcelina","article_publisher":"https:\/\/www.facebook.com\/marcelinapracownia","article_modified_time":"2025-01-18T20:26:12+00:00","og_image":[{"width":1650,"height":1100,"url":"https:\/\/www.marcelina-pracownia.com\/wp-content\/uploads\/2024\/12\/7w8a7795.jpg","type":"image\/jpeg"}],"twitter_card":"summary_large_image","twitter_misc":{"Gesch\u00e4tzte Lesezeit":"2\u00a0Minuten"},"schema":{"@context":"https:\/\/schema.org","@graph":[{"@type":"WebPage","@id":"https:\/\/www.marcelina-pracownia.com\/product\/zaproszenie-slubne-w-folderze-czarny-ksiezyc\/","url":"https:\/\/www.marcelina-pracownia.com\/product\/zaproszenie-slubne-w-folderze-czarny-ksiezyc\/","name":"Zaproszenie \u015blubne glamour w folderze - Czarny ksi\u0119\u017cyc - Marcelina Pracownia - Zaproszenia \u015blubne Marcelina","isPartOf":{"@id":"https:\/\/www.marcelina-pracownia.com\/#website"},"primaryImageOfPage":{"@id":"https:\/\/www.marcelina-pracownia.com\/product\/zaproszenie-slubne-w-folderze-czarny-ksiezyc\/#primaryimage"},"image":{"@id":"https:\/\/www.marcelina-pracownia.com\/product\/zaproszenie-slubne-w-folderze-czarny-ksiezyc\/#primaryimage"},"thumbnailUrl":"https:\/\/www.marcelina-pracownia.com\/wp-content\/uploads\/2024\/12\/7w8a7795.jpg","datePublished":"2023-01-06T12:28:11+00:00","dateModified":"2025-01-18T20:26:12+00:00","breadcrumb":{"@id":"https:\/\/www.marcelina-pracownia.com\/product\/zaproszenie-slubne-w-folderze-czarny-ksiezyc\/#breadcrumb"},"inLanguage":"de","potentialAction":[{"@type":"ReadAction","target":["https:\/\/www.marcelina-pracownia.com\/product\/zaproszenie-slubne-w-folderze-czarny-ksiezyc\/"]}]},{"@type":"ImageObject","inLanguage":"de","@id":"https:\/\/www.marcelina-pracownia.com\/product\/zaproszenie-slubne-w-folderze-czarny-ksiezyc\/#primaryimage","url":"https:\/\/www.marcelina-pracownia.com\/wp-content\/uploads\/2024\/12\/7w8a7795.jpg","contentUrl":"https:\/\/www.marcelina-pracownia.com\/wp-content\/uploads\/2024\/12\/7w8a7795.jpg","width":1650,"height":1100},{"@type":"BreadcrumbList","@id":"https:\/\/www.marcelina-pracownia.com\/product\/zaproszenie-slubne-w-folderze-czarny-ksiezyc\/#breadcrumb","itemListElement":[{"@type":"ListItem","position":1,"name":"Strona g\u0142\u00f3wna","item":"https:\/\/www.marcelina-pracownia.com\/"},{"@type":"ListItem","position":2,"name":"Shop","item":"https:\/\/www.marcelina-pracownia.com\/shop-2\/"},{"@type":"ListItem","position":3,"name":"Zaproszenie \u015blubne glamour w folderze &#8211; Czarny ksi\u0119\u017cyc"}]},{"@type":"WebSite","@id":"https:\/\/www.marcelina-pracownia.com\/#website","url":"https:\/\/www.marcelina-pracownia.com\/","name":"Marcelina Pracownia - Zaproszenia \u015blubne Marcelina","description":"","publisher":{"@id":"https:\/\/www.marcelina-pracownia.com\/#organization"},"potentialAction":[{"@type":"SearchAction","target":{"@type":"EntryPoint","urlTemplate":"https:\/\/www.marcelina-pracownia.com\/?s={search_term_string}"},"query-input":{"@type":"PropertyValueSpecification","valueRequired":true,"valueName":"search_term_string"}}],"inLanguage":"de"},{"@type":"Organization","@id":"https:\/\/www.marcelina-pracownia.com\/#organization","name":"Marcelina Pracownia - Zaproszenia \u015blubne Marcelina","url":"https:\/\/www.marcelina-pracownia.com\/","logo":{"@type":"ImageObject","inLanguage":"de","@id":"https:\/\/www.marcelina-pracownia.com\/#\/schema\/logo\/image\/","url":"","contentUrl":"","caption":"Marcelina Pracownia - Zaproszenia \u015blubne Marcelina"},"image":{"@id":"https:\/\/www.marcelina-pracownia.com\/#\/schema\/logo\/image\/"},"sameAs":["https:\/\/www.facebook.com\/marcelinapracownia"]}]}},"_links":{"self":[{"href":"https:\/\/www.marcelina-pracownia.com\/de\/wp-json\/wp\/v2\/product\/20228","targetHints":{"allow":["GET"]}}],"collection":[{"href":"https:\/\/www.marcelina-pracownia.com\/de\/wp-json\/wp\/v2\/product"}],"about":[{"href":"https:\/\/www.marcelina-pracownia.com\/de\/wp-json\/wp\/v2\/types\/product"}],"replies":[{"embeddable":true,"href":"https:\/\/www.marcelina-pracownia.com\/de\/wp-json\/wp\/v2\/comments?post=20228"}],"wp:featuredmedia":[{"embeddable":true,"href":"https:\/\/www.marcelina-pracownia.com\/de\/wp-json\/wp\/v2\/media\/20229"}],"wp:attachment":[{"href":"https:\/\/www.marcelina-pracownia.com\/de\/wp-json\/wp\/v2\/media?parent=20228"}],"wp:term":[{"taxonomy":"product_brand","embeddable":true,"href":"https:\/\/www.marcelina-pracownia.com\/de\/wp-json\/wp\/v2\/product_brand?post=20228"},{"taxonomy":"product_cat","embeddable":true,"href":"https:\/\/www.marcelina-pracownia.com\/de\/wp-json\/wp\/v2\/product_cat?post=20228"},{"taxonomy":"product_tag","embeddable":true,"href":"https:\/\/www.marcelina-pracownia.com\/de\/wp-json\/wp\/v2\/product_tag?post=20228"}],"curies":[{"name":"wp","href":"https:\/\/api.w.org\/{rel}","templated":true}]}}