



{"id":19844,"date":"2022-09-08T23:32:14","date_gmt":"2022-09-08T21:32:14","guid":{"rendered":"https:\/\/www.marcelina-pracownia.com\/?post_type=product&#038;p=19844"},"modified":"2025-01-18T21:16:38","modified_gmt":"2025-01-18T20:16:38","slug":"zaproszenie-slubne-w-folderze-minimalistyczne-czarne","status":"publish","type":"product","link":"https:\/\/www.marcelina-pracownia.com\/de\/product\/zaproszenie-slubne-w-folderze-minimalistyczne-czarne\/","title":{"rendered":"Zaproszenie \u015blubne glamour w folderze &#8211; Minimalistyczne czarne"},"content":{"rendered":"<h1 style=\"text-align: center;\">Zaproszenie minimalistyczne z czarnym t\u0142em.<\/h1>\n<h5 style=\"text-align: center;\"><img decoding=\"async\" class=\"alignnone size-full wp-image-89\" src=\"https:\/\/www.marcelina-pracownia.com\/wp-content\/uploads\/2022\/04\/serce2.png\" alt=\"\" width=\"32\" height=\"26\" \/><\/h5>\n<div class=\"flex-1 overflow-hidden @container\/thread\" style=\"text-align: center;\">\n<div class=\"h-full\">\n<div class=\"react-scroll-to-bottom--css-qhiyj-79elbk h-full\">\n<div class=\"react-scroll-to-bottom--css-qhiyj-1n7m0yu\">\n<div class=\"flex flex-col text-sm md:pb-9\">\n<article class=\"w-full scroll-mb-[var(--thread-trailing-height,150px)] text-token-text-primary focus-visible:outline-2 focus-visible:outline-offset-[-4px]\" dir=\"auto\" data-testid=\"conversation-turn-207\" data-scroll-anchor=\"true\">\n<div class=\"m-auto text-base py-[18px] px-3 md:px-4 w-full md:px-5 lg:px-4 xl:px-5\">\n<div class=\"mx-auto flex flex-1 gap-4 text-base md:gap-5 lg:gap-6 md:max-w-3xl lg:max-w-[40rem] xl:max-w-[48rem]\">\n<div class=\"group\/conversation-turn relative flex w-full min-w-0 flex-col agent-turn\">\n<div class=\"flex-col gap-1 md:gap-3\">\n<div class=\"flex max-w-full flex-col flex-grow\">\n<div class=\"min-h-8 text-message flex w-full flex-col items-end gap-2 whitespace-normal break-words text-start [.text-message+&amp;]:mt-5\" dir=\"auto\" data-message-author-role=\"assistant\" data-message-id=\"1d480b0a-898d-42e1-8ebd-f555cf929475\" data-message-model-slug=\"gpt-4o-mini\">\n<div class=\"flex w-full flex-col gap-1 empty:hidden first:pt-[3px]\">\n<div class=\"markdown prose w-full break-words dark:prose-invert light\">\n<p><strong>Zaproszenie \u015blubne w folderze \u2013 Minimalistyczne czarne<\/strong><\/p>\n<p>Eleganckie zaproszenie \u015blubne w minimalistycznym stylu, kt\u00f3re wyr\u00f3\u017cnia si\u0119 prostot\u0105 i ponadczasow\u0105 elegancj\u0105. Motyw czarnego t\u0142a i subtelne z\u0142ote akcenty sprawiaj\u0105, \u017ce zaproszenie to b\u0119dzie doskona\u0142ym wyborem na wesele w stylu glamour, kt\u00f3re kusi elegancj\u0105 i nowoczesno\u015bci\u0105.<\/p>\n<p><strong>Hochwertige Materialien<\/strong><br \/>\nZaproszenie wykonane z wysokiej jako\u015bci papieru o gramaturze 250 g, co zapewnia jego trwa\u0142o\u015b\u0107 i elegancki wygl\u0105d. Dzi\u0119ki dodatkowemu podklejeniu zaproszenie zyskuje a\u017c do 800 g gramatury, co sprawia, \u017ce jest sztywne, trwa\u0142e i luksusowe w dotyku. Z\u0142ota ramka wok\u00f3\u0142 zaproszenia podkre\u015bla jego elegancj\u0119 i dodaje wyj\u0105tkowego blasku.<\/p>\n<p><strong>Stil und Thema<\/strong><br \/>\nMinimalistyczny design z czarnym t\u0142em i delikatnym z\u0142otym akcentem idealnie komponuje si\u0119 z weselem w stylu glamour, nowoczesnym oraz klasycznym. To zaproszenie wyr\u00f3\u017cnia si\u0119 elegancj\u0105 i prostot\u0105, nadaj\u0105c ceremonii wyj\u0105tkowy i ponadczasowy charakter.<\/p>\n<p><strong>Der Bausatz enth\u00e4lt<\/strong><br \/>\nEinladungsmappe mit passender Kordel, die einen Hauch von Eleganz verleiht.<br \/>\nMo\u017cliwo\u015b\u0107 dokupienia dodatkowych element\u00f3w, takich jak bileciki, koperty czy wk\u0142adki do kopert z graficznymi motywami, kt\u00f3re dope\u0142ni\u0105 ca\u0142o\u015b\u0107.<\/p>\n<p><strong>Personalisierung<\/strong><br \/>\nZaproszenie daje pe\u0142n\u0105 mo\u017cliwo\u015b\u0107 personalizacji \u2013 wyb\u00f3r dowolnego tekstu, czcionki oraz uk\u0142adu zaproszenia. Istnieje r\u00f3wnie\u017c opcja dodania z\u0142ocenia lub srebrzenia tre\u015bci, co doda zaproszeniu jeszcze wi\u0119cej blasku i luksusowego charakteru.<\/p>\n<p><strong>Warum diese Einladung?<\/strong><br \/>\nZaproszenie to \u0142\u0105czy w sobie prostot\u0119 i elegancj\u0119, co sprawia, \u017ce jest doskona\u0142ym wyborem dla par, kt\u00f3re pragn\u0105 wyr\u00f3\u017cni\u0107 swoje wesele subtelnym, ale wyrafinowanym stylem. Jego luksusowe wykonanie, precyzyjne detale oraz mo\u017cliwo\u015b\u0107 personalizacji sprawiaj\u0105, \u017ce jest to zaproszenie, kt\u00f3re na pewno zrobi wra\u017cenie na go\u015bciach.<\/p>\n<p><strong>Haben Sie noch Fragen?<\/strong><br \/>\nNehmen Sie Kontakt mit uns auf - wir beraten Sie gerne und helfen Ihnen, Ihre Einladung nach Ihren Vorstellungen zu gestalten.<\/p>\n<\/div>\n<\/div>\n<\/div>\n<\/div>\n<div class=\"mb-2 flex gap-3 empty:hidden -ml-2\">\n<div class=\"items-center justify-start rounded-xl p-1 flex\">\n<div class=\"flex items-center\"><button class=\"rounded-lg text-token-text-secondary hover:bg-token-main-surface-secondary\" aria-label=\"Read aloud\" data-testid=\"voice-play-turn-action-button\"><\/button><button class=\"rounded-lg text-token-text-secondary hover:bg-token-main-surface-secondary\" aria-label=\"Kopiuj\" data-testid=\"copy-turn-action-button\"><\/button><\/p>\n<div class=\"flex\"><\/div>\n<\/div>\n<\/div>\n<\/div>\n<div class=\"pr-2 lg:pr-0\"><\/div>\n<div class=\"mt-3 w-full empty:hidden\">\n<div class=\"text-center\"><\/div>\n<\/div>\n<\/div>\n<div class=\"absolute\">\n<div class=\"flex items-center justify-center\"><\/div>\n<\/div>\n<\/div>\n<\/div>\n<\/div>\n<\/article>\n<\/div>\n<\/div>\n<\/div>\n<\/div>\n<\/div>\n<div class=\"md:pt-0 dark:border-white\/20 md:border-transparent md:dark:border-transparent w-full\">\n<div>\n<div class=\"m-auto text-base px-3 md:px-4 w-full md:px-5 lg:px-4 xl:px-5\">\n<div class=\"mx-auto flex flex-1 gap-4 text-base md:gap-5 lg:gap-6 md:max-w-3xl lg:max-w-[40rem] xl:max-w-[48rem]\">\n<div class=\"flex justify-center\" style=\"text-align: center;\"><\/div>\n<\/div>\n<\/div>\n<\/div>\n<\/div>","protected":false},"excerpt":{"rendered":"<p>Zaproszenie minimalistyczne z czarnym t\u0142em. Zaproszenie \u015blubne w folderze \u2013 Minimalistyczne czarne Eleganckie zaproszenie \u015blubne w minimalistycznym stylu, kt\u00f3re wyr\u00f3\u017cnia si\u0119 prostot\u0105 i ponadczasow\u0105 elegancj\u0105. Motyw czarnego t\u0142a i subtelne z\u0142ote akcenty sprawiaj\u0105, \u017ce zaproszenie to b\u0119dzie doskona\u0142ym wyborem na wesele w stylu glamour, kt\u00f3re kusi elegancj\u0105 i nowoczesno\u015bci\u0105. Materia\u0142y premium Zaproszenie wykonane z wysokiej [&hellip;]<\/p>","protected":false},"featured_media":21999,"comment_status":"closed","ping_status":"closed","template":"","meta":{"inline_featured_image":false},"product_brand":[],"product_cat":[173,153,156,134],"product_tag":[],"class_list":{"0":"post-19844","1":"product","2":"type-product","3":"status-publish","4":"has-post-thumbnail","6":"product_cat-zaproszenia-slubne-w-folderze","7":"product_cat-glamour","8":"product_cat-minimalistyczne","9":"product_cat-zaproszenia-slubne","11":"first","12":"instock","13":"shipping-taxable","14":"purchasable","15":"product-type-simple"},"yoast_head":"<!-- This site is optimized with the Yoast SEO plugin v24.5 - https:\/\/yoast.com\/wordpress\/plugins\/seo\/ -->\n<title>Zaproszenie \u015blubne glamour w folderze - Minimalistyczne czarne - Marcelina Pracownia - Zaproszenia \u015blubne Marcelina<\/title>\n<meta name=\"robots\" content=\"index, follow, max-snippet:-1, max-image-preview:large, max-video-preview:-1\" \/>\n<link rel=\"canonical\" href=\"https:\/\/www.marcelina-pracownia.com\/de\/product\/zaproszenie-slubne-w-folderze-minimalistyczne-czarne\/\" \/>\n<meta property=\"og:locale\" content=\"de_DE\" \/>\n<meta property=\"og:type\" content=\"article\" \/>\n<meta property=\"og:title\" content=\"Zaproszenie \u015blubne glamour w folderze - Minimalistyczne czarne - Marcelina Pracownia - Zaproszenia \u015blubne Marcelina\" \/>\n<meta property=\"og:description\" content=\"Zaproszenie minimalistyczne z czarnym t\u0142em. Zaproszenie \u015blubne w folderze \u2013 Minimalistyczne czarne Eleganckie zaproszenie \u015blubne w minimalistycznym stylu, kt\u00f3re wyr\u00f3\u017cnia si\u0119 prostot\u0105 i ponadczasow\u0105 elegancj\u0105. Motyw czarnego t\u0142a i subtelne z\u0142ote akcenty sprawiaj\u0105, \u017ce zaproszenie to b\u0119dzie doskona\u0142ym wyborem na wesele w stylu glamour, kt\u00f3re kusi elegancj\u0105 i nowoczesno\u015bci\u0105. Materia\u0142y premium Zaproszenie wykonane z wysokiej [&hellip;]\" \/>\n<meta property=\"og:url\" content=\"https:\/\/www.marcelina-pracownia.com\/de\/product\/zaproszenie-slubne-w-folderze-minimalistyczne-czarne\/\" \/>\n<meta property=\"og:site_name\" content=\"Marcelina Pracownia - Zaproszenia \u015blubne Marcelina\" \/>\n<meta property=\"article:publisher\" content=\"https:\/\/www.facebook.com\/marcelinapracownia\" \/>\n<meta property=\"article:modified_time\" content=\"2025-01-18T20:16:38+00:00\" \/>\n<meta property=\"og:image\" content=\"https:\/\/www.marcelina-pracownia.com\/wp-content\/uploads\/2022\/09\/7w8a4181.jpg\" \/>\n\t<meta property=\"og:image:width\" content=\"1000\" \/>\n\t<meta property=\"og:image:height\" content=\"1500\" \/>\n\t<meta property=\"og:image:type\" content=\"image\/jpeg\" \/>\n<meta name=\"twitter:card\" content=\"summary_large_image\" \/>\n<meta name=\"twitter:label1\" content=\"Gesch\u00e4tzte Lesezeit\" \/>\n\t<meta name=\"twitter:data1\" content=\"2\u00a0Minuten\" \/>\n<script type=\"application\/ld+json\" class=\"yoast-schema-graph\">{\"@context\":\"https:\/\/schema.org\",\"@graph\":[{\"@type\":\"WebPage\",\"@id\":\"https:\/\/www.marcelina-pracownia.com\/product\/zaproszenie-slubne-w-folderze-minimalistyczne-czarne\/\",\"url\":\"https:\/\/www.marcelina-pracownia.com\/product\/zaproszenie-slubne-w-folderze-minimalistyczne-czarne\/\",\"name\":\"Zaproszenie \u015blubne glamour w folderze - Minimalistyczne czarne - Marcelina Pracownia - Zaproszenia \u015blubne Marcelina\",\"isPartOf\":{\"@id\":\"https:\/\/www.marcelina-pracownia.com\/#website\"},\"primaryImageOfPage\":{\"@id\":\"https:\/\/www.marcelina-pracownia.com\/product\/zaproszenie-slubne-w-folderze-minimalistyczne-czarne\/#primaryimage\"},\"image\":{\"@id\":\"https:\/\/www.marcelina-pracownia.com\/product\/zaproszenie-slubne-w-folderze-minimalistyczne-czarne\/#primaryimage\"},\"thumbnailUrl\":\"https:\/\/www.marcelina-pracownia.com\/wp-content\/uploads\/2022\/09\/7w8a4181.jpg\",\"datePublished\":\"2022-09-08T21:32:14+00:00\",\"dateModified\":\"2025-01-18T20:16:38+00:00\",\"breadcrumb\":{\"@id\":\"https:\/\/www.marcelina-pracownia.com\/product\/zaproszenie-slubne-w-folderze-minimalistyczne-czarne\/#breadcrumb\"},\"inLanguage\":\"de\",\"potentialAction\":[{\"@type\":\"ReadAction\",\"target\":[\"https:\/\/www.marcelina-pracownia.com\/product\/zaproszenie-slubne-w-folderze-minimalistyczne-czarne\/\"]}]},{\"@type\":\"ImageObject\",\"inLanguage\":\"de\",\"@id\":\"https:\/\/www.marcelina-pracownia.com\/product\/zaproszenie-slubne-w-folderze-minimalistyczne-czarne\/#primaryimage\",\"url\":\"https:\/\/www.marcelina-pracownia.com\/wp-content\/uploads\/2022\/09\/7w8a4181.jpg\",\"contentUrl\":\"https:\/\/www.marcelina-pracownia.com\/wp-content\/uploads\/2022\/09\/7w8a4181.jpg\",\"width\":1000,\"height\":1500},{\"@type\":\"BreadcrumbList\",\"@id\":\"https:\/\/www.marcelina-pracownia.com\/product\/zaproszenie-slubne-w-folderze-minimalistyczne-czarne\/#breadcrumb\",\"itemListElement\":[{\"@type\":\"ListItem\",\"position\":1,\"name\":\"Strona g\u0142\u00f3wna\",\"item\":\"https:\/\/www.marcelina-pracownia.com\/\"},{\"@type\":\"ListItem\",\"position\":2,\"name\":\"Shop\",\"item\":\"https:\/\/www.marcelina-pracownia.com\/shop-2\/\"},{\"@type\":\"ListItem\",\"position\":3,\"name\":\"Zaproszenie \u015blubne glamour w folderze &#8211; Minimalistyczne czarne\"}]},{\"@type\":\"WebSite\",\"@id\":\"https:\/\/www.marcelina-pracownia.com\/#website\",\"url\":\"https:\/\/www.marcelina-pracownia.com\/\",\"name\":\"Marcelina Pracownia - Zaproszenia \u015blubne Marcelina\",\"description\":\"\",\"publisher\":{\"@id\":\"https:\/\/www.marcelina-pracownia.com\/#organization\"},\"potentialAction\":[{\"@type\":\"SearchAction\",\"target\":{\"@type\":\"EntryPoint\",\"urlTemplate\":\"https:\/\/www.marcelina-pracownia.com\/?s={search_term_string}\"},\"query-input\":{\"@type\":\"PropertyValueSpecification\",\"valueRequired\":true,\"valueName\":\"search_term_string\"}}],\"inLanguage\":\"de\"},{\"@type\":\"Organization\",\"@id\":\"https:\/\/www.marcelina-pracownia.com\/#organization\",\"name\":\"Marcelina Pracownia - Zaproszenia \u015blubne Marcelina\",\"url\":\"https:\/\/www.marcelina-pracownia.com\/\",\"logo\":{\"@type\":\"ImageObject\",\"inLanguage\":\"de\",\"@id\":\"https:\/\/www.marcelina-pracownia.com\/#\/schema\/logo\/image\/\",\"url\":\"\",\"contentUrl\":\"\",\"caption\":\"Marcelina Pracownia - Zaproszenia \u015blubne Marcelina\"},\"image\":{\"@id\":\"https:\/\/www.marcelina-pracownia.com\/#\/schema\/logo\/image\/\"},\"sameAs\":[\"https:\/\/www.facebook.com\/marcelinapracownia\"]}]}<\/script>\n<!-- \/ Yoast SEO plugin. -->","yoast_head_json":{"title":"Zaproszenie \u015blubne glamour w folderze - Minimalistyczne czarne - Marcelina Pracownia - Zaproszenia \u015blubne Marcelina","robots":{"index":"index","follow":"follow","max-snippet":"max-snippet:-1","max-image-preview":"max-image-preview:large","max-video-preview":"max-video-preview:-1"},"canonical":"https:\/\/www.marcelina-pracownia.com\/de\/product\/zaproszenie-slubne-w-folderze-minimalistyczne-czarne\/","og_locale":"de_DE","og_type":"article","og_title":"Zaproszenie \u015blubne glamour w folderze - Minimalistyczne czarne - Marcelina Pracownia - Zaproszenia \u015blubne Marcelina","og_description":"Zaproszenie minimalistyczne z czarnym t\u0142em. Zaproszenie \u015blubne w folderze \u2013 Minimalistyczne czarne Eleganckie zaproszenie \u015blubne w minimalistycznym stylu, kt\u00f3re wyr\u00f3\u017cnia si\u0119 prostot\u0105 i ponadczasow\u0105 elegancj\u0105. Motyw czarnego t\u0142a i subtelne z\u0142ote akcenty sprawiaj\u0105, \u017ce zaproszenie to b\u0119dzie doskona\u0142ym wyborem na wesele w stylu glamour, kt\u00f3re kusi elegancj\u0105 i nowoczesno\u015bci\u0105. Materia\u0142y premium Zaproszenie wykonane z wysokiej [&hellip;]","og_url":"https:\/\/www.marcelina-pracownia.com\/de\/product\/zaproszenie-slubne-w-folderze-minimalistyczne-czarne\/","og_site_name":"Marcelina Pracownia - Zaproszenia \u015blubne Marcelina","article_publisher":"https:\/\/www.facebook.com\/marcelinapracownia","article_modified_time":"2025-01-18T20:16:38+00:00","og_image":[{"width":1000,"height":1500,"url":"https:\/\/www.marcelina-pracownia.com\/wp-content\/uploads\/2022\/09\/7w8a4181.jpg","type":"image\/jpeg"}],"twitter_card":"summary_large_image","twitter_misc":{"Gesch\u00e4tzte Lesezeit":"2\u00a0Minuten"},"schema":{"@context":"https:\/\/schema.org","@graph":[{"@type":"WebPage","@id":"https:\/\/www.marcelina-pracownia.com\/product\/zaproszenie-slubne-w-folderze-minimalistyczne-czarne\/","url":"https:\/\/www.marcelina-pracownia.com\/product\/zaproszenie-slubne-w-folderze-minimalistyczne-czarne\/","name":"Zaproszenie \u015blubne glamour w folderze - Minimalistyczne czarne - Marcelina Pracownia - Zaproszenia \u015blubne Marcelina","isPartOf":{"@id":"https:\/\/www.marcelina-pracownia.com\/#website"},"primaryImageOfPage":{"@id":"https:\/\/www.marcelina-pracownia.com\/product\/zaproszenie-slubne-w-folderze-minimalistyczne-czarne\/#primaryimage"},"image":{"@id":"https:\/\/www.marcelina-pracownia.com\/product\/zaproszenie-slubne-w-folderze-minimalistyczne-czarne\/#primaryimage"},"thumbnailUrl":"https:\/\/www.marcelina-pracownia.com\/wp-content\/uploads\/2022\/09\/7w8a4181.jpg","datePublished":"2022-09-08T21:32:14+00:00","dateModified":"2025-01-18T20:16:38+00:00","breadcrumb":{"@id":"https:\/\/www.marcelina-pracownia.com\/product\/zaproszenie-slubne-w-folderze-minimalistyczne-czarne\/#breadcrumb"},"inLanguage":"de","potentialAction":[{"@type":"ReadAction","target":["https:\/\/www.marcelina-pracownia.com\/product\/zaproszenie-slubne-w-folderze-minimalistyczne-czarne\/"]}]},{"@type":"ImageObject","inLanguage":"de","@id":"https:\/\/www.marcelina-pracownia.com\/product\/zaproszenie-slubne-w-folderze-minimalistyczne-czarne\/#primaryimage","url":"https:\/\/www.marcelina-pracownia.com\/wp-content\/uploads\/2022\/09\/7w8a4181.jpg","contentUrl":"https:\/\/www.marcelina-pracownia.com\/wp-content\/uploads\/2022\/09\/7w8a4181.jpg","width":1000,"height":1500},{"@type":"BreadcrumbList","@id":"https:\/\/www.marcelina-pracownia.com\/product\/zaproszenie-slubne-w-folderze-minimalistyczne-czarne\/#breadcrumb","itemListElement":[{"@type":"ListItem","position":1,"name":"Strona g\u0142\u00f3wna","item":"https:\/\/www.marcelina-pracownia.com\/"},{"@type":"ListItem","position":2,"name":"Shop","item":"https:\/\/www.marcelina-pracownia.com\/shop-2\/"},{"@type":"ListItem","position":3,"name":"Zaproszenie \u015blubne glamour w folderze &#8211; Minimalistyczne czarne"}]},{"@type":"WebSite","@id":"https:\/\/www.marcelina-pracownia.com\/#website","url":"https:\/\/www.marcelina-pracownia.com\/","name":"Marcelina Pracownia - Zaproszenia \u015blubne Marcelina","description":"","publisher":{"@id":"https:\/\/www.marcelina-pracownia.com\/#organization"},"potentialAction":[{"@type":"SearchAction","target":{"@type":"EntryPoint","urlTemplate":"https:\/\/www.marcelina-pracownia.com\/?s={search_term_string}"},"query-input":{"@type":"PropertyValueSpecification","valueRequired":true,"valueName":"search_term_string"}}],"inLanguage":"de"},{"@type":"Organization","@id":"https:\/\/www.marcelina-pracownia.com\/#organization","name":"Marcelina Pracownia - Zaproszenia \u015blubne Marcelina","url":"https:\/\/www.marcelina-pracownia.com\/","logo":{"@type":"ImageObject","inLanguage":"de","@id":"https:\/\/www.marcelina-pracownia.com\/#\/schema\/logo\/image\/","url":"","contentUrl":"","caption":"Marcelina Pracownia - Zaproszenia \u015blubne Marcelina"},"image":{"@id":"https:\/\/www.marcelina-pracownia.com\/#\/schema\/logo\/image\/"},"sameAs":["https:\/\/www.facebook.com\/marcelinapracownia"]}]}},"_links":{"self":[{"href":"https:\/\/www.marcelina-pracownia.com\/de\/wp-json\/wp\/v2\/product\/19844","targetHints":{"allow":["GET"]}}],"collection":[{"href":"https:\/\/www.marcelina-pracownia.com\/de\/wp-json\/wp\/v2\/product"}],"about":[{"href":"https:\/\/www.marcelina-pracownia.com\/de\/wp-json\/wp\/v2\/types\/product"}],"replies":[{"embeddable":true,"href":"https:\/\/www.marcelina-pracownia.com\/de\/wp-json\/wp\/v2\/comments?post=19844"}],"wp:featuredmedia":[{"embeddable":true,"href":"https:\/\/www.marcelina-pracownia.com\/de\/wp-json\/wp\/v2\/media\/21999"}],"wp:attachment":[{"href":"https:\/\/www.marcelina-pracownia.com\/de\/wp-json\/wp\/v2\/media?parent=19844"}],"wp:term":[{"taxonomy":"product_brand","embeddable":true,"href":"https:\/\/www.marcelina-pracownia.com\/de\/wp-json\/wp\/v2\/product_brand?post=19844"},{"taxonomy":"product_cat","embeddable":true,"href":"https:\/\/www.marcelina-pracownia.com\/de\/wp-json\/wp\/v2\/product_cat?post=19844"},{"taxonomy":"product_tag","embeddable":true,"href":"https:\/\/www.marcelina-pracownia.com\/de\/wp-json\/wp\/v2\/product_tag?post=19844"}],"curies":[{"name":"wp","href":"https:\/\/api.w.org\/{rel}","templated":true}]}}