



{"id":22317,"date":"2025-01-19T22:22:11","date_gmt":"2025-01-19T21:22:11","guid":{"rendered":"https:\/\/www.marcelina-pracownia.com\/?post_type=product&#038;p=22317"},"modified":"2025-01-25T10:55:06","modified_gmt":"2025-01-25T09:55:06","slug":"zaproszenie-slubne-w-folderze-frezje-rozowe-biale-i-niebieskie","status":"publish","type":"product","link":"https:\/\/www.marcelina-pracownia.com\/cs\/product\/zaproszenie-slubne-w-folderze-frezje-rozowe-biale-i-niebieskie\/","title":{"rendered":"Zaproszenie \u015blubne w folderze &#8211; Frezje r\u00f3\u017cowe, bia\u0142e i niebieskie"},"content":{"rendered":"<h1 style=\"text-align: center;\">Zaproszenie z motywem frezji w odcieniach r\u00f3\u017cu, bieli i niebieskiego.<\/h1>\n<h5 style=\"text-align: center;\"><img decoding=\"async\" class=\"alignnone size-full wp-image-89\" src=\"https:\/\/www.marcelina-pracownia.com\/wp-content\/uploads\/2022\/04\/serce2.png\" alt=\"\" width=\"32\" height=\"26\" \/><\/h5>\n<p style=\"text-align: center;\"><strong>Zaproszenie \u015blubne w folderze \u2013 Frezje r\u00f3\u017cowe, bia\u0142e i niebieskie.<\/strong><\/p>\n<p style=\"text-align: center;\"><strong>Materia\u0142y premium<\/strong><br \/>\nZaproszenie drukowane na wysokiej jako\u015bci papierze o gramaturze 250 g. Dzi\u0119ki zastosowaniu dodatkowego podklejenia ka\u017cdej karty gramatura ca\u0142kowita zaproszenia mo\u017ce wynosi\u0107 a\u017c do 800 g. To sprawia, \u017ce zaproszenie jest niezwykle sztywne, trwa\u0142e i luksusowe w dotyku. Folder i karty g\u0142\u00f3wne zosta\u0142y starannie wyko\u0144czone, co podkre\u015bla najwy\u017csz\u0105 jako\u015b\u0107 wykonania.<\/p>\n<p style=\"text-align: center;\"><strong>Zestaw zawiera<\/strong><\/p>\n<p style=\"text-align: center;\">Folder z dopasowanym sznureczkiem.<\/p>\n<p style=\"text-align: center;\">Mo\u017cliwo\u015b\u0107 dokupienia dodatk\u00f3w, takich jak bileciki, koperty czy wk\u0142adki do kopert z graficznymi motywami.<\/p>\n<p style=\"text-align: center;\"><strong>Personalizacja<\/strong><br \/>\nDowolna tre\u015b\u0107 zaproszenia dostosowana do Waszych potrzeb. Mo\u017cliwo\u015b\u0107 wyboru stylu czcionki oraz opcji z\u0142ocenia lub srebrzenia tre\u015bci, co nadaje ca\u0142o\u015bci eleganckiego wyko\u0144czenia.<\/p>\n<p><img decoding=\"async\" class=\"size-full wp-image-89 aligncenter\" style=\"text-align: center;\" src=\"https:\/\/www.marcelina-pracownia.com\/wp-content\/uploads\/2022\/04\/serce2.png\" alt=\"\" width=\"32\" height=\"26\" \/><\/p>\n<p style=\"text-align: center;\"><strong>Dlaczego warto wybra\u0107 to zaproszenie?<\/strong><br \/>\nZaproszenie wyr\u00f3\u017cnia si\u0119 ponadczasowym motywem ro\u015blinnym i luksusowym wykonaniem. To doskona\u0142y wyb\u00f3r dla Par M\u0142odych, kt\u00f3re ceni\u0105 pi\u0119kno natury i wysok\u0105 jako\u015b\u0107.<\/p>\n<p style=\"text-align: center;\" class=\"translation-block\"><strong>M\u00e1te n\u011bjak\u00e9 ot\u00e1zky?<\/strong><br> Pokud pot\u0159ebujete pomoc s v\u00fdb\u011brem p\u0159\u00edslu\u0161enstv\u00ed nebo se chcete dozv\u011bd\u011bt v\u00edce o mo\u017enostech personalizace, kontaktujte n\u00e1s \u2013 r\u00e1di v\u00e1m porad\u00edme!<\/p>","protected":false},"excerpt":{"rendered":"<p>Zaproszenie z motywem frezji w odcieniach r\u00f3\u017cu, bieli i niebieskiego. Zaproszenie \u015blubne w folderze \u2013 Frezje r\u00f3\u017cowe, bia\u0142e i niebieskie. Materia\u0142y premium Zaproszenie drukowane na wysokiej jako\u015bci papierze o gramaturze 250 g. Dzi\u0119ki zastosowaniu dodatkowego podklejenia ka\u017cdej karty gramatura ca\u0142kowita zaproszenia mo\u017ce wynosi\u0107 a\u017c do 800 g. To sprawia, \u017ce zaproszenie jest niezwykle sztywne, trwa\u0142e [&hellip;]<\/p>","protected":false},"featured_media":22388,"comment_status":"closed","ping_status":"closed","template":"","meta":{"inline_featured_image":false},"product_brand":[],"product_cat":[173,152,153,157,134],"product_tag":[],"class_list":{"0":"post-22317","1":"product","2":"type-product","3":"status-publish","4":"has-post-thumbnail","6":"product_cat-zaproszenia-slubne-w-folderze","7":"product_cat-nowosci-2025","8":"product_cat-glamour","9":"product_cat-kwiatowe","10":"product_cat-zaproszenia-slubne","12":"first","13":"instock","14":"shipping-taxable","15":"purchasable","16":"product-type-simple"},"yoast_head":"<!-- This site is optimized with the Yoast SEO plugin v24.5 - https:\/\/yoast.com\/wordpress\/plugins\/seo\/ -->\n<title>Zaproszenie \u015blubne w folderze - Frezje r\u00f3\u017cowe, bia\u0142e i niebieskie - Marcelina Pracownia - Zaproszenia \u015blubne Marcelina<\/title>\n<meta name=\"robots\" content=\"index, follow, max-snippet:-1, max-image-preview:large, max-video-preview:-1\" \/>\n<link rel=\"canonical\" href=\"https:\/\/www.marcelina-pracownia.com\/cs\/product\/zaproszenie-slubne-w-folderze-frezje-rozowe-biale-i-niebieskie\/\" \/>\n<meta property=\"og:locale\" content=\"cs_CZ\" \/>\n<meta property=\"og:type\" content=\"article\" \/>\n<meta property=\"og:title\" content=\"Zaproszenie \u015blubne w folderze - Frezje r\u00f3\u017cowe, bia\u0142e i niebieskie - Marcelina Pracownia - Zaproszenia \u015blubne Marcelina\" \/>\n<meta property=\"og:description\" content=\"Zaproszenie z motywem frezji w odcieniach r\u00f3\u017cu, bieli i niebieskiego. Zaproszenie \u015blubne w folderze \u2013 Frezje r\u00f3\u017cowe, bia\u0142e i niebieskie. Materia\u0142y premium Zaproszenie drukowane na wysokiej jako\u015bci papierze o gramaturze 250 g. Dzi\u0119ki zastosowaniu dodatkowego podklejenia ka\u017cdej karty gramatura ca\u0142kowita zaproszenia mo\u017ce wynosi\u0107 a\u017c do 800 g. To sprawia, \u017ce zaproszenie jest niezwykle sztywne, trwa\u0142e [&hellip;]\" \/>\n<meta property=\"og:url\" content=\"https:\/\/www.marcelina-pracownia.com\/cs\/product\/zaproszenie-slubne-w-folderze-frezje-rozowe-biale-i-niebieskie\/\" \/>\n<meta property=\"og:site_name\" content=\"Marcelina Pracownia - Zaproszenia \u015blubne Marcelina\" \/>\n<meta property=\"article:publisher\" content=\"https:\/\/www.facebook.com\/marcelinapracownia\" \/>\n<meta property=\"article:modified_time\" content=\"2025-01-25T09:55:06+00:00\" \/>\n<meta property=\"og:image\" content=\"https:\/\/www.marcelina-pracownia.com\/wp-content\/uploads\/2025\/01\/7w8a4248-2.jpg\" \/>\n\t<meta property=\"og:image:width\" content=\"1000\" \/>\n\t<meta property=\"og:image:height\" content=\"1500\" \/>\n\t<meta property=\"og:image:type\" content=\"image\/jpeg\" \/>\n<meta name=\"twitter:card\" content=\"summary_large_image\" \/>\n<meta name=\"twitter:label1\" content=\"Odhadovan\u00e1 doba \u010dten\u00ed\" \/>\n\t<meta name=\"twitter:data1\" content=\"2 minuty\" \/>\n<script type=\"application\/ld+json\" class=\"yoast-schema-graph\">{\"@context\":\"https:\/\/schema.org\",\"@graph\":[{\"@type\":\"WebPage\",\"@id\":\"https:\/\/www.marcelina-pracownia.com\/product\/zaproszenie-slubne-w-folderze-frezje-rozowe-biale-i-niebieskie\/\",\"url\":\"https:\/\/www.marcelina-pracownia.com\/product\/zaproszenie-slubne-w-folderze-frezje-rozowe-biale-i-niebieskie\/\",\"name\":\"Zaproszenie \u015blubne w folderze - Frezje r\u00f3\u017cowe, bia\u0142e i niebieskie - Marcelina Pracownia - Zaproszenia \u015blubne Marcelina\",\"isPartOf\":{\"@id\":\"https:\/\/www.marcelina-pracownia.com\/#website\"},\"primaryImageOfPage\":{\"@id\":\"https:\/\/www.marcelina-pracownia.com\/product\/zaproszenie-slubne-w-folderze-frezje-rozowe-biale-i-niebieskie\/#primaryimage\"},\"image\":{\"@id\":\"https:\/\/www.marcelina-pracownia.com\/product\/zaproszenie-slubne-w-folderze-frezje-rozowe-biale-i-niebieskie\/#primaryimage\"},\"thumbnailUrl\":\"https:\/\/www.marcelina-pracownia.com\/wp-content\/uploads\/2025\/01\/7w8a4248-2.jpg\",\"datePublished\":\"2025-01-19T21:22:11+00:00\",\"dateModified\":\"2025-01-25T09:55:06+00:00\",\"breadcrumb\":{\"@id\":\"https:\/\/www.marcelina-pracownia.com\/product\/zaproszenie-slubne-w-folderze-frezje-rozowe-biale-i-niebieskie\/#breadcrumb\"},\"inLanguage\":\"cs\",\"potentialAction\":[{\"@type\":\"ReadAction\",\"target\":[\"https:\/\/www.marcelina-pracownia.com\/product\/zaproszenie-slubne-w-folderze-frezje-rozowe-biale-i-niebieskie\/\"]}]},{\"@type\":\"ImageObject\",\"inLanguage\":\"cs\",\"@id\":\"https:\/\/www.marcelina-pracownia.com\/product\/zaproszenie-slubne-w-folderze-frezje-rozowe-biale-i-niebieskie\/#primaryimage\",\"url\":\"https:\/\/www.marcelina-pracownia.com\/wp-content\/uploads\/2025\/01\/7w8a4248-2.jpg\",\"contentUrl\":\"https:\/\/www.marcelina-pracownia.com\/wp-content\/uploads\/2025\/01\/7w8a4248-2.jpg\",\"width\":1000,\"height\":1500},{\"@type\":\"BreadcrumbList\",\"@id\":\"https:\/\/www.marcelina-pracownia.com\/product\/zaproszenie-slubne-w-folderze-frezje-rozowe-biale-i-niebieskie\/#breadcrumb\",\"itemListElement\":[{\"@type\":\"ListItem\",\"position\":1,\"name\":\"Strona g\u0142\u00f3wna\",\"item\":\"https:\/\/www.marcelina-pracownia.com\/\"},{\"@type\":\"ListItem\",\"position\":2,\"name\":\"Shop\",\"item\":\"https:\/\/www.marcelina-pracownia.com\/shop-2\/\"},{\"@type\":\"ListItem\",\"position\":3,\"name\":\"Zaproszenie \u015blubne w folderze &#8211; Frezje r\u00f3\u017cowe, bia\u0142e i niebieskie\"}]},{\"@type\":\"WebSite\",\"@id\":\"https:\/\/www.marcelina-pracownia.com\/#website\",\"url\":\"https:\/\/www.marcelina-pracownia.com\/\",\"name\":\"Marcelina Pracownia - Zaproszenia \u015blubne Marcelina\",\"description\":\"\",\"publisher\":{\"@id\":\"https:\/\/www.marcelina-pracownia.com\/#organization\"},\"potentialAction\":[{\"@type\":\"SearchAction\",\"target\":{\"@type\":\"EntryPoint\",\"urlTemplate\":\"https:\/\/www.marcelina-pracownia.com\/?s={search_term_string}\"},\"query-input\":{\"@type\":\"PropertyValueSpecification\",\"valueRequired\":true,\"valueName\":\"search_term_string\"}}],\"inLanguage\":\"cs\"},{\"@type\":\"Organization\",\"@id\":\"https:\/\/www.marcelina-pracownia.com\/#organization\",\"name\":\"Marcelina Pracownia - Zaproszenia \u015blubne Marcelina\",\"url\":\"https:\/\/www.marcelina-pracownia.com\/\",\"logo\":{\"@type\":\"ImageObject\",\"inLanguage\":\"cs\",\"@id\":\"https:\/\/www.marcelina-pracownia.com\/#\/schema\/logo\/image\/\",\"url\":\"\",\"contentUrl\":\"\",\"caption\":\"Marcelina Pracownia - Zaproszenia \u015blubne Marcelina\"},\"image\":{\"@id\":\"https:\/\/www.marcelina-pracownia.com\/#\/schema\/logo\/image\/\"},\"sameAs\":[\"https:\/\/www.facebook.com\/marcelinapracownia\"]}]}<\/script>\n<!-- \/ Yoast SEO plugin. -->","yoast_head_json":{"title":"Zaproszenie \u015blubne w folderze - Frezje r\u00f3\u017cowe, bia\u0142e i niebieskie - Marcelina Pracownia - Zaproszenia \u015blubne Marcelina","robots":{"index":"index","follow":"follow","max-snippet":"max-snippet:-1","max-image-preview":"max-image-preview:large","max-video-preview":"max-video-preview:-1"},"canonical":"https:\/\/www.marcelina-pracownia.com\/cs\/product\/zaproszenie-slubne-w-folderze-frezje-rozowe-biale-i-niebieskie\/","og_locale":"cs_CZ","og_type":"article","og_title":"Zaproszenie \u015blubne w folderze - Frezje r\u00f3\u017cowe, bia\u0142e i niebieskie - Marcelina Pracownia - Zaproszenia \u015blubne Marcelina","og_description":"Zaproszenie z motywem frezji w odcieniach r\u00f3\u017cu, bieli i niebieskiego. Zaproszenie \u015blubne w folderze \u2013 Frezje r\u00f3\u017cowe, bia\u0142e i niebieskie. Materia\u0142y premium Zaproszenie drukowane na wysokiej jako\u015bci papierze o gramaturze 250 g. Dzi\u0119ki zastosowaniu dodatkowego podklejenia ka\u017cdej karty gramatura ca\u0142kowita zaproszenia mo\u017ce wynosi\u0107 a\u017c do 800 g. To sprawia, \u017ce zaproszenie jest niezwykle sztywne, trwa\u0142e [&hellip;]","og_url":"https:\/\/www.marcelina-pracownia.com\/cs\/product\/zaproszenie-slubne-w-folderze-frezje-rozowe-biale-i-niebieskie\/","og_site_name":"Marcelina Pracownia - Zaproszenia \u015blubne Marcelina","article_publisher":"https:\/\/www.facebook.com\/marcelinapracownia","article_modified_time":"2025-01-25T09:55:06+00:00","og_image":[{"width":1000,"height":1500,"url":"https:\/\/www.marcelina-pracownia.com\/wp-content\/uploads\/2025\/01\/7w8a4248-2.jpg","type":"image\/jpeg"}],"twitter_card":"summary_large_image","twitter_misc":{"Odhadovan\u00e1 doba \u010dten\u00ed":"2 minuty"},"schema":{"@context":"https:\/\/schema.org","@graph":[{"@type":"WebPage","@id":"https:\/\/www.marcelina-pracownia.com\/product\/zaproszenie-slubne-w-folderze-frezje-rozowe-biale-i-niebieskie\/","url":"https:\/\/www.marcelina-pracownia.com\/product\/zaproszenie-slubne-w-folderze-frezje-rozowe-biale-i-niebieskie\/","name":"Zaproszenie \u015blubne w folderze - Frezje r\u00f3\u017cowe, bia\u0142e i niebieskie - Marcelina Pracownia - Zaproszenia \u015blubne Marcelina","isPartOf":{"@id":"https:\/\/www.marcelina-pracownia.com\/#website"},"primaryImageOfPage":{"@id":"https:\/\/www.marcelina-pracownia.com\/product\/zaproszenie-slubne-w-folderze-frezje-rozowe-biale-i-niebieskie\/#primaryimage"},"image":{"@id":"https:\/\/www.marcelina-pracownia.com\/product\/zaproszenie-slubne-w-folderze-frezje-rozowe-biale-i-niebieskie\/#primaryimage"},"thumbnailUrl":"https:\/\/www.marcelina-pracownia.com\/wp-content\/uploads\/2025\/01\/7w8a4248-2.jpg","datePublished":"2025-01-19T21:22:11+00:00","dateModified":"2025-01-25T09:55:06+00:00","breadcrumb":{"@id":"https:\/\/www.marcelina-pracownia.com\/product\/zaproszenie-slubne-w-folderze-frezje-rozowe-biale-i-niebieskie\/#breadcrumb"},"inLanguage":"cs","potentialAction":[{"@type":"ReadAction","target":["https:\/\/www.marcelina-pracownia.com\/product\/zaproszenie-slubne-w-folderze-frezje-rozowe-biale-i-niebieskie\/"]}]},{"@type":"ImageObject","inLanguage":"cs","@id":"https:\/\/www.marcelina-pracownia.com\/product\/zaproszenie-slubne-w-folderze-frezje-rozowe-biale-i-niebieskie\/#primaryimage","url":"https:\/\/www.marcelina-pracownia.com\/wp-content\/uploads\/2025\/01\/7w8a4248-2.jpg","contentUrl":"https:\/\/www.marcelina-pracownia.com\/wp-content\/uploads\/2025\/01\/7w8a4248-2.jpg","width":1000,"height":1500},{"@type":"BreadcrumbList","@id":"https:\/\/www.marcelina-pracownia.com\/product\/zaproszenie-slubne-w-folderze-frezje-rozowe-biale-i-niebieskie\/#breadcrumb","itemListElement":[{"@type":"ListItem","position":1,"name":"Strona g\u0142\u00f3wna","item":"https:\/\/www.marcelina-pracownia.com\/"},{"@type":"ListItem","position":2,"name":"Shop","item":"https:\/\/www.marcelina-pracownia.com\/shop-2\/"},{"@type":"ListItem","position":3,"name":"Zaproszenie \u015blubne w folderze &#8211; Frezje r\u00f3\u017cowe, bia\u0142e i niebieskie"}]},{"@type":"WebSite","@id":"https:\/\/www.marcelina-pracownia.com\/#website","url":"https:\/\/www.marcelina-pracownia.com\/","name":"Marcelina Pracownia - Zaproszenia \u015blubne Marcelina","description":"","publisher":{"@id":"https:\/\/www.marcelina-pracownia.com\/#organization"},"potentialAction":[{"@type":"SearchAction","target":{"@type":"EntryPoint","urlTemplate":"https:\/\/www.marcelina-pracownia.com\/?s={search_term_string}"},"query-input":{"@type":"PropertyValueSpecification","valueRequired":true,"valueName":"search_term_string"}}],"inLanguage":"cs"},{"@type":"Organization","@id":"https:\/\/www.marcelina-pracownia.com\/#organization","name":"Marcelina Pracownia - Zaproszenia \u015blubne Marcelina","url":"https:\/\/www.marcelina-pracownia.com\/","logo":{"@type":"ImageObject","inLanguage":"cs","@id":"https:\/\/www.marcelina-pracownia.com\/#\/schema\/logo\/image\/","url":"","contentUrl":"","caption":"Marcelina Pracownia - Zaproszenia \u015blubne Marcelina"},"image":{"@id":"https:\/\/www.marcelina-pracownia.com\/#\/schema\/logo\/image\/"},"sameAs":["https:\/\/www.facebook.com\/marcelinapracownia"]}]}},"_links":{"self":[{"href":"https:\/\/www.marcelina-pracownia.com\/cs\/wp-json\/wp\/v2\/product\/22317","targetHints":{"allow":["GET"]}}],"collection":[{"href":"https:\/\/www.marcelina-pracownia.com\/cs\/wp-json\/wp\/v2\/product"}],"about":[{"href":"https:\/\/www.marcelina-pracownia.com\/cs\/wp-json\/wp\/v2\/types\/product"}],"replies":[{"embeddable":true,"href":"https:\/\/www.marcelina-pracownia.com\/cs\/wp-json\/wp\/v2\/comments?post=22317"}],"wp:featuredmedia":[{"embeddable":true,"href":"https:\/\/www.marcelina-pracownia.com\/cs\/wp-json\/wp\/v2\/media\/22388"}],"wp:attachment":[{"href":"https:\/\/www.marcelina-pracownia.com\/cs\/wp-json\/wp\/v2\/media?parent=22317"}],"wp:term":[{"taxonomy":"product_brand","embeddable":true,"href":"https:\/\/www.marcelina-pracownia.com\/cs\/wp-json\/wp\/v2\/product_brand?post=22317"},{"taxonomy":"product_cat","embeddable":true,"href":"https:\/\/www.marcelina-pracownia.com\/cs\/wp-json\/wp\/v2\/product_cat?post=22317"},{"taxonomy":"product_tag","embeddable":true,"href":"https:\/\/www.marcelina-pracownia.com\/cs\/wp-json\/wp\/v2\/product_tag?post=22317"}],"curies":[{"name":"wp","href":"https:\/\/api.w.org\/{rel}","templated":true}]}}