



{"id":20683,"date":"2024-10-31T11:18:11","date_gmt":"2024-10-31T10:18:11","guid":{"rendered":"https:\/\/www.marcelina-pracownia.com\/?post_type=product&#038;p=20683"},"modified":"2025-01-18T21:02:14","modified_gmt":"2025-01-18T20:02:14","slug":"zaproszenie-slubne-w-folderze-kolorowa-gipsowka","status":"publish","type":"product","link":"https:\/\/www.marcelina-pracownia.com\/cs\/product\/zaproszenie-slubne-w-folderze-kolorowa-gipsowka\/","title":{"rendered":"Zaproszenie \u015blubne w folderze &#8211; Kolorowa gips\u00f3wka"},"content":{"rendered":"<h1 style=\"text-align: center;\">Zaproszenie z motywem kolorowej gips\u00f3wki z dodatkiem r\u00f3\u017cu.<\/h1>\n<h5 style=\"text-align: center;\"><img decoding=\"async\" class=\"alignnone size-full wp-image-89\" src=\"https:\/\/www.marcelina-pracownia.com\/wp-content\/uploads\/2022\/04\/serce2.png\" alt=\"\" width=\"32\" height=\"26\" \/><\/h5>\n<p style=\"text-align: center;\"><strong>Zaproszenie \u015blubne w folderze \u2013 Kolorowa gips\u00f3wka<\/strong><\/p>\n<p style=\"text-align: center;\">Radosne zaproszenie \u015blubne z motywem kolorowej gips\u00f3wki, kt\u00f3re wprowadza \u015bwie\u017co\u015b\u0107, lekko\u015b\u0107 i romantyzm na Wasz\u0105 uroczysto\u015b\u0107.<\/p>\n<p style=\"text-align: center;\"><strong>Materia\u0142y premium<\/strong><br \/>\nZaproszenie drukowane na papierze o gramaturze 250 g. Dzi\u0119ki zastosowaniu dodatkowego podklejenia ka\u017cdej karty gramatura ca\u0142kowita zaproszenia mo\u017ce wynosi\u0107 a\u017c do 800 g. To sprawia, \u017ce zaproszenie jest niezwykle sztywne, trwa\u0142e i luksusowe w dotyku. Z\u0142ota ramka podkre\u015bla elegancj\u0119 i dodaje zaproszeniu wyj\u0105tkowego blasku.<\/p>\n<p style=\"text-align: center;\"><strong>Styl i motyw<\/strong><br \/>\nMotyw kolorowej gips\u00f3wki z dodatkiem r\u00f3\u017cu doskonale pasuje do wesel w stylu romantycznym, glamour oraz boho. Po\u0142\u0105czenie delikatnych kwiatowych wzor\u00f3w z intensywnymi kolorami tworzy harmonijn\u0105 kompozycj\u0119, kt\u00f3ra przyci\u0105ga uwag\u0119 ka\u017cdego go\u015bcia.<\/p>\n<p style=\"text-align: center;\" class=\"translation-block\"><strong>Sada obsahuje<\/strong><br> Slo\u017eka s odpov\u00eddaj\u00edc\u00edm \u0159et\u011bzcem<br> Mo\u017enost dokoupen\u00ed dal\u0161\u00edho p\u0159\u00edslu\u0161enstv\u00ed, jako jsou karty, ob\u00e1lky nebo vlo\u017eky do ob\u00e1lek s grafick\u00fdmi motivy<\/p>\n<p style=\"text-align: center;\" class=\"translation-block\"><strong>Personalizace<\/strong><br> Jak\u00fdkoli obsah pozv\u00e1nky p\u0159izp\u016fsoben\u00fd va\u0161im pot\u0159eb\u00e1m.<br> M\u016f\u017eete si zvolit styl p\u00edsma a mo\u017enost zlacen\u00ed nebo post\u0159\u00edb\u0159en\u00ed textu a vytvo\u0159it tak pozv\u00e1nku, kter\u00e1 dokonale odpov\u00edd\u00e1 povaze va\u0161\u00ed oslavy.<\/p>\n<p style=\"text-align: center;\"><strong>Dlaczego warto wybra\u0107 to zaproszenie?<\/strong><br \/>\nZaproszenie z motywem kolorowej gips\u00f3wki to po\u0142\u0105czenie \u015bwie\u017co\u015bci, lekko\u015bci i elegancji. Dzi\u0119ki pi\u0119knemu wzorowi i luksusowemu wyko\u0144czeniu b\u0119dzie doskona\u0142ym wyborem na uroczysto\u015bci pe\u0142ne mi\u0142o\u015bci i rado\u015bci.<\/p>\n<p style=\"text-align: center;\" class=\"translation-block\"><strong>M\u00e1te n\u011bjak\u00e9 ot\u00e1zky?<\/strong><br> Pokud pot\u0159ebujete pomoc s v\u00fdb\u011brem p\u0159\u00edslu\u0161enstv\u00ed nebo se chcete dozv\u011bd\u011bt v\u00edce o mo\u017enostech personalizace, kontaktujte n\u00e1s \u2013 r\u00e1di v\u00e1m porad\u00edme!<\/p>","protected":false},"excerpt":{"rendered":"<p>Zaproszenie z motywem kolorowej gips\u00f3wki z dodatkiem r\u00f3\u017cu. Zaproszenie \u015blubne w folderze \u2013 Kolorowa gips\u00f3wka Radosne zaproszenie \u015blubne z motywem kolorowej gips\u00f3wki, kt\u00f3re wprowadza \u015bwie\u017co\u015b\u0107, lekko\u015b\u0107 i romantyzm na Wasz\u0105 uroczysto\u015b\u0107. Materia\u0142y premium Zaproszenie drukowane na papierze o gramaturze 250 g. Dzi\u0119ki zastosowaniu dodatkowego podklejenia ka\u017cdej karty gramatura ca\u0142kowita zaproszenia mo\u017ce wynosi\u0107 a\u017c do 800 [&hellip;]<\/p>","protected":false},"featured_media":21438,"comment_status":"closed","ping_status":"closed","template":"","meta":{"inline_featured_image":false},"product_brand":[],"product_cat":[173,177,152,157,162,164,134],"product_tag":[],"class_list":{"0":"post-20683","1":"product","2":"type-product","3":"status-publish","4":"has-post-thumbnail","6":"product_cat-zaproszenia-slubne-w-folderze","7":"product_cat-nowosci","8":"product_cat-nowosci-2025","9":"product_cat-kwiatowe","10":"product_cat-akwarelowe","11":"product_cat-roslinne","12":"product_cat-zaproszenia-slubne","14":"first","15":"instock","16":"shipping-taxable","17":"purchasable","18":"product-type-simple"},"yoast_head":"<!-- This site is optimized with the Yoast SEO plugin v24.5 - https:\/\/yoast.com\/wordpress\/plugins\/seo\/ -->\n<title>Zaproszenie \u015blubne w folderze - Kolorowa gips\u00f3wka - Marcelina Pracownia - Zaproszenia \u015blubne Marcelina<\/title>\n<meta name=\"robots\" content=\"index, follow, max-snippet:-1, max-image-preview:large, max-video-preview:-1\" \/>\n<link rel=\"canonical\" href=\"https:\/\/www.marcelina-pracownia.com\/cs\/product\/zaproszenie-slubne-w-folderze-kolorowa-gipsowka\/\" \/>\n<meta property=\"og:locale\" content=\"cs_CZ\" \/>\n<meta property=\"og:type\" content=\"article\" \/>\n<meta property=\"og:title\" content=\"Zaproszenie \u015blubne w folderze - Kolorowa gips\u00f3wka - Marcelina Pracownia - Zaproszenia \u015blubne Marcelina\" \/>\n<meta property=\"og:description\" content=\"Zaproszenie z motywem kolorowej gips\u00f3wki z dodatkiem r\u00f3\u017cu. Zaproszenie \u015blubne w folderze \u2013 Kolorowa gips\u00f3wka Radosne zaproszenie \u015blubne z motywem kolorowej gips\u00f3wki, kt\u00f3re wprowadza \u015bwie\u017co\u015b\u0107, lekko\u015b\u0107 i romantyzm na Wasz\u0105 uroczysto\u015b\u0107. Materia\u0142y premium Zaproszenie drukowane na papierze o gramaturze 250 g. Dzi\u0119ki zastosowaniu dodatkowego podklejenia ka\u017cdej karty gramatura ca\u0142kowita zaproszenia mo\u017ce wynosi\u0107 a\u017c do 800 [&hellip;]\" \/>\n<meta property=\"og:url\" content=\"https:\/\/www.marcelina-pracownia.com\/cs\/product\/zaproszenie-slubne-w-folderze-kolorowa-gipsowka\/\" \/>\n<meta property=\"og:site_name\" content=\"Marcelina Pracownia - Zaproszenia \u015blubne Marcelina\" \/>\n<meta property=\"article:publisher\" content=\"https:\/\/www.facebook.com\/marcelinapracownia\" \/>\n<meta property=\"article:modified_time\" content=\"2025-01-18T20:02:14+00:00\" \/>\n<meta property=\"og:image\" content=\"https:\/\/www.marcelina-pracownia.com\/wp-content\/uploads\/2024\/01\/7w8a3559.jpg\" \/>\n\t<meta property=\"og:image:width\" content=\"1000\" \/>\n\t<meta property=\"og:image:height\" content=\"1500\" \/>\n\t<meta property=\"og:image:type\" content=\"image\/jpeg\" \/>\n<meta name=\"twitter:card\" content=\"summary_large_image\" \/>\n<meta name=\"twitter:label1\" content=\"Odhadovan\u00e1 doba \u010dten\u00ed\" \/>\n\t<meta name=\"twitter:data1\" content=\"2 minuty\" \/>\n<script type=\"application\/ld+json\" class=\"yoast-schema-graph\">{\"@context\":\"https:\/\/schema.org\",\"@graph\":[{\"@type\":\"WebPage\",\"@id\":\"https:\/\/www.marcelina-pracownia.com\/product\/zaproszenie-slubne-w-folderze-kolorowa-gipsowka\/\",\"url\":\"https:\/\/www.marcelina-pracownia.com\/product\/zaproszenie-slubne-w-folderze-kolorowa-gipsowka\/\",\"name\":\"Zaproszenie \u015blubne w folderze - Kolorowa gips\u00f3wka - Marcelina Pracownia - Zaproszenia \u015blubne Marcelina\",\"isPartOf\":{\"@id\":\"https:\/\/www.marcelina-pracownia.com\/#website\"},\"primaryImageOfPage\":{\"@id\":\"https:\/\/www.marcelina-pracownia.com\/product\/zaproszenie-slubne-w-folderze-kolorowa-gipsowka\/#primaryimage\"},\"image\":{\"@id\":\"https:\/\/www.marcelina-pracownia.com\/product\/zaproszenie-slubne-w-folderze-kolorowa-gipsowka\/#primaryimage\"},\"thumbnailUrl\":\"https:\/\/www.marcelina-pracownia.com\/wp-content\/uploads\/2024\/01\/7w8a3559.jpg\",\"datePublished\":\"2024-10-31T10:18:11+00:00\",\"dateModified\":\"2025-01-18T20:02:14+00:00\",\"breadcrumb\":{\"@id\":\"https:\/\/www.marcelina-pracownia.com\/product\/zaproszenie-slubne-w-folderze-kolorowa-gipsowka\/#breadcrumb\"},\"inLanguage\":\"cs\",\"potentialAction\":[{\"@type\":\"ReadAction\",\"target\":[\"https:\/\/www.marcelina-pracownia.com\/product\/zaproszenie-slubne-w-folderze-kolorowa-gipsowka\/\"]}]},{\"@type\":\"ImageObject\",\"inLanguage\":\"cs\",\"@id\":\"https:\/\/www.marcelina-pracownia.com\/product\/zaproszenie-slubne-w-folderze-kolorowa-gipsowka\/#primaryimage\",\"url\":\"https:\/\/www.marcelina-pracownia.com\/wp-content\/uploads\/2024\/01\/7w8a3559.jpg\",\"contentUrl\":\"https:\/\/www.marcelina-pracownia.com\/wp-content\/uploads\/2024\/01\/7w8a3559.jpg\",\"width\":1000,\"height\":1500},{\"@type\":\"BreadcrumbList\",\"@id\":\"https:\/\/www.marcelina-pracownia.com\/product\/zaproszenie-slubne-w-folderze-kolorowa-gipsowka\/#breadcrumb\",\"itemListElement\":[{\"@type\":\"ListItem\",\"position\":1,\"name\":\"Strona g\u0142\u00f3wna\",\"item\":\"https:\/\/www.marcelina-pracownia.com\/\"},{\"@type\":\"ListItem\",\"position\":2,\"name\":\"Shop\",\"item\":\"https:\/\/www.marcelina-pracownia.com\/shop-2\/\"},{\"@type\":\"ListItem\",\"position\":3,\"name\":\"Zaproszenie \u015blubne w folderze &#8211; Kolorowa gips\u00f3wka\"}]},{\"@type\":\"WebSite\",\"@id\":\"https:\/\/www.marcelina-pracownia.com\/#website\",\"url\":\"https:\/\/www.marcelina-pracownia.com\/\",\"name\":\"Marcelina Pracownia - Zaproszenia \u015blubne Marcelina\",\"description\":\"\",\"publisher\":{\"@id\":\"https:\/\/www.marcelina-pracownia.com\/#organization\"},\"potentialAction\":[{\"@type\":\"SearchAction\",\"target\":{\"@type\":\"EntryPoint\",\"urlTemplate\":\"https:\/\/www.marcelina-pracownia.com\/?s={search_term_string}\"},\"query-input\":{\"@type\":\"PropertyValueSpecification\",\"valueRequired\":true,\"valueName\":\"search_term_string\"}}],\"inLanguage\":\"cs\"},{\"@type\":\"Organization\",\"@id\":\"https:\/\/www.marcelina-pracownia.com\/#organization\",\"name\":\"Marcelina Pracownia - Zaproszenia \u015blubne Marcelina\",\"url\":\"https:\/\/www.marcelina-pracownia.com\/\",\"logo\":{\"@type\":\"ImageObject\",\"inLanguage\":\"cs\",\"@id\":\"https:\/\/www.marcelina-pracownia.com\/#\/schema\/logo\/image\/\",\"url\":\"\",\"contentUrl\":\"\",\"caption\":\"Marcelina Pracownia - Zaproszenia \u015blubne Marcelina\"},\"image\":{\"@id\":\"https:\/\/www.marcelina-pracownia.com\/#\/schema\/logo\/image\/\"},\"sameAs\":[\"https:\/\/www.facebook.com\/marcelinapracownia\"]}]}<\/script>\n<!-- \/ Yoast SEO plugin. -->","yoast_head_json":{"title":"Zaproszenie \u015blubne w folderze - Kolorowa gips\u00f3wka - Marcelina Pracownia - Zaproszenia \u015blubne Marcelina","robots":{"index":"index","follow":"follow","max-snippet":"max-snippet:-1","max-image-preview":"max-image-preview:large","max-video-preview":"max-video-preview:-1"},"canonical":"https:\/\/www.marcelina-pracownia.com\/cs\/product\/zaproszenie-slubne-w-folderze-kolorowa-gipsowka\/","og_locale":"cs_CZ","og_type":"article","og_title":"Zaproszenie \u015blubne w folderze - Kolorowa gips\u00f3wka - Marcelina Pracownia - Zaproszenia \u015blubne Marcelina","og_description":"Zaproszenie z motywem kolorowej gips\u00f3wki z dodatkiem r\u00f3\u017cu. Zaproszenie \u015blubne w folderze \u2013 Kolorowa gips\u00f3wka Radosne zaproszenie \u015blubne z motywem kolorowej gips\u00f3wki, kt\u00f3re wprowadza \u015bwie\u017co\u015b\u0107, lekko\u015b\u0107 i romantyzm na Wasz\u0105 uroczysto\u015b\u0107. Materia\u0142y premium Zaproszenie drukowane na papierze o gramaturze 250 g. Dzi\u0119ki zastosowaniu dodatkowego podklejenia ka\u017cdej karty gramatura ca\u0142kowita zaproszenia mo\u017ce wynosi\u0107 a\u017c do 800 [&hellip;]","og_url":"https:\/\/www.marcelina-pracownia.com\/cs\/product\/zaproszenie-slubne-w-folderze-kolorowa-gipsowka\/","og_site_name":"Marcelina Pracownia - Zaproszenia \u015blubne Marcelina","article_publisher":"https:\/\/www.facebook.com\/marcelinapracownia","article_modified_time":"2025-01-18T20:02:14+00:00","og_image":[{"width":1000,"height":1500,"url":"https:\/\/www.marcelina-pracownia.com\/wp-content\/uploads\/2024\/01\/7w8a3559.jpg","type":"image\/jpeg"}],"twitter_card":"summary_large_image","twitter_misc":{"Odhadovan\u00e1 doba \u010dten\u00ed":"2 minuty"},"schema":{"@context":"https:\/\/schema.org","@graph":[{"@type":"WebPage","@id":"https:\/\/www.marcelina-pracownia.com\/product\/zaproszenie-slubne-w-folderze-kolorowa-gipsowka\/","url":"https:\/\/www.marcelina-pracownia.com\/product\/zaproszenie-slubne-w-folderze-kolorowa-gipsowka\/","name":"Zaproszenie \u015blubne w folderze - Kolorowa gips\u00f3wka - Marcelina Pracownia - Zaproszenia \u015blubne Marcelina","isPartOf":{"@id":"https:\/\/www.marcelina-pracownia.com\/#website"},"primaryImageOfPage":{"@id":"https:\/\/www.marcelina-pracownia.com\/product\/zaproszenie-slubne-w-folderze-kolorowa-gipsowka\/#primaryimage"},"image":{"@id":"https:\/\/www.marcelina-pracownia.com\/product\/zaproszenie-slubne-w-folderze-kolorowa-gipsowka\/#primaryimage"},"thumbnailUrl":"https:\/\/www.marcelina-pracownia.com\/wp-content\/uploads\/2024\/01\/7w8a3559.jpg","datePublished":"2024-10-31T10:18:11+00:00","dateModified":"2025-01-18T20:02:14+00:00","breadcrumb":{"@id":"https:\/\/www.marcelina-pracownia.com\/product\/zaproszenie-slubne-w-folderze-kolorowa-gipsowka\/#breadcrumb"},"inLanguage":"cs","potentialAction":[{"@type":"ReadAction","target":["https:\/\/www.marcelina-pracownia.com\/product\/zaproszenie-slubne-w-folderze-kolorowa-gipsowka\/"]}]},{"@type":"ImageObject","inLanguage":"cs","@id":"https:\/\/www.marcelina-pracownia.com\/product\/zaproszenie-slubne-w-folderze-kolorowa-gipsowka\/#primaryimage","url":"https:\/\/www.marcelina-pracownia.com\/wp-content\/uploads\/2024\/01\/7w8a3559.jpg","contentUrl":"https:\/\/www.marcelina-pracownia.com\/wp-content\/uploads\/2024\/01\/7w8a3559.jpg","width":1000,"height":1500},{"@type":"BreadcrumbList","@id":"https:\/\/www.marcelina-pracownia.com\/product\/zaproszenie-slubne-w-folderze-kolorowa-gipsowka\/#breadcrumb","itemListElement":[{"@type":"ListItem","position":1,"name":"Strona g\u0142\u00f3wna","item":"https:\/\/www.marcelina-pracownia.com\/"},{"@type":"ListItem","position":2,"name":"Shop","item":"https:\/\/www.marcelina-pracownia.com\/shop-2\/"},{"@type":"ListItem","position":3,"name":"Zaproszenie \u015blubne w folderze &#8211; Kolorowa gips\u00f3wka"}]},{"@type":"WebSite","@id":"https:\/\/www.marcelina-pracownia.com\/#website","url":"https:\/\/www.marcelina-pracownia.com\/","name":"Marcelina Pracownia - Zaproszenia \u015blubne Marcelina","description":"","publisher":{"@id":"https:\/\/www.marcelina-pracownia.com\/#organization"},"potentialAction":[{"@type":"SearchAction","target":{"@type":"EntryPoint","urlTemplate":"https:\/\/www.marcelina-pracownia.com\/?s={search_term_string}"},"query-input":{"@type":"PropertyValueSpecification","valueRequired":true,"valueName":"search_term_string"}}],"inLanguage":"cs"},{"@type":"Organization","@id":"https:\/\/www.marcelina-pracownia.com\/#organization","name":"Marcelina Pracownia - Zaproszenia \u015blubne Marcelina","url":"https:\/\/www.marcelina-pracownia.com\/","logo":{"@type":"ImageObject","inLanguage":"cs","@id":"https:\/\/www.marcelina-pracownia.com\/#\/schema\/logo\/image\/","url":"","contentUrl":"","caption":"Marcelina Pracownia - Zaproszenia \u015blubne Marcelina"},"image":{"@id":"https:\/\/www.marcelina-pracownia.com\/#\/schema\/logo\/image\/"},"sameAs":["https:\/\/www.facebook.com\/marcelinapracownia"]}]}},"_links":{"self":[{"href":"https:\/\/www.marcelina-pracownia.com\/cs\/wp-json\/wp\/v2\/product\/20683","targetHints":{"allow":["GET"]}}],"collection":[{"href":"https:\/\/www.marcelina-pracownia.com\/cs\/wp-json\/wp\/v2\/product"}],"about":[{"href":"https:\/\/www.marcelina-pracownia.com\/cs\/wp-json\/wp\/v2\/types\/product"}],"replies":[{"embeddable":true,"href":"https:\/\/www.marcelina-pracownia.com\/cs\/wp-json\/wp\/v2\/comments?post=20683"}],"wp:featuredmedia":[{"embeddable":true,"href":"https:\/\/www.marcelina-pracownia.com\/cs\/wp-json\/wp\/v2\/media\/21438"}],"wp:attachment":[{"href":"https:\/\/www.marcelina-pracownia.com\/cs\/wp-json\/wp\/v2\/media?parent=20683"}],"wp:term":[{"taxonomy":"product_brand","embeddable":true,"href":"https:\/\/www.marcelina-pracownia.com\/cs\/wp-json\/wp\/v2\/product_brand?post=20683"},{"taxonomy":"product_cat","embeddable":true,"href":"https:\/\/www.marcelina-pracownia.com\/cs\/wp-json\/wp\/v2\/product_cat?post=20683"},{"taxonomy":"product_tag","embeddable":true,"href":"https:\/\/www.marcelina-pracownia.com\/cs\/wp-json\/wp\/v2\/product_tag?post=20683"}],"curies":[{"name":"wp","href":"https:\/\/api.w.org\/{rel}","templated":true}]}}