



{"id":20604,"date":"2024-10-08T09:24:32","date_gmt":"2024-10-08T07:24:32","guid":{"rendered":"https:\/\/www.marcelina-pracownia.com\/?post_type=product&#038;p=20604"},"modified":"2025-01-15T19:53:31","modified_gmt":"2025-01-15T18:53:31","slug":"zaproszenie-slubne-w-folderze-bialy-bukiet-z-roza-eustoma-i-gipsowka","status":"publish","type":"product","link":"https:\/\/www.marcelina-pracownia.com\/cs\/product\/zaproszenie-slubne-w-folderze-bialy-bukiet-z-roza-eustoma-i-gipsowka\/","title":{"rendered":"Zaproszenie \u015blubne glamour w folderze &#8211; Bia\u0142y bukiet z r\u00f3\u017c\u0105, eustom\u0105 i gips\u00f3wk\u0105"},"content":{"rendered":"<h1 style=\"text-align: center;\">Zaproszenie z motywem pi\u0119knych bia\u0142ych kwiat\u00f3w z dodatkiem zieleni.<\/h1>\n<h5 style=\"text-align: center;\"><img decoding=\"async\" class=\"alignnone size-full wp-image-89\" src=\"https:\/\/www.marcelina-pracownia.com\/wp-content\/uploads\/2022\/04\/serce2.png\" alt=\"\" width=\"32\" height=\"26\" \/><\/h5>\n<p style=\"text-align: center;\"><strong>Zaproszenie \u015blubne glamour w folderze \u2013 Bia\u0142y bukiet z r\u00f3\u017c\u0105, eustom\u0105 i gips\u00f3wk\u0105<\/strong><\/p>\n<p style=\"text-align: center;\">Ekskluzywne zaproszenie \u015blubne z motywem eleganckiego bia\u0142ego bukietu, kt\u00f3ry \u0142\u0105czy r\u00f3\u017ce, eustom\u0119 i gips\u00f3wk\u0119 z delikatnymi zielonymi akcentami.<\/p>\n<p style=\"text-align: center;\" class=\"translation-block\"><strong>Pr\u00e9miov\u00e9 materi\u00e1ly<\/strong><br> Pozv\u00e1nka je vyti\u0161t\u011bna na 250g pap\u00edru. Dodate\u010dn\u00fdm nalepen\u00edm ka\u017ed\u00e9 karty m\u016f\u017ee celkov\u00e1 hmotnost pozv\u00e1nky dos\u00e1hnout a\u017e 800g.<br> D\u00edky tomu je pozv\u00e1nka extr\u00e9mn\u011b pevn\u00e1, odoln\u00e1 a luxusn\u00ed na dotek.<br> Zlat\u00fd r\u00e1m a zlacen\u00fd text dod\u00e1vaj\u00ed celku jedine\u010dn\u00fd lesk.<\/p>\n<p style=\"text-align: center;\" class=\"translation-block\"><strong>Styl a t\u00e9ma<\/strong><br> Motiv b\u00edl\u00e9 kytice s r\u016f\u017e\u00ed, eustomou a gypsofilou v kombinaci s jemn\u00fdmi zelen\u00fdmi akcenty se perfektn\u011b hod\u00ed pro svatby v okouzluj\u00edc\u00edm, klasick\u00e9m i rustik\u00e1ln\u00edm stylu.<br> Elegantn\u00ed kv\u011btinov\u00e9 vzory vytv\u00e1\u0159ej\u00ed harmonickou kompozici, kter\u00e1 zd\u016fraz\u0148uje jedine\u010dn\u00fd charakter oslavy.<\/p>\n<p style=\"text-align: center;\" class=\"translation-block\"><strong>Sada obsahuje<\/strong><br> Slo\u017eka s odpov\u00eddaj\u00edc\u00edm \u0159et\u011bzcem<br> Mo\u017enost dokoupen\u00ed dal\u0161\u00edho p\u0159\u00edslu\u0161enstv\u00ed, jako jsou karty, ob\u00e1lky nebo vlo\u017eky do ob\u00e1lek s grafick\u00fdmi motivy<\/p>\n<p style=\"text-align: center;\" class=\"translation-block\"><strong>Personalizace<\/strong><br> Jak\u00fdkoli obsah pozv\u00e1nky p\u0159izp\u016fsoben\u00fd va\u0161im pot\u0159eb\u00e1m.<br> M\u016f\u017eete si zvolit styl p\u00edsma a mo\u017enost zlacen\u00ed nebo post\u0159\u00edb\u0159en\u00ed textu a vytvo\u0159it tak pozv\u00e1nku, kter\u00e1 dokonale odpov\u00edd\u00e1 povaze va\u0161\u00ed oslavy.<\/p>\n<p style=\"text-align: center;\" class=\"translation-block\"><strong>Pro\u010d si vybrat tuto pozv\u00e1nku?<\/strong><br> Pozv\u00e1nka se vyzna\u010duje elegantn\u00edm kv\u011btinov\u00fdm motivem a luxusn\u00ed povrchovou \u00fapravou.<br> Toto je perfektn\u00ed volba pro p\u00e1ry, kter\u00e9 cht\u011bj\u00ed sv\u00e9mu ob\u0159adu dodat n\u00e1dech jemn\u00e9ho lesku a elegance.<\/p>\n<p style=\"text-align: center;\" class=\"translation-block\"><strong>M\u00e1te n\u011bjak\u00e9 ot\u00e1zky?<\/strong><br> Pokud pot\u0159ebujete pomoc s v\u00fdb\u011brem p\u0159\u00edslu\u0161enstv\u00ed nebo se chcete dozv\u011bd\u011bt v\u00edce o mo\u017enostech personalizace, kontaktujte n\u00e1s \u2013 r\u00e1di v\u00e1m porad\u00edme!<\/p>","protected":false},"excerpt":{"rendered":"<p>Zaproszenie z motywem pi\u0119knych bia\u0142ych kwiat\u00f3w z dodatkiem zieleni. Zaproszenie \u015blubne glamour w folderze \u2013 Bia\u0142y bukiet z r\u00f3\u017c\u0105, eustom\u0105 i gips\u00f3wk\u0105 Ekskluzywne zaproszenie \u015blubne z motywem eleganckiego bia\u0142ego bukietu, kt\u00f3ry \u0142\u0105czy r\u00f3\u017ce, eustom\u0119 i gips\u00f3wk\u0119 z delikatnymi zielonymi akcentami. Materia\u0142y premium Zaproszenie drukowane na papierze o gramaturze 250 g. Dzi\u0119ki zastosowaniu dodatkowego podklejenia ka\u017cdej [&hellip;]<\/p>","protected":false},"featured_media":21380,"comment_status":"closed","ping_status":"closed","template":"","meta":{"inline_featured_image":false},"product_brand":[],"product_cat":[173,177,152,153,155,157,163,134],"product_tag":[],"class_list":{"0":"post-20604","1":"product","2":"type-product","3":"status-publish","4":"has-post-thumbnail","6":"product_cat-zaproszenia-slubne-w-folderze","7":"product_cat-nowosci","8":"product_cat-nowosci-2025","9":"product_cat-glamour","10":"product_cat-rustykalne","11":"product_cat-kwiatowe","12":"product_cat-romantyczne","13":"product_cat-zaproszenia-slubne","15":"first","16":"instock","17":"shipping-taxable","18":"purchasable","19":"product-type-simple"},"yoast_head":"<!-- This site is optimized with the Yoast SEO plugin v24.5 - https:\/\/yoast.com\/wordpress\/plugins\/seo\/ -->\n<title>Zaproszenie \u015blubne glamour w folderze - Bia\u0142y bukiet z r\u00f3\u017c\u0105, eustom\u0105 i gips\u00f3wk\u0105 - Marcelina Pracownia - Zaproszenia \u015blubne Marcelina<\/title>\n<meta name=\"robots\" content=\"index, follow, max-snippet:-1, max-image-preview:large, max-video-preview:-1\" \/>\n<link rel=\"canonical\" href=\"https:\/\/www.marcelina-pracownia.com\/cs\/product\/zaproszenie-slubne-w-folderze-bialy-bukiet-z-roza-eustoma-i-gipsowka\/\" \/>\n<meta property=\"og:locale\" content=\"cs_CZ\" \/>\n<meta property=\"og:type\" content=\"article\" \/>\n<meta property=\"og:title\" content=\"Zaproszenie \u015blubne glamour w folderze - Bia\u0142y bukiet z r\u00f3\u017c\u0105, eustom\u0105 i gips\u00f3wk\u0105 - Marcelina Pracownia - Zaproszenia \u015blubne Marcelina\" \/>\n<meta property=\"og:description\" content=\"Zaproszenie z motywem pi\u0119knych bia\u0142ych kwiat\u00f3w z dodatkiem zieleni. Zaproszenie \u015blubne glamour w folderze \u2013 Bia\u0142y bukiet z r\u00f3\u017c\u0105, eustom\u0105 i gips\u00f3wk\u0105 Ekskluzywne zaproszenie \u015blubne z motywem eleganckiego bia\u0142ego bukietu, kt\u00f3ry \u0142\u0105czy r\u00f3\u017ce, eustom\u0119 i gips\u00f3wk\u0119 z delikatnymi zielonymi akcentami. Materia\u0142y premium Zaproszenie drukowane na papierze o gramaturze 250 g. Dzi\u0119ki zastosowaniu dodatkowego podklejenia ka\u017cdej [&hellip;]\" \/>\n<meta property=\"og:url\" content=\"https:\/\/www.marcelina-pracownia.com\/cs\/product\/zaproszenie-slubne-w-folderze-bialy-bukiet-z-roza-eustoma-i-gipsowka\/\" \/>\n<meta property=\"og:site_name\" content=\"Marcelina Pracownia - Zaproszenia \u015blubne Marcelina\" \/>\n<meta property=\"article:publisher\" content=\"https:\/\/www.facebook.com\/marcelinapracownia\" \/>\n<meta property=\"article:modified_time\" content=\"2025-01-15T18:53:31+00:00\" \/>\n<meta property=\"og:image\" content=\"https:\/\/www.marcelina-pracownia.com\/wp-content\/uploads\/2024\/10\/7w8a3622.jpg\" \/>\n\t<meta property=\"og:image:width\" content=\"1000\" \/>\n\t<meta property=\"og:image:height\" content=\"1500\" \/>\n\t<meta property=\"og:image:type\" content=\"image\/jpeg\" \/>\n<meta name=\"twitter:card\" content=\"summary_large_image\" \/>\n<meta name=\"twitter:label1\" content=\"Odhadovan\u00e1 doba \u010dten\u00ed\" \/>\n\t<meta name=\"twitter:data1\" content=\"2 minuty\" \/>\n<script type=\"application\/ld+json\" class=\"yoast-schema-graph\">{\"@context\":\"https:\/\/schema.org\",\"@graph\":[{\"@type\":\"WebPage\",\"@id\":\"https:\/\/www.marcelina-pracownia.com\/product\/zaproszenie-slubne-w-folderze-bialy-bukiet-z-roza-eustoma-i-gipsowka\/\",\"url\":\"https:\/\/www.marcelina-pracownia.com\/product\/zaproszenie-slubne-w-folderze-bialy-bukiet-z-roza-eustoma-i-gipsowka\/\",\"name\":\"Zaproszenie \u015blubne glamour w folderze - Bia\u0142y bukiet z r\u00f3\u017c\u0105, eustom\u0105 i gips\u00f3wk\u0105 - Marcelina Pracownia - Zaproszenia \u015blubne Marcelina\",\"isPartOf\":{\"@id\":\"https:\/\/www.marcelina-pracownia.com\/#website\"},\"primaryImageOfPage\":{\"@id\":\"https:\/\/www.marcelina-pracownia.com\/product\/zaproszenie-slubne-w-folderze-bialy-bukiet-z-roza-eustoma-i-gipsowka\/#primaryimage\"},\"image\":{\"@id\":\"https:\/\/www.marcelina-pracownia.com\/product\/zaproszenie-slubne-w-folderze-bialy-bukiet-z-roza-eustoma-i-gipsowka\/#primaryimage\"},\"thumbnailUrl\":\"https:\/\/www.marcelina-pracownia.com\/wp-content\/uploads\/2024\/10\/7w8a3622.jpg\",\"datePublished\":\"2024-10-08T07:24:32+00:00\",\"dateModified\":\"2025-01-15T18:53:31+00:00\",\"breadcrumb\":{\"@id\":\"https:\/\/www.marcelina-pracownia.com\/product\/zaproszenie-slubne-w-folderze-bialy-bukiet-z-roza-eustoma-i-gipsowka\/#breadcrumb\"},\"inLanguage\":\"cs\",\"potentialAction\":[{\"@type\":\"ReadAction\",\"target\":[\"https:\/\/www.marcelina-pracownia.com\/product\/zaproszenie-slubne-w-folderze-bialy-bukiet-z-roza-eustoma-i-gipsowka\/\"]}]},{\"@type\":\"ImageObject\",\"inLanguage\":\"cs\",\"@id\":\"https:\/\/www.marcelina-pracownia.com\/product\/zaproszenie-slubne-w-folderze-bialy-bukiet-z-roza-eustoma-i-gipsowka\/#primaryimage\",\"url\":\"https:\/\/www.marcelina-pracownia.com\/wp-content\/uploads\/2024\/10\/7w8a3622.jpg\",\"contentUrl\":\"https:\/\/www.marcelina-pracownia.com\/wp-content\/uploads\/2024\/10\/7w8a3622.jpg\",\"width\":1000,\"height\":1500},{\"@type\":\"BreadcrumbList\",\"@id\":\"https:\/\/www.marcelina-pracownia.com\/product\/zaproszenie-slubne-w-folderze-bialy-bukiet-z-roza-eustoma-i-gipsowka\/#breadcrumb\",\"itemListElement\":[{\"@type\":\"ListItem\",\"position\":1,\"name\":\"Strona g\u0142\u00f3wna\",\"item\":\"https:\/\/www.marcelina-pracownia.com\/\"},{\"@type\":\"ListItem\",\"position\":2,\"name\":\"Shop\",\"item\":\"https:\/\/www.marcelina-pracownia.com\/shop-2\/\"},{\"@type\":\"ListItem\",\"position\":3,\"name\":\"Zaproszenie \u015blubne glamour w folderze &#8211; Bia\u0142y bukiet z r\u00f3\u017c\u0105, eustom\u0105 i gips\u00f3wk\u0105\"}]},{\"@type\":\"WebSite\",\"@id\":\"https:\/\/www.marcelina-pracownia.com\/#website\",\"url\":\"https:\/\/www.marcelina-pracownia.com\/\",\"name\":\"Marcelina Pracownia - Zaproszenia \u015blubne Marcelina\",\"description\":\"\",\"publisher\":{\"@id\":\"https:\/\/www.marcelina-pracownia.com\/#organization\"},\"potentialAction\":[{\"@type\":\"SearchAction\",\"target\":{\"@type\":\"EntryPoint\",\"urlTemplate\":\"https:\/\/www.marcelina-pracownia.com\/?s={search_term_string}\"},\"query-input\":{\"@type\":\"PropertyValueSpecification\",\"valueRequired\":true,\"valueName\":\"search_term_string\"}}],\"inLanguage\":\"cs\"},{\"@type\":\"Organization\",\"@id\":\"https:\/\/www.marcelina-pracownia.com\/#organization\",\"name\":\"Marcelina Pracownia - Zaproszenia \u015blubne Marcelina\",\"url\":\"https:\/\/www.marcelina-pracownia.com\/\",\"logo\":{\"@type\":\"ImageObject\",\"inLanguage\":\"cs\",\"@id\":\"https:\/\/www.marcelina-pracownia.com\/#\/schema\/logo\/image\/\",\"url\":\"\",\"contentUrl\":\"\",\"caption\":\"Marcelina Pracownia - Zaproszenia \u015blubne Marcelina\"},\"image\":{\"@id\":\"https:\/\/www.marcelina-pracownia.com\/#\/schema\/logo\/image\/\"},\"sameAs\":[\"https:\/\/www.facebook.com\/marcelinapracownia\"]}]}<\/script>\n<!-- \/ Yoast SEO plugin. -->","yoast_head_json":{"title":"Zaproszenie \u015blubne glamour w folderze - Bia\u0142y bukiet z r\u00f3\u017c\u0105, eustom\u0105 i gips\u00f3wk\u0105 - Marcelina Pracownia - Zaproszenia \u015blubne Marcelina","robots":{"index":"index","follow":"follow","max-snippet":"max-snippet:-1","max-image-preview":"max-image-preview:large","max-video-preview":"max-video-preview:-1"},"canonical":"https:\/\/www.marcelina-pracownia.com\/cs\/product\/zaproszenie-slubne-w-folderze-bialy-bukiet-z-roza-eustoma-i-gipsowka\/","og_locale":"cs_CZ","og_type":"article","og_title":"Zaproszenie \u015blubne glamour w folderze - Bia\u0142y bukiet z r\u00f3\u017c\u0105, eustom\u0105 i gips\u00f3wk\u0105 - Marcelina Pracownia - Zaproszenia \u015blubne Marcelina","og_description":"Zaproszenie z motywem pi\u0119knych bia\u0142ych kwiat\u00f3w z dodatkiem zieleni. Zaproszenie \u015blubne glamour w folderze \u2013 Bia\u0142y bukiet z r\u00f3\u017c\u0105, eustom\u0105 i gips\u00f3wk\u0105 Ekskluzywne zaproszenie \u015blubne z motywem eleganckiego bia\u0142ego bukietu, kt\u00f3ry \u0142\u0105czy r\u00f3\u017ce, eustom\u0119 i gips\u00f3wk\u0119 z delikatnymi zielonymi akcentami. Materia\u0142y premium Zaproszenie drukowane na papierze o gramaturze 250 g. Dzi\u0119ki zastosowaniu dodatkowego podklejenia ka\u017cdej [&hellip;]","og_url":"https:\/\/www.marcelina-pracownia.com\/cs\/product\/zaproszenie-slubne-w-folderze-bialy-bukiet-z-roza-eustoma-i-gipsowka\/","og_site_name":"Marcelina Pracownia - Zaproszenia \u015blubne Marcelina","article_publisher":"https:\/\/www.facebook.com\/marcelinapracownia","article_modified_time":"2025-01-15T18:53:31+00:00","og_image":[{"width":1000,"height":1500,"url":"https:\/\/www.marcelina-pracownia.com\/wp-content\/uploads\/2024\/10\/7w8a3622.jpg","type":"image\/jpeg"}],"twitter_card":"summary_large_image","twitter_misc":{"Odhadovan\u00e1 doba \u010dten\u00ed":"2 minuty"},"schema":{"@context":"https:\/\/schema.org","@graph":[{"@type":"WebPage","@id":"https:\/\/www.marcelina-pracownia.com\/product\/zaproszenie-slubne-w-folderze-bialy-bukiet-z-roza-eustoma-i-gipsowka\/","url":"https:\/\/www.marcelina-pracownia.com\/product\/zaproszenie-slubne-w-folderze-bialy-bukiet-z-roza-eustoma-i-gipsowka\/","name":"Zaproszenie \u015blubne glamour w folderze - Bia\u0142y bukiet z r\u00f3\u017c\u0105, eustom\u0105 i gips\u00f3wk\u0105 - Marcelina Pracownia - Zaproszenia \u015blubne Marcelina","isPartOf":{"@id":"https:\/\/www.marcelina-pracownia.com\/#website"},"primaryImageOfPage":{"@id":"https:\/\/www.marcelina-pracownia.com\/product\/zaproszenie-slubne-w-folderze-bialy-bukiet-z-roza-eustoma-i-gipsowka\/#primaryimage"},"image":{"@id":"https:\/\/www.marcelina-pracownia.com\/product\/zaproszenie-slubne-w-folderze-bialy-bukiet-z-roza-eustoma-i-gipsowka\/#primaryimage"},"thumbnailUrl":"https:\/\/www.marcelina-pracownia.com\/wp-content\/uploads\/2024\/10\/7w8a3622.jpg","datePublished":"2024-10-08T07:24:32+00:00","dateModified":"2025-01-15T18:53:31+00:00","breadcrumb":{"@id":"https:\/\/www.marcelina-pracownia.com\/product\/zaproszenie-slubne-w-folderze-bialy-bukiet-z-roza-eustoma-i-gipsowka\/#breadcrumb"},"inLanguage":"cs","potentialAction":[{"@type":"ReadAction","target":["https:\/\/www.marcelina-pracownia.com\/product\/zaproszenie-slubne-w-folderze-bialy-bukiet-z-roza-eustoma-i-gipsowka\/"]}]},{"@type":"ImageObject","inLanguage":"cs","@id":"https:\/\/www.marcelina-pracownia.com\/product\/zaproszenie-slubne-w-folderze-bialy-bukiet-z-roza-eustoma-i-gipsowka\/#primaryimage","url":"https:\/\/www.marcelina-pracownia.com\/wp-content\/uploads\/2024\/10\/7w8a3622.jpg","contentUrl":"https:\/\/www.marcelina-pracownia.com\/wp-content\/uploads\/2024\/10\/7w8a3622.jpg","width":1000,"height":1500},{"@type":"BreadcrumbList","@id":"https:\/\/www.marcelina-pracownia.com\/product\/zaproszenie-slubne-w-folderze-bialy-bukiet-z-roza-eustoma-i-gipsowka\/#breadcrumb","itemListElement":[{"@type":"ListItem","position":1,"name":"Strona g\u0142\u00f3wna","item":"https:\/\/www.marcelina-pracownia.com\/"},{"@type":"ListItem","position":2,"name":"Shop","item":"https:\/\/www.marcelina-pracownia.com\/shop-2\/"},{"@type":"ListItem","position":3,"name":"Zaproszenie \u015blubne glamour w folderze &#8211; Bia\u0142y bukiet z r\u00f3\u017c\u0105, eustom\u0105 i gips\u00f3wk\u0105"}]},{"@type":"WebSite","@id":"https:\/\/www.marcelina-pracownia.com\/#website","url":"https:\/\/www.marcelina-pracownia.com\/","name":"Marcelina Pracownia - Zaproszenia \u015blubne Marcelina","description":"","publisher":{"@id":"https:\/\/www.marcelina-pracownia.com\/#organization"},"potentialAction":[{"@type":"SearchAction","target":{"@type":"EntryPoint","urlTemplate":"https:\/\/www.marcelina-pracownia.com\/?s={search_term_string}"},"query-input":{"@type":"PropertyValueSpecification","valueRequired":true,"valueName":"search_term_string"}}],"inLanguage":"cs"},{"@type":"Organization","@id":"https:\/\/www.marcelina-pracownia.com\/#organization","name":"Marcelina Pracownia - Zaproszenia \u015blubne Marcelina","url":"https:\/\/www.marcelina-pracownia.com\/","logo":{"@type":"ImageObject","inLanguage":"cs","@id":"https:\/\/www.marcelina-pracownia.com\/#\/schema\/logo\/image\/","url":"","contentUrl":"","caption":"Marcelina Pracownia - Zaproszenia \u015blubne Marcelina"},"image":{"@id":"https:\/\/www.marcelina-pracownia.com\/#\/schema\/logo\/image\/"},"sameAs":["https:\/\/www.facebook.com\/marcelinapracownia"]}]}},"_links":{"self":[{"href":"https:\/\/www.marcelina-pracownia.com\/cs\/wp-json\/wp\/v2\/product\/20604","targetHints":{"allow":["GET"]}}],"collection":[{"href":"https:\/\/www.marcelina-pracownia.com\/cs\/wp-json\/wp\/v2\/product"}],"about":[{"href":"https:\/\/www.marcelina-pracownia.com\/cs\/wp-json\/wp\/v2\/types\/product"}],"replies":[{"embeddable":true,"href":"https:\/\/www.marcelina-pracownia.com\/cs\/wp-json\/wp\/v2\/comments?post=20604"}],"wp:featuredmedia":[{"embeddable":true,"href":"https:\/\/www.marcelina-pracownia.com\/cs\/wp-json\/wp\/v2\/media\/21380"}],"wp:attachment":[{"href":"https:\/\/www.marcelina-pracownia.com\/cs\/wp-json\/wp\/v2\/media?parent=20604"}],"wp:term":[{"taxonomy":"product_brand","embeddable":true,"href":"https:\/\/www.marcelina-pracownia.com\/cs\/wp-json\/wp\/v2\/product_brand?post=20604"},{"taxonomy":"product_cat","embeddable":true,"href":"https:\/\/www.marcelina-pracownia.com\/cs\/wp-json\/wp\/v2\/product_cat?post=20604"},{"taxonomy":"product_tag","embeddable":true,"href":"https:\/\/www.marcelina-pracownia.com\/cs\/wp-json\/wp\/v2\/product_tag?post=20604"}],"curies":[{"name":"wp","href":"https:\/\/api.w.org\/{rel}","templated":true}]}}