



{"id":20498,"date":"2024-01-21T19:54:14","date_gmt":"2024-01-21T18:54:14","guid":{"rendered":"https:\/\/www.marcelina-pracownia.com\/?post_type=product&#038;p=20498"},"modified":"2025-05-05T13:06:06","modified_gmt":"2025-05-05T11:06:06","slug":"winietki-skladane-duze-na-zdrapke-lotto-i-podziekowanie-dla-gosci","status":"publish","type":"product","link":"https:\/\/www.marcelina-pracownia.com\/cs\/product\/winietki-skladane-duze-na-zdrapke-lotto-i-podziekowanie-dla-gosci\/","title":{"rendered":"Winietki sk\u0142adane du\u017ce na zdrapk\u0119 Lotto i podzi\u0119kowanie dla go\u015bci"},"content":{"rendered":"<h2 style=\"text-align: center;\">Du\u017ce winietki sk\u0142adane po\u0142\u0105czone z podzi\u0119kowaniem dla go\u015bci.<\/h2>\n<p class=\"\" style=\"text-align: center;\" data-start=\"131\" data-end=\"199\"><strong data-start=\"131\" data-end=\"199\">Winietki sk\u0142adane z miejscem na zdrapk\u0119 \u2013 praktyczne i z humorem<\/strong><\/p>\n<p class=\"\" style=\"text-align: center;\" data-start=\"201\" data-end=\"531\">Szukasz sposobu, by zaskoczy\u0107 swoich go\u015bci czym\u015b oryginalnym i jednocze\u015bnie zadba\u0107 o organizacj\u0119 sto\u0142\u00f3w? Winietki sk\u0142adane z miejscem na zdrapk\u0119 to idealne po\u0142\u0105czenie elegancji i zabawy! To nie tylko funkcjonalna karta z imieniem go\u015bcia, ale te\u017c drobny upominek, kt\u00f3ry wywo\u0142a u\u015bmiech i doda lekkiego, radosnego akcentu przy stole.<\/p>\n<p class=\"\" style=\"text-align: center;\" data-start=\"533\" data-end=\"800\"><strong data-start=\"533\" data-end=\"559\">Praktyczne i efektowne<\/strong><br data-start=\"559\" data-end=\"562\" \/>Winietki s\u0105 sk\u0142adane, dzi\u0119ki czemu stabilnie stoj\u0105 na stole, a przy tym prezentuj\u0105 si\u0119 bardzo estetycznie. Specjalne miejsce na zdrapk\u0119 umo\u017cliwia \u0142atwe wklejenie kuponu Lotto \u2013 go\u015bcie z pewno\u015bci\u0105 b\u0119d\u0105 mile zaskoczeni takim drobnym gestem!<\/p>\n<p class=\"\" style=\"text-align: center;\" data-start=\"802\" data-end=\"1094\"><strong data-start=\"802\" data-end=\"847\">Dopasowane do ka\u017cdej stylistyki zaprosze\u0144<\/strong><br data-start=\"847\" data-end=\"850\" \/>Ka\u017cde winietki wykonujemy w stylistyce pasuj\u0105cej do wybranego przez Ciebie zaproszenia z naszej kolekcji. Dzi\u0119ki temu ca\u0142a papeteria \u015blubna tworzy sp\u00f3jn\u0105, eleganck\u0105 ca\u0142o\u015b\u0107 \u2013 od zaprosze\u0144, przez plan sto\u0142\u00f3w, a\u017c po winietki z wyj\u0105tkowym akcentem.<\/p>\n<p class=\"\" style=\"text-align: center;\" data-start=\"1096\" data-end=\"1365\"><strong data-start=\"1096\" data-end=\"1115\">Dlaczego warto?<\/strong><br data-start=\"1115\" data-end=\"1118\" \/>\u2714\ufe0f Sk\u0142adana forma \u2013 wygodne do ustawienia<br data-start=\"1159\" data-end=\"1162\" \/>\u2714\ufe0f Miejsce na zdrapk\u0119 \u2013 kreatywny akcent i mini-prezent<br data-start=\"1217\" data-end=\"1220\" \/>\u2714\ufe0f Pomagaj\u0105 w organizacji miejsc dla go\u015bci<br data-start=\"1262\" data-end=\"1265\" \/>\u2714\ufe0f Dopasowane do ka\u017cdej stylistyki zaprosze\u0144<br data-start=\"1309\" data-end=\"1312\" \/>\u2714\ufe0f \u015awietna pami\u0105tka i ciekawy element dekoracji sto\u0142u<\/p>\n<p class=\"\" style=\"text-align: center;\" data-start=\"1367\" data-end=\"1519\">Zaskocz swoich bliskich niecodziennym rozwi\u0105zaniem i wprowad\u017a odrobin\u0119 zabawy na weselne sto\u0142y \u2013 winietki ze zdrapk\u0105 to drobiazg, kt\u00f3ry ka\u017cdy zapami\u0119ta!<\/p>\n<p style=\"text-align: center;\"><img decoding=\"async\" class=\"alignnone size-full wp-image-89\" src=\"https:\/\/www.marcelina-pracownia.com\/wp-content\/uploads\/2022\/04\/serce2.png\" alt=\"\" width=\"32\" height=\"26\" \/><\/p>\n<h2 style=\"text-align: center;\">Kilka wa\u017cnych info dla Was:<\/h2>\n<p style=\"text-align: center;\">Po wybraniu winietek i op\u0142aceniu &#8211; <strong>dostaniecie od nas projekt do akceptacji.<\/strong><\/p>\n<p style=\"text-align: center;\">Po akceptacji przyst\u0119pujemy do realizacji.<\/p>\n<p style=\"text-align: center;\">Prosimy, aby dok\u0142adnie sprawdzi\u0107 ostateczny projekt do akceptacji zam\u00f3wienia.<\/p>\n<p style=\"text-align: center;\"><strong>Je\u015bli w projekcie jest b\u0142\u0105d, ale zosta\u0142 on zaakceptowany przez klienta\u00a0<\/strong><strong>\u2013 nie podlega to reklamacji.\u00a0<\/strong><\/p>\n<p><img decoding=\"async\" class=\"alignnone size-full wp-image-89 aligncenter\" src=\"https:\/\/www.marcelina-pracownia.com\/wp-content\/uploads\/2022\/04\/serce2.png\" alt=\"\" width=\"32\" height=\"26\" \/><\/p>\n<h2 style=\"text-align: center;\">Pytania?<\/h2>\n<p style=\"text-align: center;\">Napisz do nas je\u015bli masz pytania odno\u015bnie zaprosze\u0144 lub dodatk\u00f3w lub co\u015b jest dla Ciebie nie jasne.<\/p>","protected":false},"excerpt":{"rendered":"<p>Du\u017ce winietki sk\u0142adane po\u0142\u0105czone z podzi\u0119kowaniem dla go\u015bci. Winietki sk\u0142adane z miejscem na zdrapk\u0119 \u2013 praktyczne i z humorem Szukasz sposobu, by zaskoczy\u0107 swoich go\u015bci czym\u015b oryginalnym i jednocze\u015bnie zadba\u0107 o organizacj\u0119 sto\u0142\u00f3w? Winietki sk\u0142adane z miejscem na zdrapk\u0119 to idealne po\u0142\u0105czenie elegancji i zabawy! To nie tylko funkcjonalna karta z imieniem go\u015bcia, ale te\u017c [&hellip;]<\/p>","protected":false},"featured_media":20499,"comment_status":"closed","ping_status":"closed","template":"","meta":{"inline_featured_image":false},"product_brand":[],"product_cat":[138,139],"product_tag":[],"class_list":{"0":"post-20498","1":"product","2":"type-product","3":"status-publish","4":"has-post-thumbnail","6":"product_cat-dodatki","7":"product_cat-winietki","9":"first","10":"instock","11":"shipping-taxable","12":"purchasable","13":"product-type-simple"},"yoast_head":"<!-- This site is optimized with the Yoast SEO plugin v24.5 - https:\/\/yoast.com\/wordpress\/plugins\/seo\/ -->\n<title>Winietki sk\u0142adane du\u017ce na zdrapk\u0119 Lotto i podzi\u0119kowanie dla go\u015bci - Marcelina Pracownia - Zaproszenia \u015blubne Marcelina<\/title>\n<meta name=\"robots\" content=\"index, follow, max-snippet:-1, max-image-preview:large, max-video-preview:-1\" \/>\n<link rel=\"canonical\" href=\"https:\/\/www.marcelina-pracownia.com\/cs\/product\/winietki-skladane-duze-na-zdrapke-lotto-i-podziekowanie-dla-gosci\/\" \/>\n<meta property=\"og:locale\" content=\"cs_CZ\" \/>\n<meta property=\"og:type\" content=\"article\" \/>\n<meta property=\"og:title\" content=\"Winietki sk\u0142adane du\u017ce na zdrapk\u0119 Lotto i podzi\u0119kowanie dla go\u015bci - Marcelina Pracownia - Zaproszenia \u015blubne Marcelina\" \/>\n<meta property=\"og:description\" content=\"Du\u017ce winietki sk\u0142adane po\u0142\u0105czone z podzi\u0119kowaniem dla go\u015bci. Winietki sk\u0142adane z miejscem na zdrapk\u0119 \u2013 praktyczne i z humorem Szukasz sposobu, by zaskoczy\u0107 swoich go\u015bci czym\u015b oryginalnym i jednocze\u015bnie zadba\u0107 o organizacj\u0119 sto\u0142\u00f3w? Winietki sk\u0142adane z miejscem na zdrapk\u0119 to idealne po\u0142\u0105czenie elegancji i zabawy! To nie tylko funkcjonalna karta z imieniem go\u015bcia, ale te\u017c [&hellip;]\" \/>\n<meta property=\"og:url\" content=\"https:\/\/www.marcelina-pracownia.com\/cs\/product\/winietki-skladane-duze-na-zdrapke-lotto-i-podziekowanie-dla-gosci\/\" \/>\n<meta property=\"og:site_name\" content=\"Marcelina Pracownia - Zaproszenia \u015blubne Marcelina\" \/>\n<meta property=\"article:publisher\" content=\"https:\/\/www.facebook.com\/marcelinapracownia\" \/>\n<meta property=\"article:modified_time\" content=\"2025-05-05T11:06:06+00:00\" \/>\n<meta property=\"og:image\" content=\"https:\/\/www.marcelina-pracownia.com\/wp-content\/uploads\/2024\/12\/7w8a2740.jpg\" \/>\n\t<meta property=\"og:image:width\" content=\"1650\" \/>\n\t<meta property=\"og:image:height\" content=\"1100\" \/>\n\t<meta property=\"og:image:type\" content=\"image\/jpeg\" \/>\n<meta name=\"twitter:card\" content=\"summary_large_image\" \/>\n<meta name=\"twitter:label1\" content=\"Odhadovan\u00e1 doba \u010dten\u00ed\" \/>\n\t<meta name=\"twitter:data1\" content=\"3 minuty\" \/>\n<script type=\"application\/ld+json\" class=\"yoast-schema-graph\">{\"@context\":\"https:\/\/schema.org\",\"@graph\":[{\"@type\":\"WebPage\",\"@id\":\"https:\/\/www.marcelina-pracownia.com\/product\/winietki-skladane-duze-na-zdrapke-lotto-i-podziekowanie-dla-gosci\/\",\"url\":\"https:\/\/www.marcelina-pracownia.com\/product\/winietki-skladane-duze-na-zdrapke-lotto-i-podziekowanie-dla-gosci\/\",\"name\":\"Winietki sk\u0142adane du\u017ce na zdrapk\u0119 Lotto i podzi\u0119kowanie dla go\u015bci - Marcelina Pracownia - Zaproszenia \u015blubne Marcelina\",\"isPartOf\":{\"@id\":\"https:\/\/www.marcelina-pracownia.com\/#website\"},\"primaryImageOfPage\":{\"@id\":\"https:\/\/www.marcelina-pracownia.com\/product\/winietki-skladane-duze-na-zdrapke-lotto-i-podziekowanie-dla-gosci\/#primaryimage\"},\"image\":{\"@id\":\"https:\/\/www.marcelina-pracownia.com\/product\/winietki-skladane-duze-na-zdrapke-lotto-i-podziekowanie-dla-gosci\/#primaryimage\"},\"thumbnailUrl\":\"https:\/\/www.marcelina-pracownia.com\/wp-content\/uploads\/2024\/12\/7w8a2740.jpg\",\"datePublished\":\"2024-01-21T18:54:14+00:00\",\"dateModified\":\"2025-05-05T11:06:06+00:00\",\"breadcrumb\":{\"@id\":\"https:\/\/www.marcelina-pracownia.com\/product\/winietki-skladane-duze-na-zdrapke-lotto-i-podziekowanie-dla-gosci\/#breadcrumb\"},\"inLanguage\":\"cs\",\"potentialAction\":[{\"@type\":\"ReadAction\",\"target\":[\"https:\/\/www.marcelina-pracownia.com\/product\/winietki-skladane-duze-na-zdrapke-lotto-i-podziekowanie-dla-gosci\/\"]}]},{\"@type\":\"ImageObject\",\"inLanguage\":\"cs\",\"@id\":\"https:\/\/www.marcelina-pracownia.com\/product\/winietki-skladane-duze-na-zdrapke-lotto-i-podziekowanie-dla-gosci\/#primaryimage\",\"url\":\"https:\/\/www.marcelina-pracownia.com\/wp-content\/uploads\/2024\/12\/7w8a2740.jpg\",\"contentUrl\":\"https:\/\/www.marcelina-pracownia.com\/wp-content\/uploads\/2024\/12\/7w8a2740.jpg\",\"width\":1650,\"height\":1100},{\"@type\":\"BreadcrumbList\",\"@id\":\"https:\/\/www.marcelina-pracownia.com\/product\/winietki-skladane-duze-na-zdrapke-lotto-i-podziekowanie-dla-gosci\/#breadcrumb\",\"itemListElement\":[{\"@type\":\"ListItem\",\"position\":1,\"name\":\"Strona g\u0142\u00f3wna\",\"item\":\"https:\/\/www.marcelina-pracownia.com\/\"},{\"@type\":\"ListItem\",\"position\":2,\"name\":\"Shop\",\"item\":\"https:\/\/www.marcelina-pracownia.com\/shop-2\/\"},{\"@type\":\"ListItem\",\"position\":3,\"name\":\"Winietki sk\u0142adane du\u017ce na zdrapk\u0119 Lotto i podzi\u0119kowanie dla go\u015bci\"}]},{\"@type\":\"WebSite\",\"@id\":\"https:\/\/www.marcelina-pracownia.com\/#website\",\"url\":\"https:\/\/www.marcelina-pracownia.com\/\",\"name\":\"Marcelina Pracownia - Zaproszenia \u015blubne Marcelina\",\"description\":\"\",\"publisher\":{\"@id\":\"https:\/\/www.marcelina-pracownia.com\/#organization\"},\"potentialAction\":[{\"@type\":\"SearchAction\",\"target\":{\"@type\":\"EntryPoint\",\"urlTemplate\":\"https:\/\/www.marcelina-pracownia.com\/?s={search_term_string}\"},\"query-input\":{\"@type\":\"PropertyValueSpecification\",\"valueRequired\":true,\"valueName\":\"search_term_string\"}}],\"inLanguage\":\"cs\"},{\"@type\":\"Organization\",\"@id\":\"https:\/\/www.marcelina-pracownia.com\/#organization\",\"name\":\"Marcelina Pracownia - Zaproszenia \u015blubne Marcelina\",\"url\":\"https:\/\/www.marcelina-pracownia.com\/\",\"logo\":{\"@type\":\"ImageObject\",\"inLanguage\":\"cs\",\"@id\":\"https:\/\/www.marcelina-pracownia.com\/#\/schema\/logo\/image\/\",\"url\":\"\",\"contentUrl\":\"\",\"caption\":\"Marcelina Pracownia - Zaproszenia \u015blubne Marcelina\"},\"image\":{\"@id\":\"https:\/\/www.marcelina-pracownia.com\/#\/schema\/logo\/image\/\"},\"sameAs\":[\"https:\/\/www.facebook.com\/marcelinapracownia\"]}]}<\/script>\n<!-- \/ Yoast SEO plugin. -->","yoast_head_json":{"title":"Winietki sk\u0142adane du\u017ce na zdrapk\u0119 Lotto i podzi\u0119kowanie dla go\u015bci - Marcelina Pracownia - Zaproszenia \u015blubne Marcelina","robots":{"index":"index","follow":"follow","max-snippet":"max-snippet:-1","max-image-preview":"max-image-preview:large","max-video-preview":"max-video-preview:-1"},"canonical":"https:\/\/www.marcelina-pracownia.com\/cs\/product\/winietki-skladane-duze-na-zdrapke-lotto-i-podziekowanie-dla-gosci\/","og_locale":"cs_CZ","og_type":"article","og_title":"Winietki sk\u0142adane du\u017ce na zdrapk\u0119 Lotto i podzi\u0119kowanie dla go\u015bci - Marcelina Pracownia - Zaproszenia \u015blubne Marcelina","og_description":"Du\u017ce winietki sk\u0142adane po\u0142\u0105czone z podzi\u0119kowaniem dla go\u015bci. Winietki sk\u0142adane z miejscem na zdrapk\u0119 \u2013 praktyczne i z humorem Szukasz sposobu, by zaskoczy\u0107 swoich go\u015bci czym\u015b oryginalnym i jednocze\u015bnie zadba\u0107 o organizacj\u0119 sto\u0142\u00f3w? Winietki sk\u0142adane z miejscem na zdrapk\u0119 to idealne po\u0142\u0105czenie elegancji i zabawy! To nie tylko funkcjonalna karta z imieniem go\u015bcia, ale te\u017c [&hellip;]","og_url":"https:\/\/www.marcelina-pracownia.com\/cs\/product\/winietki-skladane-duze-na-zdrapke-lotto-i-podziekowanie-dla-gosci\/","og_site_name":"Marcelina Pracownia - Zaproszenia \u015blubne Marcelina","article_publisher":"https:\/\/www.facebook.com\/marcelinapracownia","article_modified_time":"2025-05-05T11:06:06+00:00","og_image":[{"width":1650,"height":1100,"url":"https:\/\/www.marcelina-pracownia.com\/wp-content\/uploads\/2024\/12\/7w8a2740.jpg","type":"image\/jpeg"}],"twitter_card":"summary_large_image","twitter_misc":{"Odhadovan\u00e1 doba \u010dten\u00ed":"3 minuty"},"schema":{"@context":"https:\/\/schema.org","@graph":[{"@type":"WebPage","@id":"https:\/\/www.marcelina-pracownia.com\/product\/winietki-skladane-duze-na-zdrapke-lotto-i-podziekowanie-dla-gosci\/","url":"https:\/\/www.marcelina-pracownia.com\/product\/winietki-skladane-duze-na-zdrapke-lotto-i-podziekowanie-dla-gosci\/","name":"Winietki sk\u0142adane du\u017ce na zdrapk\u0119 Lotto i podzi\u0119kowanie dla go\u015bci - Marcelina Pracownia - Zaproszenia \u015blubne Marcelina","isPartOf":{"@id":"https:\/\/www.marcelina-pracownia.com\/#website"},"primaryImageOfPage":{"@id":"https:\/\/www.marcelina-pracownia.com\/product\/winietki-skladane-duze-na-zdrapke-lotto-i-podziekowanie-dla-gosci\/#primaryimage"},"image":{"@id":"https:\/\/www.marcelina-pracownia.com\/product\/winietki-skladane-duze-na-zdrapke-lotto-i-podziekowanie-dla-gosci\/#primaryimage"},"thumbnailUrl":"https:\/\/www.marcelina-pracownia.com\/wp-content\/uploads\/2024\/12\/7w8a2740.jpg","datePublished":"2024-01-21T18:54:14+00:00","dateModified":"2025-05-05T11:06:06+00:00","breadcrumb":{"@id":"https:\/\/www.marcelina-pracownia.com\/product\/winietki-skladane-duze-na-zdrapke-lotto-i-podziekowanie-dla-gosci\/#breadcrumb"},"inLanguage":"cs","potentialAction":[{"@type":"ReadAction","target":["https:\/\/www.marcelina-pracownia.com\/product\/winietki-skladane-duze-na-zdrapke-lotto-i-podziekowanie-dla-gosci\/"]}]},{"@type":"ImageObject","inLanguage":"cs","@id":"https:\/\/www.marcelina-pracownia.com\/product\/winietki-skladane-duze-na-zdrapke-lotto-i-podziekowanie-dla-gosci\/#primaryimage","url":"https:\/\/www.marcelina-pracownia.com\/wp-content\/uploads\/2024\/12\/7w8a2740.jpg","contentUrl":"https:\/\/www.marcelina-pracownia.com\/wp-content\/uploads\/2024\/12\/7w8a2740.jpg","width":1650,"height":1100},{"@type":"BreadcrumbList","@id":"https:\/\/www.marcelina-pracownia.com\/product\/winietki-skladane-duze-na-zdrapke-lotto-i-podziekowanie-dla-gosci\/#breadcrumb","itemListElement":[{"@type":"ListItem","position":1,"name":"Strona g\u0142\u00f3wna","item":"https:\/\/www.marcelina-pracownia.com\/"},{"@type":"ListItem","position":2,"name":"Shop","item":"https:\/\/www.marcelina-pracownia.com\/shop-2\/"},{"@type":"ListItem","position":3,"name":"Winietki sk\u0142adane du\u017ce na zdrapk\u0119 Lotto i podzi\u0119kowanie dla go\u015bci"}]},{"@type":"WebSite","@id":"https:\/\/www.marcelina-pracownia.com\/#website","url":"https:\/\/www.marcelina-pracownia.com\/","name":"Marcelina Pracownia - Zaproszenia \u015blubne Marcelina","description":"","publisher":{"@id":"https:\/\/www.marcelina-pracownia.com\/#organization"},"potentialAction":[{"@type":"SearchAction","target":{"@type":"EntryPoint","urlTemplate":"https:\/\/www.marcelina-pracownia.com\/?s={search_term_string}"},"query-input":{"@type":"PropertyValueSpecification","valueRequired":true,"valueName":"search_term_string"}}],"inLanguage":"cs"},{"@type":"Organization","@id":"https:\/\/www.marcelina-pracownia.com\/#organization","name":"Marcelina Pracownia - Zaproszenia \u015blubne Marcelina","url":"https:\/\/www.marcelina-pracownia.com\/","logo":{"@type":"ImageObject","inLanguage":"cs","@id":"https:\/\/www.marcelina-pracownia.com\/#\/schema\/logo\/image\/","url":"","contentUrl":"","caption":"Marcelina Pracownia - Zaproszenia \u015blubne Marcelina"},"image":{"@id":"https:\/\/www.marcelina-pracownia.com\/#\/schema\/logo\/image\/"},"sameAs":["https:\/\/www.facebook.com\/marcelinapracownia"]}]}},"_links":{"self":[{"href":"https:\/\/www.marcelina-pracownia.com\/cs\/wp-json\/wp\/v2\/product\/20498","targetHints":{"allow":["GET"]}}],"collection":[{"href":"https:\/\/www.marcelina-pracownia.com\/cs\/wp-json\/wp\/v2\/product"}],"about":[{"href":"https:\/\/www.marcelina-pracownia.com\/cs\/wp-json\/wp\/v2\/types\/product"}],"replies":[{"embeddable":true,"href":"https:\/\/www.marcelina-pracownia.com\/cs\/wp-json\/wp\/v2\/comments?post=20498"}],"wp:featuredmedia":[{"embeddable":true,"href":"https:\/\/www.marcelina-pracownia.com\/cs\/wp-json\/wp\/v2\/media\/20499"}],"wp:attachment":[{"href":"https:\/\/www.marcelina-pracownia.com\/cs\/wp-json\/wp\/v2\/media?parent=20498"}],"wp:term":[{"taxonomy":"product_brand","embeddable":true,"href":"https:\/\/www.marcelina-pracownia.com\/cs\/wp-json\/wp\/v2\/product_brand?post=20498"},{"taxonomy":"product_cat","embeddable":true,"href":"https:\/\/www.marcelina-pracownia.com\/cs\/wp-json\/wp\/v2\/product_cat?post=20498"},{"taxonomy":"product_tag","embeddable":true,"href":"https:\/\/www.marcelina-pracownia.com\/cs\/wp-json\/wp\/v2\/product_tag?post=20498"}],"curies":[{"name":"wp","href":"https:\/\/api.w.org\/{rel}","templated":true}]}}