



{"id":20360,"date":"2023-09-03T17:15:17","date_gmt":"2023-09-03T15:15:17","guid":{"rendered":"https:\/\/www.marcelina-pracownia.com\/?post_type=product&#038;p=20360"},"modified":"2025-01-15T20:30:44","modified_gmt":"2025-01-15T19:30:44","slug":"zaproszenie-slubne-w-folderze-pudrowa-roza-gipsowka-biala-hortensja-i-trawa-pampasowa","status":"publish","type":"product","link":"https:\/\/www.marcelina-pracownia.com\/cs\/product\/zaproszenie-slubne-w-folderze-pudrowa-roza-gipsowka-biala-hortensja-i-trawa-pampasowa\/","title":{"rendered":"Zaproszenie \u015blubne glamour w folderze &#8211; Pudrowa r\u00f3\u017ca, gips\u00f3wka, bia\u0142a hortensja i trawa pampasowa"},"content":{"rendered":"<h1 style=\"text-align: center;\">Zaproszenie z motywem r\u00f3\u017cy, gips\u00f3wki, hortensji i trawy pampasowej.<\/h1>\n<h5 style=\"text-align: center;\"><img decoding=\"async\" class=\"alignnone size-full wp-image-89\" src=\"https:\/\/www.marcelina-pracownia.com\/wp-content\/uploads\/2022\/04\/serce2.png\" alt=\"\" width=\"32\" height=\"26\" \/><\/h5>\n<p style=\"text-align: center;\"><strong>Zaproszenie \u015blubne o eleganckim charakterze, z motywem subtelnych pudrowych r\u00f3\u017c, delikatnej gips\u00f3wki, bia\u0142ej hortensji oraz trawy pampasowej. Idealna propozycja dla par ceni\u0105cych romantyczny styl z nut\u0105 luksusu.<\/strong><\/p>\n<p style=\"text-align: center;\"><strong>Materia\u0142y premium<\/strong><br \/>\nZaproszenie wykonane na papierze o gramaturze 250 g, zapewniaj\u0105cym trwa\u0142o\u015b\u0107 i wysok\u0105 jako\u015b\u0107.<br \/>\nDodatkowe podklejenie zwi\u0119ksza ca\u0142kowit\u0105 gramatur\u0119 do 800 g, co podkre\u015bla ekskluzywny charakter zaproszenia.<br \/>\nSubtelne elementy z\u0142ocenia nadaj\u0105 projektowi wyj\u0105tkowego blasku.<\/p>\n<p style=\"text-align: center;\"><strong>Styl i motyw<\/strong><br \/>\nMotyw pudrowych r\u00f3\u017c, gips\u00f3wki, hortensji i trawy pampasowej doskonale sprawdza si\u0119 na \u015blubach w stylu glamour, boho czy klasycznym.<br \/>\nHarmonijna kolorystyka i romantyczny design w odcieniach r\u00f3\u017cu, bieli i be\u017cu.<\/p>\n<p style=\"text-align: center;\" class=\"translation-block\"><strong>Sada obsahuje<\/strong><br> Slo\u017eka s odpov\u00eddaj\u00edc\u00edm \u0159et\u011bzcem<br> Mo\u017enost dokoupen\u00ed dal\u0161\u00edho p\u0159\u00edslu\u0161enstv\u00ed, jako jsou karty, ob\u00e1lky nebo vlo\u017eky do ob\u00e1lek s grafick\u00fdmi motivy<\/p>\n<p style=\"text-align: center;\"><strong>Personalizacja<\/strong><br \/>\nOpcja wyboru dowolnego tekstu, czcionki i uk\u0142adu zaproszenia.<br \/>\nMo\u017cliwo\u015b\u0107 dodania z\u0142ocenia lub srebrzenia tre\u015bci, kt\u00f3re podkre\u015blaj\u0105 luksusowy styl projektu.<\/p>\n<p style=\"text-align: center;\"><strong>Dlaczego warto wybra\u0107 to zaproszenie?<\/strong><br \/>\nZaproszenie wyr\u00f3\u017cnia si\u0119 elegancj\u0105 i subtelno\u015bci\u0105, idealnie wpisuj\u0105c si\u0119 w romantyczny charakter uroczysto\u015bci \u015blubnej.<br \/>\nWysoka jako\u015b\u0107 wykonania oraz dba\u0142o\u015b\u0107 o detale gwarantuj\u0105 niezapomniane wra\u017cenie na go\u015bciach.<\/p>\n<p style=\"text-align: center;\"><strong>M\u00e1te n\u011bjak\u00e9 ot\u00e1zky?<\/strong><br \/>\nZapraszamy do kontaktu \u2013 z przyjemno\u015bci\u0105 pomo\u017cemy w dopasowaniu zaproszenia do Twoich potrzeb i oczekiwa\u0144.<\/p>","protected":false},"excerpt":{"rendered":"<p>Zaproszenie z motywem r\u00f3\u017cy, gips\u00f3wki, hortensji i trawy pampasowej. Zaproszenie \u015blubne o eleganckim charakterze, z motywem subtelnych pudrowych r\u00f3\u017c, delikatnej gips\u00f3wki, bia\u0142ej hortensji oraz trawy pampasowej. Idealna propozycja dla par ceni\u0105cych romantyczny styl z nut\u0105 luksusu. Materia\u0142y premium Zaproszenie wykonane na papierze o gramaturze 250 g, zapewniaj\u0105cym trwa\u0142o\u015b\u0107 i wysok\u0105 jako\u015b\u0107. Dodatkowe podklejenie zwi\u0119ksza ca\u0142kowit\u0105 [&hellip;]<\/p>","protected":false},"featured_media":22051,"comment_status":"closed","ping_status":"closed","template":"","meta":{"inline_featured_image":false},"product_brand":[],"product_cat":[173,177,153,154,157,163,165,134],"product_tag":[],"class_list":{"0":"post-20360","1":"product","2":"type-product","3":"status-publish","4":"has-post-thumbnail","6":"product_cat-zaproszenia-slubne-w-folderze","7":"product_cat-nowosci","8":"product_cat-glamour","9":"product_cat-boho","10":"product_cat-kwiatowe","11":"product_cat-romantyczne","12":"product_cat-vintage","13":"product_cat-zaproszenia-slubne","15":"first","16":"instock","17":"shipping-taxable","18":"purchasable","19":"product-type-simple"},"yoast_head":"<!-- This site is optimized with the Yoast SEO plugin v24.5 - https:\/\/yoast.com\/wordpress\/plugins\/seo\/ -->\n<title>Zaproszenie \u015blubne glamour w folderze - Pudrowa r\u00f3\u017ca, gips\u00f3wka, bia\u0142a hortensja i trawa pampasowa - Marcelina Pracownia - Zaproszenia \u015blubne Marcelina<\/title>\n<meta name=\"robots\" content=\"index, follow, max-snippet:-1, max-image-preview:large, max-video-preview:-1\" \/>\n<link rel=\"canonical\" href=\"https:\/\/www.marcelina-pracownia.com\/cs\/product\/zaproszenie-slubne-w-folderze-pudrowa-roza-gipsowka-biala-hortensja-i-trawa-pampasowa\/\" \/>\n<meta property=\"og:locale\" content=\"cs_CZ\" \/>\n<meta property=\"og:type\" content=\"article\" \/>\n<meta property=\"og:title\" content=\"Zaproszenie \u015blubne glamour w folderze - Pudrowa r\u00f3\u017ca, gips\u00f3wka, bia\u0142a hortensja i trawa pampasowa - Marcelina Pracownia - Zaproszenia \u015blubne Marcelina\" \/>\n<meta property=\"og:description\" content=\"Zaproszenie z motywem r\u00f3\u017cy, gips\u00f3wki, hortensji i trawy pampasowej. Zaproszenie \u015blubne o eleganckim charakterze, z motywem subtelnych pudrowych r\u00f3\u017c, delikatnej gips\u00f3wki, bia\u0142ej hortensji oraz trawy pampasowej. Idealna propozycja dla par ceni\u0105cych romantyczny styl z nut\u0105 luksusu. Materia\u0142y premium Zaproszenie wykonane na papierze o gramaturze 250 g, zapewniaj\u0105cym trwa\u0142o\u015b\u0107 i wysok\u0105 jako\u015b\u0107. Dodatkowe podklejenie zwi\u0119ksza ca\u0142kowit\u0105 [&hellip;]\" \/>\n<meta property=\"og:url\" content=\"https:\/\/www.marcelina-pracownia.com\/cs\/product\/zaproszenie-slubne-w-folderze-pudrowa-roza-gipsowka-biala-hortensja-i-trawa-pampasowa\/\" \/>\n<meta property=\"og:site_name\" content=\"Marcelina Pracownia - Zaproszenia \u015blubne Marcelina\" \/>\n<meta property=\"article:publisher\" content=\"https:\/\/www.facebook.com\/marcelinapracownia\" \/>\n<meta property=\"article:modified_time\" content=\"2025-01-15T19:30:44+00:00\" \/>\n<meta property=\"og:image\" content=\"https:\/\/www.marcelina-pracownia.com\/wp-content\/uploads\/2023\/09\/7w8a3497.jpg\" \/>\n\t<meta property=\"og:image:width\" content=\"1000\" \/>\n\t<meta property=\"og:image:height\" content=\"1500\" \/>\n\t<meta property=\"og:image:type\" content=\"image\/jpeg\" \/>\n<meta name=\"twitter:card\" content=\"summary_large_image\" \/>\n<meta name=\"twitter:label1\" content=\"Odhadovan\u00e1 doba \u010dten\u00ed\" \/>\n\t<meta name=\"twitter:data1\" content=\"2 minuty\" \/>\n<script type=\"application\/ld+json\" class=\"yoast-schema-graph\">{\"@context\":\"https:\/\/schema.org\",\"@graph\":[{\"@type\":\"WebPage\",\"@id\":\"https:\/\/www.marcelina-pracownia.com\/product\/zaproszenie-slubne-w-folderze-pudrowa-roza-gipsowka-biala-hortensja-i-trawa-pampasowa\/\",\"url\":\"https:\/\/www.marcelina-pracownia.com\/product\/zaproszenie-slubne-w-folderze-pudrowa-roza-gipsowka-biala-hortensja-i-trawa-pampasowa\/\",\"name\":\"Zaproszenie \u015blubne glamour w folderze - Pudrowa r\u00f3\u017ca, gips\u00f3wka, bia\u0142a hortensja i trawa pampasowa - Marcelina Pracownia - Zaproszenia \u015blubne Marcelina\",\"isPartOf\":{\"@id\":\"https:\/\/www.marcelina-pracownia.com\/#website\"},\"primaryImageOfPage\":{\"@id\":\"https:\/\/www.marcelina-pracownia.com\/product\/zaproszenie-slubne-w-folderze-pudrowa-roza-gipsowka-biala-hortensja-i-trawa-pampasowa\/#primaryimage\"},\"image\":{\"@id\":\"https:\/\/www.marcelina-pracownia.com\/product\/zaproszenie-slubne-w-folderze-pudrowa-roza-gipsowka-biala-hortensja-i-trawa-pampasowa\/#primaryimage\"},\"thumbnailUrl\":\"https:\/\/www.marcelina-pracownia.com\/wp-content\/uploads\/2023\/09\/7w8a3497.jpg\",\"datePublished\":\"2023-09-03T15:15:17+00:00\",\"dateModified\":\"2025-01-15T19:30:44+00:00\",\"breadcrumb\":{\"@id\":\"https:\/\/www.marcelina-pracownia.com\/product\/zaproszenie-slubne-w-folderze-pudrowa-roza-gipsowka-biala-hortensja-i-trawa-pampasowa\/#breadcrumb\"},\"inLanguage\":\"cs\",\"potentialAction\":[{\"@type\":\"ReadAction\",\"target\":[\"https:\/\/www.marcelina-pracownia.com\/product\/zaproszenie-slubne-w-folderze-pudrowa-roza-gipsowka-biala-hortensja-i-trawa-pampasowa\/\"]}]},{\"@type\":\"ImageObject\",\"inLanguage\":\"cs\",\"@id\":\"https:\/\/www.marcelina-pracownia.com\/product\/zaproszenie-slubne-w-folderze-pudrowa-roza-gipsowka-biala-hortensja-i-trawa-pampasowa\/#primaryimage\",\"url\":\"https:\/\/www.marcelina-pracownia.com\/wp-content\/uploads\/2023\/09\/7w8a3497.jpg\",\"contentUrl\":\"https:\/\/www.marcelina-pracownia.com\/wp-content\/uploads\/2023\/09\/7w8a3497.jpg\",\"width\":1000,\"height\":1500},{\"@type\":\"BreadcrumbList\",\"@id\":\"https:\/\/www.marcelina-pracownia.com\/product\/zaproszenie-slubne-w-folderze-pudrowa-roza-gipsowka-biala-hortensja-i-trawa-pampasowa\/#breadcrumb\",\"itemListElement\":[{\"@type\":\"ListItem\",\"position\":1,\"name\":\"Strona g\u0142\u00f3wna\",\"item\":\"https:\/\/www.marcelina-pracownia.com\/\"},{\"@type\":\"ListItem\",\"position\":2,\"name\":\"Shop\",\"item\":\"https:\/\/www.marcelina-pracownia.com\/shop-2\/\"},{\"@type\":\"ListItem\",\"position\":3,\"name\":\"Zaproszenie \u015blubne glamour w folderze &#8211; Pudrowa r\u00f3\u017ca, gips\u00f3wka, bia\u0142a hortensja i trawa pampasowa\"}]},{\"@type\":\"WebSite\",\"@id\":\"https:\/\/www.marcelina-pracownia.com\/#website\",\"url\":\"https:\/\/www.marcelina-pracownia.com\/\",\"name\":\"Marcelina Pracownia - Zaproszenia \u015blubne Marcelina\",\"description\":\"\",\"publisher\":{\"@id\":\"https:\/\/www.marcelina-pracownia.com\/#organization\"},\"potentialAction\":[{\"@type\":\"SearchAction\",\"target\":{\"@type\":\"EntryPoint\",\"urlTemplate\":\"https:\/\/www.marcelina-pracownia.com\/?s={search_term_string}\"},\"query-input\":{\"@type\":\"PropertyValueSpecification\",\"valueRequired\":true,\"valueName\":\"search_term_string\"}}],\"inLanguage\":\"cs\"},{\"@type\":\"Organization\",\"@id\":\"https:\/\/www.marcelina-pracownia.com\/#organization\",\"name\":\"Marcelina Pracownia - Zaproszenia \u015blubne Marcelina\",\"url\":\"https:\/\/www.marcelina-pracownia.com\/\",\"logo\":{\"@type\":\"ImageObject\",\"inLanguage\":\"cs\",\"@id\":\"https:\/\/www.marcelina-pracownia.com\/#\/schema\/logo\/image\/\",\"url\":\"\",\"contentUrl\":\"\",\"caption\":\"Marcelina Pracownia - Zaproszenia \u015blubne Marcelina\"},\"image\":{\"@id\":\"https:\/\/www.marcelina-pracownia.com\/#\/schema\/logo\/image\/\"},\"sameAs\":[\"https:\/\/www.facebook.com\/marcelinapracownia\"]}]}<\/script>\n<!-- \/ Yoast SEO plugin. -->","yoast_head_json":{"title":"Zaproszenie \u015blubne glamour w folderze - Pudrowa r\u00f3\u017ca, gips\u00f3wka, bia\u0142a hortensja i trawa pampasowa - Marcelina Pracownia - Zaproszenia \u015blubne Marcelina","robots":{"index":"index","follow":"follow","max-snippet":"max-snippet:-1","max-image-preview":"max-image-preview:large","max-video-preview":"max-video-preview:-1"},"canonical":"https:\/\/www.marcelina-pracownia.com\/cs\/product\/zaproszenie-slubne-w-folderze-pudrowa-roza-gipsowka-biala-hortensja-i-trawa-pampasowa\/","og_locale":"cs_CZ","og_type":"article","og_title":"Zaproszenie \u015blubne glamour w folderze - Pudrowa r\u00f3\u017ca, gips\u00f3wka, bia\u0142a hortensja i trawa pampasowa - Marcelina Pracownia - Zaproszenia \u015blubne Marcelina","og_description":"Zaproszenie z motywem r\u00f3\u017cy, gips\u00f3wki, hortensji i trawy pampasowej. Zaproszenie \u015blubne o eleganckim charakterze, z motywem subtelnych pudrowych r\u00f3\u017c, delikatnej gips\u00f3wki, bia\u0142ej hortensji oraz trawy pampasowej. Idealna propozycja dla par ceni\u0105cych romantyczny styl z nut\u0105 luksusu. Materia\u0142y premium Zaproszenie wykonane na papierze o gramaturze 250 g, zapewniaj\u0105cym trwa\u0142o\u015b\u0107 i wysok\u0105 jako\u015b\u0107. Dodatkowe podklejenie zwi\u0119ksza ca\u0142kowit\u0105 [&hellip;]","og_url":"https:\/\/www.marcelina-pracownia.com\/cs\/product\/zaproszenie-slubne-w-folderze-pudrowa-roza-gipsowka-biala-hortensja-i-trawa-pampasowa\/","og_site_name":"Marcelina Pracownia - Zaproszenia \u015blubne Marcelina","article_publisher":"https:\/\/www.facebook.com\/marcelinapracownia","article_modified_time":"2025-01-15T19:30:44+00:00","og_image":[{"width":1000,"height":1500,"url":"https:\/\/www.marcelina-pracownia.com\/wp-content\/uploads\/2023\/09\/7w8a3497.jpg","type":"image\/jpeg"}],"twitter_card":"summary_large_image","twitter_misc":{"Odhadovan\u00e1 doba \u010dten\u00ed":"2 minuty"},"schema":{"@context":"https:\/\/schema.org","@graph":[{"@type":"WebPage","@id":"https:\/\/www.marcelina-pracownia.com\/product\/zaproszenie-slubne-w-folderze-pudrowa-roza-gipsowka-biala-hortensja-i-trawa-pampasowa\/","url":"https:\/\/www.marcelina-pracownia.com\/product\/zaproszenie-slubne-w-folderze-pudrowa-roza-gipsowka-biala-hortensja-i-trawa-pampasowa\/","name":"Zaproszenie \u015blubne glamour w folderze - Pudrowa r\u00f3\u017ca, gips\u00f3wka, bia\u0142a hortensja i trawa pampasowa - Marcelina Pracownia - Zaproszenia \u015blubne Marcelina","isPartOf":{"@id":"https:\/\/www.marcelina-pracownia.com\/#website"},"primaryImageOfPage":{"@id":"https:\/\/www.marcelina-pracownia.com\/product\/zaproszenie-slubne-w-folderze-pudrowa-roza-gipsowka-biala-hortensja-i-trawa-pampasowa\/#primaryimage"},"image":{"@id":"https:\/\/www.marcelina-pracownia.com\/product\/zaproszenie-slubne-w-folderze-pudrowa-roza-gipsowka-biala-hortensja-i-trawa-pampasowa\/#primaryimage"},"thumbnailUrl":"https:\/\/www.marcelina-pracownia.com\/wp-content\/uploads\/2023\/09\/7w8a3497.jpg","datePublished":"2023-09-03T15:15:17+00:00","dateModified":"2025-01-15T19:30:44+00:00","breadcrumb":{"@id":"https:\/\/www.marcelina-pracownia.com\/product\/zaproszenie-slubne-w-folderze-pudrowa-roza-gipsowka-biala-hortensja-i-trawa-pampasowa\/#breadcrumb"},"inLanguage":"cs","potentialAction":[{"@type":"ReadAction","target":["https:\/\/www.marcelina-pracownia.com\/product\/zaproszenie-slubne-w-folderze-pudrowa-roza-gipsowka-biala-hortensja-i-trawa-pampasowa\/"]}]},{"@type":"ImageObject","inLanguage":"cs","@id":"https:\/\/www.marcelina-pracownia.com\/product\/zaproszenie-slubne-w-folderze-pudrowa-roza-gipsowka-biala-hortensja-i-trawa-pampasowa\/#primaryimage","url":"https:\/\/www.marcelina-pracownia.com\/wp-content\/uploads\/2023\/09\/7w8a3497.jpg","contentUrl":"https:\/\/www.marcelina-pracownia.com\/wp-content\/uploads\/2023\/09\/7w8a3497.jpg","width":1000,"height":1500},{"@type":"BreadcrumbList","@id":"https:\/\/www.marcelina-pracownia.com\/product\/zaproszenie-slubne-w-folderze-pudrowa-roza-gipsowka-biala-hortensja-i-trawa-pampasowa\/#breadcrumb","itemListElement":[{"@type":"ListItem","position":1,"name":"Strona g\u0142\u00f3wna","item":"https:\/\/www.marcelina-pracownia.com\/"},{"@type":"ListItem","position":2,"name":"Shop","item":"https:\/\/www.marcelina-pracownia.com\/shop-2\/"},{"@type":"ListItem","position":3,"name":"Zaproszenie \u015blubne glamour w folderze &#8211; Pudrowa r\u00f3\u017ca, gips\u00f3wka, bia\u0142a hortensja i trawa pampasowa"}]},{"@type":"WebSite","@id":"https:\/\/www.marcelina-pracownia.com\/#website","url":"https:\/\/www.marcelina-pracownia.com\/","name":"Marcelina Pracownia - Zaproszenia \u015blubne Marcelina","description":"","publisher":{"@id":"https:\/\/www.marcelina-pracownia.com\/#organization"},"potentialAction":[{"@type":"SearchAction","target":{"@type":"EntryPoint","urlTemplate":"https:\/\/www.marcelina-pracownia.com\/?s={search_term_string}"},"query-input":{"@type":"PropertyValueSpecification","valueRequired":true,"valueName":"search_term_string"}}],"inLanguage":"cs"},{"@type":"Organization","@id":"https:\/\/www.marcelina-pracownia.com\/#organization","name":"Marcelina Pracownia - Zaproszenia \u015blubne Marcelina","url":"https:\/\/www.marcelina-pracownia.com\/","logo":{"@type":"ImageObject","inLanguage":"cs","@id":"https:\/\/www.marcelina-pracownia.com\/#\/schema\/logo\/image\/","url":"","contentUrl":"","caption":"Marcelina Pracownia - Zaproszenia \u015blubne Marcelina"},"image":{"@id":"https:\/\/www.marcelina-pracownia.com\/#\/schema\/logo\/image\/"},"sameAs":["https:\/\/www.facebook.com\/marcelinapracownia"]}]}},"_links":{"self":[{"href":"https:\/\/www.marcelina-pracownia.com\/cs\/wp-json\/wp\/v2\/product\/20360","targetHints":{"allow":["GET"]}}],"collection":[{"href":"https:\/\/www.marcelina-pracownia.com\/cs\/wp-json\/wp\/v2\/product"}],"about":[{"href":"https:\/\/www.marcelina-pracownia.com\/cs\/wp-json\/wp\/v2\/types\/product"}],"replies":[{"embeddable":true,"href":"https:\/\/www.marcelina-pracownia.com\/cs\/wp-json\/wp\/v2\/comments?post=20360"}],"wp:featuredmedia":[{"embeddable":true,"href":"https:\/\/www.marcelina-pracownia.com\/cs\/wp-json\/wp\/v2\/media\/22051"}],"wp:attachment":[{"href":"https:\/\/www.marcelina-pracownia.com\/cs\/wp-json\/wp\/v2\/media?parent=20360"}],"wp:term":[{"taxonomy":"product_brand","embeddable":true,"href":"https:\/\/www.marcelina-pracownia.com\/cs\/wp-json\/wp\/v2\/product_brand?post=20360"},{"taxonomy":"product_cat","embeddable":true,"href":"https:\/\/www.marcelina-pracownia.com\/cs\/wp-json\/wp\/v2\/product_cat?post=20360"},{"taxonomy":"product_tag","embeddable":true,"href":"https:\/\/www.marcelina-pracownia.com\/cs\/wp-json\/wp\/v2\/product_tag?post=20360"}],"curies":[{"name":"wp","href":"https:\/\/api.w.org\/{rel}","templated":true}]}}