



{"id":19944,"date":"2022-09-08T23:43:40","date_gmt":"2022-09-08T21:43:40","guid":{"rendered":"https:\/\/www.marcelina-pracownia.com\/?post_type=product&#038;p=19944"},"modified":"2025-08-26T12:47:12","modified_gmt":"2025-08-26T10:47:12","slug":"zaproszenie-slubne-w-folderze-galaxy-granat-2","status":"publish","type":"product","link":"https:\/\/www.marcelina-pracownia.com\/cs\/product\/zaproszenie-slubne-w-folderze-galaxy-granat-2\/","title":{"rendered":"Zaproszenie \u015blubne w folderze &#8211; Galaxy granatowe"},"content":{"rendered":"<h1 style=\"text-align: center;\">Zaproszenie z motywem galaxy w wersji granatowej.<\/h1>\n<h5 style=\"text-align: center;\"><img decoding=\"async\" class=\"alignnone size-full wp-image-89\" src=\"https:\/\/www.marcelina-pracownia.com\/wp-content\/uploads\/2022\/04\/serce2.png\" alt=\"\" width=\"32\" height=\"26\" \/><\/h5>\n<div class=\"flex-1 overflow-hidden @container\/thread\" style=\"text-align: center;\">\n<div class=\"h-full\">\n<div class=\"react-scroll-to-bottom--css-qhiyj-79elbk h-full\">\n<div class=\"react-scroll-to-bottom--css-qhiyj-1n7m0yu\">\n<div class=\"flex flex-col text-sm md:pb-9\">\n<article class=\"w-full scroll-mb-[var(--thread-trailing-height,150px)] text-token-text-primary focus-visible:outline-2 focus-visible:outline-offset-[-4px]\" dir=\"auto\" data-testid=\"conversation-turn-193\" data-scroll-anchor=\"true\">\n<div class=\"m-auto text-base py-[18px] px-3 md:px-4 w-full md:px-5 lg:px-4 xl:px-5\">\n<div class=\"mx-auto flex flex-1 gap-4 text-base md:gap-5 lg:gap-6 md:max-w-3xl lg:max-w-[40rem] xl:max-w-[48rem]\">\n<div class=\"group\/conversation-turn relative flex w-full min-w-0 flex-col agent-turn\">\n<div class=\"flex-col gap-1 md:gap-3\">\n<div class=\"flex max-w-full flex-col flex-grow\">\n<div class=\"min-h-8 text-message flex w-full flex-col items-end gap-2 whitespace-normal break-words text-start [.text-message+&amp;]:mt-5\" dir=\"auto\" data-message-author-role=\"assistant\" data-message-id=\"051dd401-abd2-405b-a53f-174bfaa3fe56\" data-message-model-slug=\"gpt-4o-mini\">\n<div class=\"flex w-full flex-col gap-1 empty:hidden first:pt-[3px]\">\n<div class=\"markdown prose w-full break-words dark:prose-invert light\">\n<p><strong>Zaproszenie \u015blubne w folderze \u2013 Galaxy granatowe<\/strong><\/p>\n<p>Eleganckie zaproszenie \u015blubne w odcieniach granatowego z motywem galaxy. To zaproszenie idealne dla par szukaj\u0105cych wyj\u0105tkowego, nowoczesnego i stylowego akcentu na swoim \u015blubie. Z pewno\u015bci\u0105 przyci\u0105gnie uwag\u0119 go\u015bci swoj\u0105 oryginalno\u015bci\u0105 i elegancj\u0105.<\/p>\n<p><strong>Materia\u0142y premium<\/strong><br \/>\nZaproszenie zosta\u0142o wykonane z papieru o gramaturze 250 g, co zapewnia trwa\u0142o\u015b\u0107 i elegancki wygl\u0105d. Ca\u0142kowita gramatura zaproszenia, dzi\u0119ki dodatkowemu podklejeniu, mo\u017ce wynosi\u0107 a\u017c 800 g, co sprawia, \u017ce zaproszenie jest sztywne, trwa\u0142e i luksusowe w dotyku. Z\u0142ota ramka wok\u00f3\u0142 zaproszenia podkre\u015bla jego ekskluzywno\u015b\u0107 i wyj\u0105tkowy charakter.<\/p>\n<p><strong>Styl i motyw<\/strong><br \/>\nMotyw galaxy w po\u0142\u0105czeniu z granatowym kolorem oraz delikatnymi z\u0142otymi akcentami nadaje zaproszeniu niezwyk\u0142ej elegancji i tajemniczo\u015bci. Doskonale komponuje si\u0119 z weselem w stylu glamour, nowoczesnym lub science-fiction.<\/p>\n<p><strong>Zestaw zawiera<\/strong><br \/>\nFolder zaproszenia z dopasowanym sznureczkiem, kt\u00f3ry stanowi elegancki dodatek do ca\u0142o\u015bci.<br \/>\nMo\u017cliwo\u015b\u0107 dokupienia dodatk\u00f3w, takich jak bileciki, koperty czy wk\u0142adki do kopert z graficznymi motywami, kt\u00f3re uzupe\u0142ni\u0105 zaproszenie.<\/p>\n<p><strong>Personalizacja<\/strong><br \/>\nZaproszenie oferuje pe\u0142n\u0105 personalizacj\u0119 \u2013 wyb\u00f3r dowolnego tekstu, czcionki oraz uk\u0142adu zaproszenia. Mo\u017cliwo\u015b\u0107 dodania z\u0142ocenia lub srebrzenia tre\u015bci, co doda zaproszeniu blasku i sprawi, \u017ce b\u0119dzie ono jeszcze bardziej wyj\u0105tkowe.<\/p>\n<p><strong>Dlaczego warto wybra\u0107 to zaproszenie?<\/strong><br \/>\nZaproszenie o motywie galaxy granatowym to idealny wyb\u00f3r na \u015blub, kt\u00f3ry ma by\u0107 pe\u0142en elegancji i wyj\u0105tkowego charakteru. Wysoka jako\u015b\u0107 wykonania oraz mo\u017cliwo\u015b\u0107 pe\u0142nej personalizacji sprawiaj\u0105, \u017ce zaproszenie na pewno wyr\u00f3\u017cni si\u0119 na tle innych.<\/p>\n<p><strong>M\u00e1te n\u011bjak\u00e9 ot\u00e1zky?<\/strong><br \/>\nZapraszamy do kontaktu \u2013 ch\u0119tnie doradzimy i pomo\u017cemy w personalizacji zaproszenia, aby spe\u0142ni\u0142o Twoje oczekiwania.<\/p>\n<\/div>\n<\/div>\n<\/div>\n<\/div>\n<div class=\"mb-2 flex gap-3 empty:hidden -ml-2\">\n<div class=\"items-center justify-start rounded-xl p-1 flex\">\n<div class=\"flex items-center\">\n<p>&nbsp;<\/p>\n<div class=\"flex\"><\/div>\n<\/div>\n<\/div>\n<\/div>\n<div class=\"pr-2 lg:pr-0\"><\/div>\n<div class=\"mt-3 w-full empty:hidden\">\n<div class=\"text-center\"><\/div>\n<\/div>\n<\/div>\n<div class=\"absolute\">\n<div class=\"flex items-center justify-center\"><\/div>\n<\/div>\n<\/div>\n<\/div>\n<\/div>\n<\/article>\n<\/div>\n<\/div>\n<\/div>\n<\/div>\n<\/div>\n<div class=\"md:pt-0 dark:border-white\/20 md:border-transparent md:dark:border-transparent w-full\">\n<div>\n<div class=\"m-auto text-base px-3 md:px-4 w-full md:px-5 lg:px-4 xl:px-5\">\n<div class=\"mx-auto flex flex-1 gap-4 text-base md:gap-5 lg:gap-6 md:max-w-3xl lg:max-w-[40rem] xl:max-w-[48rem]\">\n<div class=\"flex justify-center\" style=\"text-align: center;\"><\/div>\n<\/div>\n<\/div>\n<\/div>\n<\/div>","protected":false},"excerpt":{"rendered":"<p>Zaproszenie z motywem galaxy w wersji granatowej. Zaproszenie \u015blubne w folderze \u2013 Galaxy granatowe Eleganckie zaproszenie \u015blubne w odcieniach granatowego z motywem galaxy. To zaproszenie idealne dla par szukaj\u0105cych wyj\u0105tkowego, nowoczesnego i stylowego akcentu na swoim \u015blubie. Z pewno\u015bci\u0105 przyci\u0105gnie uwag\u0119 go\u015bci swoj\u0105 oryginalno\u015bci\u0105 i elegancj\u0105. Materia\u0142y premium Zaproszenie zosta\u0142o wykonane z papieru o gramaturze [&hellip;]<\/p>","protected":false},"featured_media":21889,"comment_status":"closed","ping_status":"closed","template":"","meta":{"inline_featured_image":false},"product_brand":[],"product_cat":[173,162,134],"product_tag":[],"class_list":{"0":"post-19944","1":"product","2":"type-product","3":"status-publish","4":"has-post-thumbnail","6":"product_cat-zaproszenia-slubne-w-folderze","7":"product_cat-akwarelowe","8":"product_cat-zaproszenia-slubne","10":"first","11":"instock","12":"shipping-taxable","13":"purchasable","14":"product-type-simple"},"yoast_head":"<!-- This site is optimized with the Yoast SEO plugin v24.5 - https:\/\/yoast.com\/wordpress\/plugins\/seo\/ -->\n<title>Zaproszenie \u015blubne w folderze - Galaxy granatowe - Marcelina Pracownia - Zaproszenia \u015blubne Marcelina<\/title>\n<meta name=\"robots\" content=\"index, follow, max-snippet:-1, max-image-preview:large, max-video-preview:-1\" \/>\n<link rel=\"canonical\" href=\"https:\/\/www.marcelina-pracownia.com\/cs\/product\/zaproszenie-slubne-w-folderze-galaxy-granat-2\/\" \/>\n<meta property=\"og:locale\" content=\"cs_CZ\" \/>\n<meta property=\"og:type\" content=\"article\" \/>\n<meta property=\"og:title\" content=\"Zaproszenie \u015blubne w folderze - Galaxy granatowe - Marcelina Pracownia - Zaproszenia \u015blubne Marcelina\" \/>\n<meta property=\"og:description\" content=\"Zaproszenie z motywem galaxy w wersji granatowej. Zaproszenie \u015blubne w folderze \u2013 Galaxy granatowe Eleganckie zaproszenie \u015blubne w odcieniach granatowego z motywem galaxy. To zaproszenie idealne dla par szukaj\u0105cych wyj\u0105tkowego, nowoczesnego i stylowego akcentu na swoim \u015blubie. Z pewno\u015bci\u0105 przyci\u0105gnie uwag\u0119 go\u015bci swoj\u0105 oryginalno\u015bci\u0105 i elegancj\u0105. Materia\u0142y premium Zaproszenie zosta\u0142o wykonane z papieru o gramaturze [&hellip;]\" \/>\n<meta property=\"og:url\" content=\"https:\/\/www.marcelina-pracownia.com\/cs\/product\/zaproszenie-slubne-w-folderze-galaxy-granat-2\/\" \/>\n<meta property=\"og:site_name\" content=\"Marcelina Pracownia - Zaproszenia \u015blubne Marcelina\" \/>\n<meta property=\"article:publisher\" content=\"https:\/\/www.facebook.com\/marcelinapracownia\" \/>\n<meta property=\"article:modified_time\" content=\"2025-08-26T10:47:12+00:00\" \/>\n<meta property=\"og:image\" content=\"https:\/\/www.marcelina-pracownia.com\/wp-content\/uploads\/2022\/09\/7w8a4058.jpg\" \/>\n\t<meta property=\"og:image:width\" content=\"1000\" \/>\n\t<meta property=\"og:image:height\" content=\"1500\" \/>\n\t<meta property=\"og:image:type\" content=\"image\/jpeg\" \/>\n<meta name=\"twitter:card\" content=\"summary_large_image\" \/>\n<meta name=\"twitter:label1\" content=\"Odhadovan\u00e1 doba \u010dten\u00ed\" \/>\n\t<meta name=\"twitter:data1\" content=\"2 minuty\" \/>\n<script type=\"application\/ld+json\" class=\"yoast-schema-graph\">{\"@context\":\"https:\/\/schema.org\",\"@graph\":[{\"@type\":\"WebPage\",\"@id\":\"https:\/\/www.marcelina-pracownia.com\/product\/zaproszenie-slubne-w-folderze-galaxy-granat-2\/\",\"url\":\"https:\/\/www.marcelina-pracownia.com\/product\/zaproszenie-slubne-w-folderze-galaxy-granat-2\/\",\"name\":\"Zaproszenie \u015blubne w folderze - Galaxy granatowe - Marcelina Pracownia - Zaproszenia \u015blubne Marcelina\",\"isPartOf\":{\"@id\":\"https:\/\/www.marcelina-pracownia.com\/#website\"},\"primaryImageOfPage\":{\"@id\":\"https:\/\/www.marcelina-pracownia.com\/product\/zaproszenie-slubne-w-folderze-galaxy-granat-2\/#primaryimage\"},\"image\":{\"@id\":\"https:\/\/www.marcelina-pracownia.com\/product\/zaproszenie-slubne-w-folderze-galaxy-granat-2\/#primaryimage\"},\"thumbnailUrl\":\"https:\/\/www.marcelina-pracownia.com\/wp-content\/uploads\/2022\/09\/7w8a4058.jpg\",\"datePublished\":\"2022-09-08T21:43:40+00:00\",\"dateModified\":\"2025-08-26T10:47:12+00:00\",\"breadcrumb\":{\"@id\":\"https:\/\/www.marcelina-pracownia.com\/product\/zaproszenie-slubne-w-folderze-galaxy-granat-2\/#breadcrumb\"},\"inLanguage\":\"cs\",\"potentialAction\":[{\"@type\":\"ReadAction\",\"target\":[\"https:\/\/www.marcelina-pracownia.com\/product\/zaproszenie-slubne-w-folderze-galaxy-granat-2\/\"]}]},{\"@type\":\"ImageObject\",\"inLanguage\":\"cs\",\"@id\":\"https:\/\/www.marcelina-pracownia.com\/product\/zaproszenie-slubne-w-folderze-galaxy-granat-2\/#primaryimage\",\"url\":\"https:\/\/www.marcelina-pracownia.com\/wp-content\/uploads\/2022\/09\/7w8a4058.jpg\",\"contentUrl\":\"https:\/\/www.marcelina-pracownia.com\/wp-content\/uploads\/2022\/09\/7w8a4058.jpg\",\"width\":1000,\"height\":1500},{\"@type\":\"BreadcrumbList\",\"@id\":\"https:\/\/www.marcelina-pracownia.com\/product\/zaproszenie-slubne-w-folderze-galaxy-granat-2\/#breadcrumb\",\"itemListElement\":[{\"@type\":\"ListItem\",\"position\":1,\"name\":\"Strona g\u0142\u00f3wna\",\"item\":\"https:\/\/www.marcelina-pracownia.com\/\"},{\"@type\":\"ListItem\",\"position\":2,\"name\":\"Shop\",\"item\":\"https:\/\/www.marcelina-pracownia.com\/shop-2\/\"},{\"@type\":\"ListItem\",\"position\":3,\"name\":\"Zaproszenie \u015blubne w folderze &#8211; Galaxy granatowe\"}]},{\"@type\":\"WebSite\",\"@id\":\"https:\/\/www.marcelina-pracownia.com\/#website\",\"url\":\"https:\/\/www.marcelina-pracownia.com\/\",\"name\":\"Marcelina Pracownia - Zaproszenia \u015blubne Marcelina\",\"description\":\"\",\"publisher\":{\"@id\":\"https:\/\/www.marcelina-pracownia.com\/#organization\"},\"potentialAction\":[{\"@type\":\"SearchAction\",\"target\":{\"@type\":\"EntryPoint\",\"urlTemplate\":\"https:\/\/www.marcelina-pracownia.com\/?s={search_term_string}\"},\"query-input\":{\"@type\":\"PropertyValueSpecification\",\"valueRequired\":true,\"valueName\":\"search_term_string\"}}],\"inLanguage\":\"cs\"},{\"@type\":\"Organization\",\"@id\":\"https:\/\/www.marcelina-pracownia.com\/#organization\",\"name\":\"Marcelina Pracownia - Zaproszenia \u015blubne Marcelina\",\"url\":\"https:\/\/www.marcelina-pracownia.com\/\",\"logo\":{\"@type\":\"ImageObject\",\"inLanguage\":\"cs\",\"@id\":\"https:\/\/www.marcelina-pracownia.com\/#\/schema\/logo\/image\/\",\"url\":\"\",\"contentUrl\":\"\",\"caption\":\"Marcelina Pracownia - Zaproszenia \u015blubne Marcelina\"},\"image\":{\"@id\":\"https:\/\/www.marcelina-pracownia.com\/#\/schema\/logo\/image\/\"},\"sameAs\":[\"https:\/\/www.facebook.com\/marcelinapracownia\"]}]}<\/script>\n<!-- \/ Yoast SEO plugin. -->","yoast_head_json":{"title":"Zaproszenie \u015blubne w folderze - Galaxy granatowe - Marcelina Pracownia - Zaproszenia \u015blubne Marcelina","robots":{"index":"index","follow":"follow","max-snippet":"max-snippet:-1","max-image-preview":"max-image-preview:large","max-video-preview":"max-video-preview:-1"},"canonical":"https:\/\/www.marcelina-pracownia.com\/cs\/product\/zaproszenie-slubne-w-folderze-galaxy-granat-2\/","og_locale":"cs_CZ","og_type":"article","og_title":"Zaproszenie \u015blubne w folderze - Galaxy granatowe - Marcelina Pracownia - Zaproszenia \u015blubne Marcelina","og_description":"Zaproszenie z motywem galaxy w wersji granatowej. Zaproszenie \u015blubne w folderze \u2013 Galaxy granatowe Eleganckie zaproszenie \u015blubne w odcieniach granatowego z motywem galaxy. To zaproszenie idealne dla par szukaj\u0105cych wyj\u0105tkowego, nowoczesnego i stylowego akcentu na swoim \u015blubie. Z pewno\u015bci\u0105 przyci\u0105gnie uwag\u0119 go\u015bci swoj\u0105 oryginalno\u015bci\u0105 i elegancj\u0105. Materia\u0142y premium Zaproszenie zosta\u0142o wykonane z papieru o gramaturze [&hellip;]","og_url":"https:\/\/www.marcelina-pracownia.com\/cs\/product\/zaproszenie-slubne-w-folderze-galaxy-granat-2\/","og_site_name":"Marcelina Pracownia - Zaproszenia \u015blubne Marcelina","article_publisher":"https:\/\/www.facebook.com\/marcelinapracownia","article_modified_time":"2025-08-26T10:47:12+00:00","og_image":[{"width":1000,"height":1500,"url":"https:\/\/www.marcelina-pracownia.com\/wp-content\/uploads\/2022\/09\/7w8a4058.jpg","type":"image\/jpeg"}],"twitter_card":"summary_large_image","twitter_misc":{"Odhadovan\u00e1 doba \u010dten\u00ed":"2 minuty"},"schema":{"@context":"https:\/\/schema.org","@graph":[{"@type":"WebPage","@id":"https:\/\/www.marcelina-pracownia.com\/product\/zaproszenie-slubne-w-folderze-galaxy-granat-2\/","url":"https:\/\/www.marcelina-pracownia.com\/product\/zaproszenie-slubne-w-folderze-galaxy-granat-2\/","name":"Zaproszenie \u015blubne w folderze - Galaxy granatowe - Marcelina Pracownia - Zaproszenia \u015blubne Marcelina","isPartOf":{"@id":"https:\/\/www.marcelina-pracownia.com\/#website"},"primaryImageOfPage":{"@id":"https:\/\/www.marcelina-pracownia.com\/product\/zaproszenie-slubne-w-folderze-galaxy-granat-2\/#primaryimage"},"image":{"@id":"https:\/\/www.marcelina-pracownia.com\/product\/zaproszenie-slubne-w-folderze-galaxy-granat-2\/#primaryimage"},"thumbnailUrl":"https:\/\/www.marcelina-pracownia.com\/wp-content\/uploads\/2022\/09\/7w8a4058.jpg","datePublished":"2022-09-08T21:43:40+00:00","dateModified":"2025-08-26T10:47:12+00:00","breadcrumb":{"@id":"https:\/\/www.marcelina-pracownia.com\/product\/zaproszenie-slubne-w-folderze-galaxy-granat-2\/#breadcrumb"},"inLanguage":"cs","potentialAction":[{"@type":"ReadAction","target":["https:\/\/www.marcelina-pracownia.com\/product\/zaproszenie-slubne-w-folderze-galaxy-granat-2\/"]}]},{"@type":"ImageObject","inLanguage":"cs","@id":"https:\/\/www.marcelina-pracownia.com\/product\/zaproszenie-slubne-w-folderze-galaxy-granat-2\/#primaryimage","url":"https:\/\/www.marcelina-pracownia.com\/wp-content\/uploads\/2022\/09\/7w8a4058.jpg","contentUrl":"https:\/\/www.marcelina-pracownia.com\/wp-content\/uploads\/2022\/09\/7w8a4058.jpg","width":1000,"height":1500},{"@type":"BreadcrumbList","@id":"https:\/\/www.marcelina-pracownia.com\/product\/zaproszenie-slubne-w-folderze-galaxy-granat-2\/#breadcrumb","itemListElement":[{"@type":"ListItem","position":1,"name":"Strona g\u0142\u00f3wna","item":"https:\/\/www.marcelina-pracownia.com\/"},{"@type":"ListItem","position":2,"name":"Shop","item":"https:\/\/www.marcelina-pracownia.com\/shop-2\/"},{"@type":"ListItem","position":3,"name":"Zaproszenie \u015blubne w folderze &#8211; Galaxy granatowe"}]},{"@type":"WebSite","@id":"https:\/\/www.marcelina-pracownia.com\/#website","url":"https:\/\/www.marcelina-pracownia.com\/","name":"Marcelina Pracownia - Zaproszenia \u015blubne Marcelina","description":"","publisher":{"@id":"https:\/\/www.marcelina-pracownia.com\/#organization"},"potentialAction":[{"@type":"SearchAction","target":{"@type":"EntryPoint","urlTemplate":"https:\/\/www.marcelina-pracownia.com\/?s={search_term_string}"},"query-input":{"@type":"PropertyValueSpecification","valueRequired":true,"valueName":"search_term_string"}}],"inLanguage":"cs"},{"@type":"Organization","@id":"https:\/\/www.marcelina-pracownia.com\/#organization","name":"Marcelina Pracownia - Zaproszenia \u015blubne Marcelina","url":"https:\/\/www.marcelina-pracownia.com\/","logo":{"@type":"ImageObject","inLanguage":"cs","@id":"https:\/\/www.marcelina-pracownia.com\/#\/schema\/logo\/image\/","url":"","contentUrl":"","caption":"Marcelina Pracownia - Zaproszenia \u015blubne Marcelina"},"image":{"@id":"https:\/\/www.marcelina-pracownia.com\/#\/schema\/logo\/image\/"},"sameAs":["https:\/\/www.facebook.com\/marcelinapracownia"]}]}},"_links":{"self":[{"href":"https:\/\/www.marcelina-pracownia.com\/cs\/wp-json\/wp\/v2\/product\/19944","targetHints":{"allow":["GET"]}}],"collection":[{"href":"https:\/\/www.marcelina-pracownia.com\/cs\/wp-json\/wp\/v2\/product"}],"about":[{"href":"https:\/\/www.marcelina-pracownia.com\/cs\/wp-json\/wp\/v2\/types\/product"}],"replies":[{"embeddable":true,"href":"https:\/\/www.marcelina-pracownia.com\/cs\/wp-json\/wp\/v2\/comments?post=19944"}],"wp:featuredmedia":[{"embeddable":true,"href":"https:\/\/www.marcelina-pracownia.com\/cs\/wp-json\/wp\/v2\/media\/21889"}],"wp:attachment":[{"href":"https:\/\/www.marcelina-pracownia.com\/cs\/wp-json\/wp\/v2\/media?parent=19944"}],"wp:term":[{"taxonomy":"product_brand","embeddable":true,"href":"https:\/\/www.marcelina-pracownia.com\/cs\/wp-json\/wp\/v2\/product_brand?post=19944"},{"taxonomy":"product_cat","embeddable":true,"href":"https:\/\/www.marcelina-pracownia.com\/cs\/wp-json\/wp\/v2\/product_cat?post=19944"},{"taxonomy":"product_tag","embeddable":true,"href":"https:\/\/www.marcelina-pracownia.com\/cs\/wp-json\/wp\/v2\/product_tag?post=19944"}],"curies":[{"name":"wp","href":"https:\/\/api.w.org\/{rel}","templated":true}]}}