



{"id":19575,"date":"2022-08-11T21:20:01","date_gmt":"2022-08-11T19:20:01","guid":{"rendered":"https:\/\/www.marcelina-pracownia.com\/?post_type=product&#038;p=19575"},"modified":"2025-01-18T21:07:58","modified_gmt":"2025-01-18T20:07:58","slug":"zaproszenie-na-slub-pudrowa-piwonia-glamour","status":"publish","type":"product","link":"https:\/\/www.marcelina-pracownia.com\/cs\/product\/zaproszenie-na-slub-pudrowa-piwonia-glamour\/","title":{"rendered":"Zaproszenie \u015blubne eleganckie w folderze &#8211; Pudrowa piwonia Glamour"},"content":{"rendered":"<h1 style=\"text-align: center;\">Zaproszenie z motywem pudrowej piwonii.<\/h1>\n<h5 style=\"text-align: center;\"><img decoding=\"async\" class=\"alignnone size-full wp-image-89\" src=\"https:\/\/www.marcelina-pracownia.com\/wp-content\/uploads\/2022\/04\/serce2.png\" alt=\"\" width=\"32\" height=\"26\" \/><\/h5>\n<p style=\"text-align: center;\"><strong>Zaproszenie \u015blubne eleganckie w folderze \u2013 Pudrowa piwonia Glamour<\/strong><\/p>\n<p style=\"text-align: center;\">Eleganckie zaproszenie \u015blubne, kt\u00f3re emanuje subteln\u0105 elegancj\u0105 i luksusowym stylem. Z motywem pudrowej piwonii, to propozycja dla par szukaj\u0105cych po\u0142\u0105czenia klasyki z nowoczesnym akcentem glamour.<\/p>\n<p style=\"text-align: center;\"><strong>Materia\u0142y premium<\/strong><br \/>\nZaproszenie wykonane na papierze o gramaturze 250 g, co zapewnia wyj\u0105tkow\u0105 trwa\u0142o\u015b\u0107 i estetyk\u0119. Ca\u0142kowita gramatura zaproszenia, dzi\u0119ki dodatkowemu podklejeniu, mo\u017ce wynosi\u0107 a\u017c 800 g, co sprawia, \u017ce zaproszenie jest niezwykle sztywne, trwa\u0142e i luksusowe w dotyku. Z\u0142ota ramka dodaje elegancji, podkre\u015blaj\u0105c wyj\u0105tkowy charakter zaproszenia.<\/p>\n<p style=\"text-align: center;\"><strong>Styl i motyw<\/strong><br \/>\nMotyw pudrowej piwonii doskonale wpisuje si\u0119 w styl glamour, a jej subtelne odcienie w po\u0142\u0105czeniu ze z\u0142otymi akcentami nadaj\u0105 zaproszeniu lekko\u015bci i elegancji. To idealny wyb\u00f3r dla par planuj\u0105cych wesele w stylu eleganckim, pe\u0142nym klasy i szyku.<\/p>\n<p style=\"text-align: center;\"><strong>Zestaw zawiera<\/strong><br \/>\nFolder zaproszenia z dopasowanym sznureczkiem, kt\u00f3ry nadaje ca\u0142o\u015bci elegancji.<br \/>\nMo\u017cliwo\u015b\u0107 dokupienia dodatkowych element\u00f3w, takich jak bileciki, koperty czy wk\u0142adki do kopert z graficznymi motywami, kt\u00f3re dope\u0142ni\u0105 ca\u0142o\u015b\u0107.<\/p>\n<p style=\"text-align: center;\"><strong>Personalizacja<\/strong><br \/>\nZaproszenie oferuje pe\u0142n\u0105 personalizacj\u0119 \u2013 wyb\u00f3r dowolnego tekstu, czcionki oraz uk\u0142adu zaproszenia. Istnieje r\u00f3wnie\u017c mo\u017cliwo\u015b\u0107 dodania z\u0142ocenia lub srebrzenia tre\u015bci, co sprawia, \u017ce zaproszenie staje si\u0119 jeszcze bardziej wyj\u0105tkowe.<\/p>\n<p style=\"text-align: center;\"><strong>Dlaczego warto wybra\u0107 to zaproszenie?<\/strong><br \/>\nTo zaproszenie idealnie \u0142\u0105czy subteln\u0105 elegancj\u0119 i luksusowy glamour, co czyni je doskona\u0142ym wyborem na wesele, kt\u00f3re ma by\u0107 pe\u0142ne klasy i szyku. Luksusowe wykonanie i mo\u017cliwo\u015b\u0107 pe\u0142nej personalizacji sprawiaj\u0105, \u017ce jest to zaproszenie, kt\u00f3re na pewno zrobi wra\u017cenie na go\u015bciach.<\/p>\n<p style=\"text-align: center;\"><strong>M\u00e1te n\u011bjak\u00e9 ot\u00e1zky?<\/strong><br \/>\nZapraszamy do kontaktu \u2013 ch\u0119tnie doradzimy i pomo\u017cemy w personalizacji zaproszenia, aby spe\u0142ni\u0142o Twoje oczekiwania.<\/p>","protected":false},"excerpt":{"rendered":"<p>Zaproszenie z motywem pudrowej piwonii. Zaproszenie \u015blubne eleganckie w folderze \u2013 Pudrowa piwonia Glamour Eleganckie zaproszenie \u015blubne, kt\u00f3re emanuje subteln\u0105 elegancj\u0105 i luksusowym stylem. Z motywem pudrowej piwonii, to propozycja dla par szukaj\u0105cych po\u0142\u0105czenia klasyki z nowoczesnym akcentem glamour. Materia\u0142y premium Zaproszenie wykonane na papierze o gramaturze 250 g, co zapewnia wyj\u0105tkow\u0105 trwa\u0142o\u015b\u0107 i estetyk\u0119. [&hellip;]<\/p>","protected":false},"featured_media":21619,"comment_status":"closed","ping_status":"closed","template":"","meta":{"inline_featured_image":false},"product_brand":[],"product_cat":[173,153,157,163,134],"product_tag":[],"class_list":{"0":"post-19575","1":"product","2":"type-product","3":"status-publish","4":"has-post-thumbnail","6":"product_cat-zaproszenia-slubne-w-folderze","7":"product_cat-glamour","8":"product_cat-kwiatowe","9":"product_cat-romantyczne","10":"product_cat-zaproszenia-slubne","12":"first","13":"instock","14":"shipping-taxable","15":"purchasable","16":"product-type-simple"},"yoast_head":"<!-- This site is optimized with the Yoast SEO plugin v24.5 - https:\/\/yoast.com\/wordpress\/plugins\/seo\/ -->\n<title>Zaproszenie \u015blubne eleganckie w folderze - Pudrowa piwonia Glamour - Marcelina Pracownia - Zaproszenia \u015blubne Marcelina<\/title>\n<meta name=\"robots\" content=\"index, follow, max-snippet:-1, max-image-preview:large, max-video-preview:-1\" \/>\n<link rel=\"canonical\" href=\"https:\/\/www.marcelina-pracownia.com\/cs\/product\/zaproszenie-na-slub-pudrowa-piwonia-glamour\/\" \/>\n<meta property=\"og:locale\" content=\"cs_CZ\" \/>\n<meta property=\"og:type\" content=\"article\" \/>\n<meta property=\"og:title\" content=\"Zaproszenie \u015blubne eleganckie w folderze - Pudrowa piwonia Glamour - Marcelina Pracownia - Zaproszenia \u015blubne Marcelina\" \/>\n<meta property=\"og:description\" content=\"Zaproszenie z motywem pudrowej piwonii. Zaproszenie \u015blubne eleganckie w folderze \u2013 Pudrowa piwonia Glamour Eleganckie zaproszenie \u015blubne, kt\u00f3re emanuje subteln\u0105 elegancj\u0105 i luksusowym stylem. Z motywem pudrowej piwonii, to propozycja dla par szukaj\u0105cych po\u0142\u0105czenia klasyki z nowoczesnym akcentem glamour. Materia\u0142y premium Zaproszenie wykonane na papierze o gramaturze 250 g, co zapewnia wyj\u0105tkow\u0105 trwa\u0142o\u015b\u0107 i estetyk\u0119. [&hellip;]\" \/>\n<meta property=\"og:url\" content=\"https:\/\/www.marcelina-pracownia.com\/cs\/product\/zaproszenie-na-slub-pudrowa-piwonia-glamour\/\" \/>\n<meta property=\"og:site_name\" content=\"Marcelina Pracownia - Zaproszenia \u015blubne Marcelina\" \/>\n<meta property=\"article:publisher\" content=\"https:\/\/www.facebook.com\/marcelinapracownia\" \/>\n<meta property=\"article:modified_time\" content=\"2025-01-18T20:07:58+00:00\" \/>\n<meta property=\"og:image\" content=\"https:\/\/www.marcelina-pracownia.com\/wp-content\/uploads\/2022\/09\/7w8a3828.jpg\" \/>\n\t<meta property=\"og:image:width\" content=\"1000\" \/>\n\t<meta property=\"og:image:height\" content=\"1500\" \/>\n\t<meta property=\"og:image:type\" content=\"image\/jpeg\" \/>\n<meta name=\"twitter:card\" content=\"summary_large_image\" \/>\n<meta name=\"twitter:label1\" content=\"Odhadovan\u00e1 doba \u010dten\u00ed\" \/>\n\t<meta name=\"twitter:data1\" content=\"2 minuty\" \/>\n<script type=\"application\/ld+json\" class=\"yoast-schema-graph\">{\"@context\":\"https:\/\/schema.org\",\"@graph\":[{\"@type\":\"WebPage\",\"@id\":\"https:\/\/www.marcelina-pracownia.com\/product\/zaproszenie-na-slub-pudrowa-piwonia-glamour\/\",\"url\":\"https:\/\/www.marcelina-pracownia.com\/product\/zaproszenie-na-slub-pudrowa-piwonia-glamour\/\",\"name\":\"Zaproszenie \u015blubne eleganckie w folderze - Pudrowa piwonia Glamour - Marcelina Pracownia - Zaproszenia \u015blubne Marcelina\",\"isPartOf\":{\"@id\":\"https:\/\/www.marcelina-pracownia.com\/#website\"},\"primaryImageOfPage\":{\"@id\":\"https:\/\/www.marcelina-pracownia.com\/product\/zaproszenie-na-slub-pudrowa-piwonia-glamour\/#primaryimage\"},\"image\":{\"@id\":\"https:\/\/www.marcelina-pracownia.com\/product\/zaproszenie-na-slub-pudrowa-piwonia-glamour\/#primaryimage\"},\"thumbnailUrl\":\"https:\/\/www.marcelina-pracownia.com\/wp-content\/uploads\/2022\/09\/7w8a3828.jpg\",\"datePublished\":\"2022-08-11T19:20:01+00:00\",\"dateModified\":\"2025-01-18T20:07:58+00:00\",\"breadcrumb\":{\"@id\":\"https:\/\/www.marcelina-pracownia.com\/product\/zaproszenie-na-slub-pudrowa-piwonia-glamour\/#breadcrumb\"},\"inLanguage\":\"cs\",\"potentialAction\":[{\"@type\":\"ReadAction\",\"target\":[\"https:\/\/www.marcelina-pracownia.com\/product\/zaproszenie-na-slub-pudrowa-piwonia-glamour\/\"]}]},{\"@type\":\"ImageObject\",\"inLanguage\":\"cs\",\"@id\":\"https:\/\/www.marcelina-pracownia.com\/product\/zaproszenie-na-slub-pudrowa-piwonia-glamour\/#primaryimage\",\"url\":\"https:\/\/www.marcelina-pracownia.com\/wp-content\/uploads\/2022\/09\/7w8a3828.jpg\",\"contentUrl\":\"https:\/\/www.marcelina-pracownia.com\/wp-content\/uploads\/2022\/09\/7w8a3828.jpg\",\"width\":1000,\"height\":1500},{\"@type\":\"BreadcrumbList\",\"@id\":\"https:\/\/www.marcelina-pracownia.com\/product\/zaproszenie-na-slub-pudrowa-piwonia-glamour\/#breadcrumb\",\"itemListElement\":[{\"@type\":\"ListItem\",\"position\":1,\"name\":\"Strona g\u0142\u00f3wna\",\"item\":\"https:\/\/www.marcelina-pracownia.com\/\"},{\"@type\":\"ListItem\",\"position\":2,\"name\":\"Shop\",\"item\":\"https:\/\/www.marcelina-pracownia.com\/shop-2\/\"},{\"@type\":\"ListItem\",\"position\":3,\"name\":\"Zaproszenie \u015blubne eleganckie w folderze &#8211; Pudrowa piwonia Glamour\"}]},{\"@type\":\"WebSite\",\"@id\":\"https:\/\/www.marcelina-pracownia.com\/#website\",\"url\":\"https:\/\/www.marcelina-pracownia.com\/\",\"name\":\"Marcelina Pracownia - Zaproszenia \u015blubne Marcelina\",\"description\":\"\",\"publisher\":{\"@id\":\"https:\/\/www.marcelina-pracownia.com\/#organization\"},\"potentialAction\":[{\"@type\":\"SearchAction\",\"target\":{\"@type\":\"EntryPoint\",\"urlTemplate\":\"https:\/\/www.marcelina-pracownia.com\/?s={search_term_string}\"},\"query-input\":{\"@type\":\"PropertyValueSpecification\",\"valueRequired\":true,\"valueName\":\"search_term_string\"}}],\"inLanguage\":\"cs\"},{\"@type\":\"Organization\",\"@id\":\"https:\/\/www.marcelina-pracownia.com\/#organization\",\"name\":\"Marcelina Pracownia - Zaproszenia \u015blubne Marcelina\",\"url\":\"https:\/\/www.marcelina-pracownia.com\/\",\"logo\":{\"@type\":\"ImageObject\",\"inLanguage\":\"cs\",\"@id\":\"https:\/\/www.marcelina-pracownia.com\/#\/schema\/logo\/image\/\",\"url\":\"\",\"contentUrl\":\"\",\"caption\":\"Marcelina Pracownia - Zaproszenia \u015blubne Marcelina\"},\"image\":{\"@id\":\"https:\/\/www.marcelina-pracownia.com\/#\/schema\/logo\/image\/\"},\"sameAs\":[\"https:\/\/www.facebook.com\/marcelinapracownia\"]}]}<\/script>\n<!-- \/ Yoast SEO plugin. -->","yoast_head_json":{"title":"Zaproszenie \u015blubne eleganckie w folderze - Pudrowa piwonia Glamour - Marcelina Pracownia - Zaproszenia \u015blubne Marcelina","robots":{"index":"index","follow":"follow","max-snippet":"max-snippet:-1","max-image-preview":"max-image-preview:large","max-video-preview":"max-video-preview:-1"},"canonical":"https:\/\/www.marcelina-pracownia.com\/cs\/product\/zaproszenie-na-slub-pudrowa-piwonia-glamour\/","og_locale":"cs_CZ","og_type":"article","og_title":"Zaproszenie \u015blubne eleganckie w folderze - Pudrowa piwonia Glamour - Marcelina Pracownia - Zaproszenia \u015blubne Marcelina","og_description":"Zaproszenie z motywem pudrowej piwonii. Zaproszenie \u015blubne eleganckie w folderze \u2013 Pudrowa piwonia Glamour Eleganckie zaproszenie \u015blubne, kt\u00f3re emanuje subteln\u0105 elegancj\u0105 i luksusowym stylem. Z motywem pudrowej piwonii, to propozycja dla par szukaj\u0105cych po\u0142\u0105czenia klasyki z nowoczesnym akcentem glamour. Materia\u0142y premium Zaproszenie wykonane na papierze o gramaturze 250 g, co zapewnia wyj\u0105tkow\u0105 trwa\u0142o\u015b\u0107 i estetyk\u0119. [&hellip;]","og_url":"https:\/\/www.marcelina-pracownia.com\/cs\/product\/zaproszenie-na-slub-pudrowa-piwonia-glamour\/","og_site_name":"Marcelina Pracownia - Zaproszenia \u015blubne Marcelina","article_publisher":"https:\/\/www.facebook.com\/marcelinapracownia","article_modified_time":"2025-01-18T20:07:58+00:00","og_image":[{"width":1000,"height":1500,"url":"https:\/\/www.marcelina-pracownia.com\/wp-content\/uploads\/2022\/09\/7w8a3828.jpg","type":"image\/jpeg"}],"twitter_card":"summary_large_image","twitter_misc":{"Odhadovan\u00e1 doba \u010dten\u00ed":"2 minuty"},"schema":{"@context":"https:\/\/schema.org","@graph":[{"@type":"WebPage","@id":"https:\/\/www.marcelina-pracownia.com\/product\/zaproszenie-na-slub-pudrowa-piwonia-glamour\/","url":"https:\/\/www.marcelina-pracownia.com\/product\/zaproszenie-na-slub-pudrowa-piwonia-glamour\/","name":"Zaproszenie \u015blubne eleganckie w folderze - Pudrowa piwonia Glamour - Marcelina Pracownia - Zaproszenia \u015blubne Marcelina","isPartOf":{"@id":"https:\/\/www.marcelina-pracownia.com\/#website"},"primaryImageOfPage":{"@id":"https:\/\/www.marcelina-pracownia.com\/product\/zaproszenie-na-slub-pudrowa-piwonia-glamour\/#primaryimage"},"image":{"@id":"https:\/\/www.marcelina-pracownia.com\/product\/zaproszenie-na-slub-pudrowa-piwonia-glamour\/#primaryimage"},"thumbnailUrl":"https:\/\/www.marcelina-pracownia.com\/wp-content\/uploads\/2022\/09\/7w8a3828.jpg","datePublished":"2022-08-11T19:20:01+00:00","dateModified":"2025-01-18T20:07:58+00:00","breadcrumb":{"@id":"https:\/\/www.marcelina-pracownia.com\/product\/zaproszenie-na-slub-pudrowa-piwonia-glamour\/#breadcrumb"},"inLanguage":"cs","potentialAction":[{"@type":"ReadAction","target":["https:\/\/www.marcelina-pracownia.com\/product\/zaproszenie-na-slub-pudrowa-piwonia-glamour\/"]}]},{"@type":"ImageObject","inLanguage":"cs","@id":"https:\/\/www.marcelina-pracownia.com\/product\/zaproszenie-na-slub-pudrowa-piwonia-glamour\/#primaryimage","url":"https:\/\/www.marcelina-pracownia.com\/wp-content\/uploads\/2022\/09\/7w8a3828.jpg","contentUrl":"https:\/\/www.marcelina-pracownia.com\/wp-content\/uploads\/2022\/09\/7w8a3828.jpg","width":1000,"height":1500},{"@type":"BreadcrumbList","@id":"https:\/\/www.marcelina-pracownia.com\/product\/zaproszenie-na-slub-pudrowa-piwonia-glamour\/#breadcrumb","itemListElement":[{"@type":"ListItem","position":1,"name":"Strona g\u0142\u00f3wna","item":"https:\/\/www.marcelina-pracownia.com\/"},{"@type":"ListItem","position":2,"name":"Shop","item":"https:\/\/www.marcelina-pracownia.com\/shop-2\/"},{"@type":"ListItem","position":3,"name":"Zaproszenie \u015blubne eleganckie w folderze &#8211; Pudrowa piwonia Glamour"}]},{"@type":"WebSite","@id":"https:\/\/www.marcelina-pracownia.com\/#website","url":"https:\/\/www.marcelina-pracownia.com\/","name":"Marcelina Pracownia - Zaproszenia \u015blubne Marcelina","description":"","publisher":{"@id":"https:\/\/www.marcelina-pracownia.com\/#organization"},"potentialAction":[{"@type":"SearchAction","target":{"@type":"EntryPoint","urlTemplate":"https:\/\/www.marcelina-pracownia.com\/?s={search_term_string}"},"query-input":{"@type":"PropertyValueSpecification","valueRequired":true,"valueName":"search_term_string"}}],"inLanguage":"cs"},{"@type":"Organization","@id":"https:\/\/www.marcelina-pracownia.com\/#organization","name":"Marcelina Pracownia - Zaproszenia \u015blubne Marcelina","url":"https:\/\/www.marcelina-pracownia.com\/","logo":{"@type":"ImageObject","inLanguage":"cs","@id":"https:\/\/www.marcelina-pracownia.com\/#\/schema\/logo\/image\/","url":"","contentUrl":"","caption":"Marcelina Pracownia - Zaproszenia \u015blubne Marcelina"},"image":{"@id":"https:\/\/www.marcelina-pracownia.com\/#\/schema\/logo\/image\/"},"sameAs":["https:\/\/www.facebook.com\/marcelinapracownia"]}]}},"_links":{"self":[{"href":"https:\/\/www.marcelina-pracownia.com\/cs\/wp-json\/wp\/v2\/product\/19575","targetHints":{"allow":["GET"]}}],"collection":[{"href":"https:\/\/www.marcelina-pracownia.com\/cs\/wp-json\/wp\/v2\/product"}],"about":[{"href":"https:\/\/www.marcelina-pracownia.com\/cs\/wp-json\/wp\/v2\/types\/product"}],"replies":[{"embeddable":true,"href":"https:\/\/www.marcelina-pracownia.com\/cs\/wp-json\/wp\/v2\/comments?post=19575"}],"wp:featuredmedia":[{"embeddable":true,"href":"https:\/\/www.marcelina-pracownia.com\/cs\/wp-json\/wp\/v2\/media\/21619"}],"wp:attachment":[{"href":"https:\/\/www.marcelina-pracownia.com\/cs\/wp-json\/wp\/v2\/media?parent=19575"}],"wp:term":[{"taxonomy":"product_brand","embeddable":true,"href":"https:\/\/www.marcelina-pracownia.com\/cs\/wp-json\/wp\/v2\/product_brand?post=19575"},{"taxonomy":"product_cat","embeddable":true,"href":"https:\/\/www.marcelina-pracownia.com\/cs\/wp-json\/wp\/v2\/product_cat?post=19575"},{"taxonomy":"product_tag","embeddable":true,"href":"https:\/\/www.marcelina-pracownia.com\/cs\/wp-json\/wp\/v2\/product_tag?post=19575"}],"curies":[{"name":"wp","href":"https:\/\/api.w.org\/{rel}","templated":true}]}}